{"id":13403,"date":"2021-01-31T17:16:07","date_gmt":"2021-01-31T14:16:07","guid":{"rendered":"http:\/\/www.artnivo.com\/baslik\/yukumuzu-alip-geldik\/"},"modified":"2023-08-31T18:18:50","modified_gmt":"2023-08-31T15:18:50","slug":"yukumuzu-alip-geldik","status":"publish","type":"product","link":"http:\/\/www.artnivo.com\/en\/title\/yukumuzu-alip-geldik\/","title":{"rendered":"Y\u00fck\u00fcm\u00fcz\u00fc al\u0131p geldik"},"content":{"rendered":"","protected":false},"excerpt":{"rendered":"<p>Monotip bask\u0131 ka\u011f\u0131t \u00fcst\u00fcne kolaj<br \/>\nsuluboya<\/p>\n<p>35 x 28 cm<\/p>\n<p>2020<\/p>\n<p>(\u00c7er\u00e7eveli)<\/p>\n","protected":false},"featured_media":17992,"template":"","meta":[],"etheme_brands":[{"term_id":917,"name":"El\u00e7in Poyraz","slug":"elcin-poyraz-en","term_group":0,"term_taxonomy_id":917,"taxonomy":"brand","description":"El\u00e7in Poyraz, Mimar Sinan G\u00fczel Sanatlar \u00dcniversitesi, Resim B\u00f6l\u00fcm\u00fc lisans program\u0131ndan ve Y\u0131ld\u0131z Teknik \u00dcniversitesi, Sanat ve Tasar\u0131m B\u00f6l\u00fcm\u00fc, Y\u00fcksek Lisans program\u0131ndan mezun olmu\u015ftur. \u0130stanbul \u00dcniversitesi, Sanat Tarihi B\u00f6l\u00fcm\u00fc\u2019nde doktora yapan sanat\u00e7\u0131, Be\u015fikta\u015f\u2019taki at\u00f6lyesinde resim \u00e7al\u0131\u015fmalar\u0131na devam etmektedir.","parent":878,"count":4,"filter":"raw"}],"product_cat":[701],"product_tag":[802],"class_list":{"0":"post-13403","1":"product","2":"type-product","3":"status-publish","4":"has-post-thumbnail","6":"brand-elcin-poyraz-en","7":"product_cat-paintings","8":"product_tag-elcin-poyraz-en","10":"first","11":"instock","12":"taxable","13":"shipping-taxable","14":"purchasable","15":"product-type-simple"},"acf":[],"yoast_head":"<!-- This site is optimized with the Yoast SEO plugin v23.4 - https:\/\/yoast.com\/wordpress\/plugins\/seo\/ -->\n<title>Y\u00fck\u00fcm\u00fcz\u00fc al\u0131p geldik | artnivo<\/title>\n<meta name=\"description\" content=\"\u00c7a\u011fda\u015f sanat ve tasar\u0131ma ula\u015fman\u0131n en kolay yolu artnivo.com \u00fczerinden Y\u00fck\u00fcm\u00fcz\u00fc al\u0131p geldik ba\u015fl\u0131kl\u0131 par\u00e7ay\u0131 hemen sat\u0131n alabilirsiniz.\" \/>\n<meta name=\"robots\" content=\"index, follow, max-snippet:-1, max-image-preview:large, max-video-preview:-1\" \/>\n<link rel=\"canonical\" href=\"http:\/\/www.artnivo.com\/en\/title\/yukumuzu-alip-geldik\/\" \/>\n<meta property=\"og:locale\" content=\"en_US\" \/>\n<meta property=\"og:type\" content=\"article\" \/>\n<meta property=\"og:title\" content=\"Y\u00fck\u00fcm\u00fcz\u00fc al\u0131p geldik | artnivo\" \/>\n<meta property=\"og:description\" content=\"\u00c7a\u011fda\u015f sanat ve tasar\u0131ma ula\u015fman\u0131n en kolay yolu artnivo.com \u00fczerinden Y\u00fck\u00fcm\u00fcz\u00fc al\u0131p geldik ba\u015fl\u0131kl\u0131 par\u00e7ay\u0131 hemen sat\u0131n alabilirsiniz.\" \/>\n<meta property=\"og:url\" content=\"http:\/\/www.artnivo.com\/en\/title\/yukumuzu-alip-geldik\/\" \/>\n<meta property=\"og:site_name\" content=\"artnivo\" \/>\n<meta property=\"article:publisher\" content=\"https:\/\/www.facebook.com\/artnivocom\" \/>\n<meta property=\"article:modified_time\" content=\"2023-08-31T15:18:50+00:00\" \/>\n<meta property=\"og:image\" content=\"http:\/\/www.artnivo.com\/wp-content\/uploads\/2021\/01\/Yuk_kare.jpg\" \/>\n\t<meta property=\"og:image:width\" content=\"2000\" \/>\n\t<meta property=\"og:image:height\" content=\"2000\" \/>\n\t<meta property=\"og:image:type\" content=\"image\/jpeg\" \/>\n<meta name=\"twitter:card\" content=\"summary_large_image\" \/>\n<meta name=\"twitter:site\" content=\"@artnivocom\" \/>\n<script type=\"application\/ld+json\" class=\"yoast-schema-graph\">{\"@context\":\"https:\/\/schema.org\",\"@graph\":[{\"@type\":\"WebPage\",\"@id\":\"http:\/\/www.artnivo.com\/en\/title\/yukumuzu-alip-geldik\/\",\"url\":\"http:\/\/www.artnivo.com\/en\/title\/yukumuzu-alip-geldik\/\",\"name\":\"Y\u00fck\u00fcm\u00fcz\u00fc al\u0131p geldik | artnivo\",\"isPartOf\":{\"@id\":\"http:\/\/www.artnivo.com\/#website\"},\"primaryImageOfPage\":{\"@id\":\"http:\/\/www.artnivo.com\/en\/title\/yukumuzu-alip-geldik\/#primaryimage\"},\"image\":{\"@id\":\"http:\/\/www.artnivo.com\/en\/title\/yukumuzu-alip-geldik\/#primaryimage\"},\"thumbnailUrl\":\"http:\/\/www.artnivo.com\/wp-content\/uploads\/2021\/01\/Yuk_kare.jpg\",\"datePublished\":\"2021-01-31T14:16:07+00:00\",\"dateModified\":\"2023-08-31T15:18:50+00:00\",\"description\":\"\u00c7a\u011fda\u015f sanat ve tasar\u0131ma ula\u015fman\u0131n en kolay yolu artnivo.com \u00fczerinden Y\u00fck\u00fcm\u00fcz\u00fc al\u0131p geldik ba\u015fl\u0131kl\u0131 par\u00e7ay\u0131 hemen sat\u0131n alabilirsiniz.\",\"breadcrumb\":{\"@id\":\"http:\/\/www.artnivo.com\/en\/title\/yukumuzu-alip-geldik\/#breadcrumb\"},\"inLanguage\":\"en-US\",\"potentialAction\":[{\"@type\":\"ReadAction\",\"target\":[\"http:\/\/www.artnivo.com\/en\/title\/yukumuzu-alip-geldik\/\"]}]},{\"@type\":\"ImageObject\",\"inLanguage\":\"en-US\",\"@id\":\"http:\/\/www.artnivo.com\/en\/title\/yukumuzu-alip-geldik\/#primaryimage\",\"url\":\"http:\/\/www.artnivo.com\/wp-content\/uploads\/2021\/01\/Yuk_kare.jpg\",\"contentUrl\":\"http:\/\/www.artnivo.com\/wp-content\/uploads\/2021\/01\/Yuk_kare.jpg\",\"width\":2000,\"height\":2000},{\"@type\":\"BreadcrumbList\",\"@id\":\"http:\/\/www.artnivo.com\/en\/title\/yukumuzu-alip-geldik\/#breadcrumb\",\"itemListElement\":[{\"@type\":\"ListItem\",\"position\":1,\"name\":\"Anasayfa\",\"item\":\"http:\/\/www.artnivo.com\/en\/\"},{\"@type\":\"ListItem\",\"position\":2,\"name\":\"Shop\",\"item\":\"http:\/\/www.artnivo.com\/en\/shop\/\"},{\"@type\":\"ListItem\",\"position\":3,\"name\":\"Y\u00fck\u00fcm\u00fcz\u00fc al\u0131p geldik\"}]},{\"@type\":\"WebSite\",\"@id\":\"http:\/\/www.artnivo.com\/#website\",\"url\":\"http:\/\/www.artnivo.com\/\",\"name\":\"artnivo\",\"description\":\"\",\"publisher\":{\"@id\":\"http:\/\/www.artnivo.com\/#organization\"},\"potentialAction\":[{\"@type\":\"SearchAction\",\"target\":{\"@type\":\"EntryPoint\",\"urlTemplate\":\"http:\/\/www.artnivo.com\/?s={search_term_string}\"},\"query-input\":{\"@type\":\"PropertyValueSpecification\",\"valueRequired\":true,\"valueName\":\"search_term_string\"}}],\"inLanguage\":\"en-US\"},{\"@type\":\"Organization\",\"@id\":\"http:\/\/www.artnivo.com\/#organization\",\"name\":\"artnivo\",\"url\":\"http:\/\/www.artnivo.com\/\",\"logo\":{\"@type\":\"ImageObject\",\"inLanguage\":\"en-US\",\"@id\":\"http:\/\/www.artnivo.com\/#\/schema\/logo\/image\/\",\"url\":\"http:\/\/www.artnivo.com\/wp-content\/uploads\/2021\/05\/artnivokare.jpg\",\"contentUrl\":\"http:\/\/www.artnivo.com\/wp-content\/uploads\/2021\/05\/artnivokare.jpg\",\"width\":750,\"height\":750,\"caption\":\"artnivo\"},\"image\":{\"@id\":\"http:\/\/www.artnivo.com\/#\/schema\/logo\/image\/\"},\"sameAs\":[\"https:\/\/www.facebook.com\/artnivocom\",\"https:\/\/x.com\/artnivocom\",\"http:\/\/instagram.com\/artnivocom\/\",\"https:\/\/www.pinterest.com\/artnivocom\/\",\"https:\/\/www.youtube.com\/channel\/UC__bxk2hs4IZ4NiD1Bg4J9w\"]}]}<\/script>\n<!-- \/ Yoast SEO plugin. -->","yoast_head_json":{"title":"Y\u00fck\u00fcm\u00fcz\u00fc al\u0131p geldik | artnivo","description":"\u00c7a\u011fda\u015f sanat ve tasar\u0131ma ula\u015fman\u0131n en kolay yolu artnivo.com \u00fczerinden Y\u00fck\u00fcm\u00fcz\u00fc al\u0131p geldik ba\u015fl\u0131kl\u0131 par\u00e7ay\u0131 hemen sat\u0131n alabilirsiniz.","robots":{"index":"index","follow":"follow","max-snippet":"max-snippet:-1","max-image-preview":"max-image-preview:large","max-video-preview":"max-video-preview:-1"},"canonical":"http:\/\/www.artnivo.com\/en\/title\/yukumuzu-alip-geldik\/","og_locale":"en_US","og_type":"article","og_title":"Y\u00fck\u00fcm\u00fcz\u00fc al\u0131p geldik | artnivo","og_description":"\u00c7a\u011fda\u015f sanat ve tasar\u0131ma ula\u015fman\u0131n en kolay yolu artnivo.com \u00fczerinden Y\u00fck\u00fcm\u00fcz\u00fc al\u0131p geldik ba\u015fl\u0131kl\u0131 par\u00e7ay\u0131 hemen sat\u0131n alabilirsiniz.","og_url":"http:\/\/www.artnivo.com\/en\/title\/yukumuzu-alip-geldik\/","og_site_name":"artnivo","article_publisher":"https:\/\/www.facebook.com\/artnivocom","article_modified_time":"2023-08-31T15:18:50+00:00","og_image":[{"width":2000,"height":2000,"url":"http:\/\/www.artnivo.com\/wp-content\/uploads\/2021\/01\/Yuk_kare.jpg","type":"image\/jpeg"}],"twitter_card":"summary_large_image","twitter_site":"@artnivocom","schema":{"@context":"https:\/\/schema.org","@graph":[{"@type":"WebPage","@id":"http:\/\/www.artnivo.com\/en\/title\/yukumuzu-alip-geldik\/","url":"http:\/\/www.artnivo.com\/en\/title\/yukumuzu-alip-geldik\/","name":"Y\u00fck\u00fcm\u00fcz\u00fc al\u0131p geldik | artnivo","isPartOf":{"@id":"http:\/\/www.artnivo.com\/#website"},"primaryImageOfPage":{"@id":"http:\/\/www.artnivo.com\/en\/title\/yukumuzu-alip-geldik\/#primaryimage"},"image":{"@id":"http:\/\/www.artnivo.com\/en\/title\/yukumuzu-alip-geldik\/#primaryimage"},"thumbnailUrl":"http:\/\/www.artnivo.com\/wp-content\/uploads\/2021\/01\/Yuk_kare.jpg","datePublished":"2021-01-31T14:16:07+00:00","dateModified":"2023-08-31T15:18:50+00:00","description":"\u00c7a\u011fda\u015f sanat ve tasar\u0131ma ula\u015fman\u0131n en kolay yolu artnivo.com \u00fczerinden Y\u00fck\u00fcm\u00fcz\u00fc al\u0131p geldik ba\u015fl\u0131kl\u0131 par\u00e7ay\u0131 hemen sat\u0131n alabilirsiniz.","breadcrumb":{"@id":"http:\/\/www.artnivo.com\/en\/title\/yukumuzu-alip-geldik\/#breadcrumb"},"inLanguage":"en-US","potentialAction":[{"@type":"ReadAction","target":["http:\/\/www.artnivo.com\/en\/title\/yukumuzu-alip-geldik\/"]}]},{"@type":"ImageObject","inLanguage":"en-US","@id":"http:\/\/www.artnivo.com\/en\/title\/yukumuzu-alip-geldik\/#primaryimage","url":"http:\/\/www.artnivo.com\/wp-content\/uploads\/2021\/01\/Yuk_kare.jpg","contentUrl":"http:\/\/www.artnivo.com\/wp-content\/uploads\/2021\/01\/Yuk_kare.jpg","width":2000,"height":2000},{"@type":"BreadcrumbList","@id":"http:\/\/www.artnivo.com\/en\/title\/yukumuzu-alip-geldik\/#breadcrumb","itemListElement":[{"@type":"ListItem","position":1,"name":"Anasayfa","item":"http:\/\/www.artnivo.com\/en\/"},{"@type":"ListItem","position":2,"name":"Shop","item":"http:\/\/www.artnivo.com\/en\/shop\/"},{"@type":"ListItem","position":3,"name":"Y\u00fck\u00fcm\u00fcz\u00fc al\u0131p geldik"}]},{"@type":"WebSite","@id":"http:\/\/www.artnivo.com\/#website","url":"http:\/\/www.artnivo.com\/","name":"artnivo","description":"","publisher":{"@id":"http:\/\/www.artnivo.com\/#organization"},"potentialAction":[{"@type":"SearchAction","target":{"@type":"EntryPoint","urlTemplate":"http:\/\/www.artnivo.com\/?s={search_term_string}"},"query-input":{"@type":"PropertyValueSpecification","valueRequired":true,"valueName":"search_term_string"}}],"inLanguage":"en-US"},{"@type":"Organization","@id":"http:\/\/www.artnivo.com\/#organization","name":"artnivo","url":"http:\/\/www.artnivo.com\/","logo":{"@type":"ImageObject","inLanguage":"en-US","@id":"http:\/\/www.artnivo.com\/#\/schema\/logo\/image\/","url":"http:\/\/www.artnivo.com\/wp-content\/uploads\/2021\/05\/artnivokare.jpg","contentUrl":"http:\/\/www.artnivo.com\/wp-content\/uploads\/2021\/05\/artnivokare.jpg","width":750,"height":750,"caption":"artnivo"},"image":{"@id":"http:\/\/www.artnivo.com\/#\/schema\/logo\/image\/"},"sameAs":["https:\/\/www.facebook.com\/artnivocom","https:\/\/x.com\/artnivocom","http:\/\/instagram.com\/artnivocom\/","https:\/\/www.pinterest.com\/artnivocom\/","https:\/\/www.youtube.com\/channel\/UC__bxk2hs4IZ4NiD1Bg4J9w"]}]}},"_links":{"self":[{"href":"http:\/\/www.artnivo.com\/en\/wp-json\/wp\/v2\/product\/13403","targetHints":{"allow":["GET"]}}],"collection":[{"href":"http:\/\/www.artnivo.com\/en\/wp-json\/wp\/v2\/product"}],"about":[{"href":"http:\/\/www.artnivo.com\/en\/wp-json\/wp\/v2\/types\/product"}],"wp:featuredmedia":[{"embeddable":true,"href":"http:\/\/www.artnivo.com\/en\/wp-json\/wp\/v2\/media\/17992"}],"wp:attachment":[{"href":"http:\/\/www.artnivo.com\/en\/wp-json\/wp\/v2\/media?parent=13403"}],"wp:term":[{"taxonomy":"brand","embeddable":true,"href":"http:\/\/www.artnivo.com\/en\/wp-json\/wp\/v2\/etheme_brands?post=13403"},{"taxonomy":"product_cat","embeddable":true,"href":"http:\/\/www.artnivo.com\/en\/wp-json\/wp\/v2\/product_cat?post=13403"},{"taxonomy":"product_tag","embeddable":true,"href":"http:\/\/www.artnivo.com\/en\/wp-json\/wp\/v2\/product_tag?post=13403"}],"curies":[{"name":"wp","href":"https:\/\/api.w.org\/{rel}","templated":true}]}}