{"id":13413,"date":"2021-01-31T17:15:52","date_gmt":"2021-01-31T14:15:52","guid":{"rendered":"http:\/\/www.artnivo.com\/baslik\/cenkhan-sinekli-balkonda-yalniz-yatar-no-1\/"},"modified":"2023-11-10T15:24:43","modified_gmt":"2023-11-10T12:24:43","slug":"cenkhan-sinekli-balkonda-yalniz-yatar-no-1","status":"publish","type":"product","link":"http:\/\/www.artnivo.com\/en\/title\/cenkhan-sinekli-balkonda-yalniz-yatar-no-1\/","title":{"rendered":"Cenkhan Sinekli Balkonda Yaln\u0131z Yatar No.1"},"content":{"rendered":"","protected":false},"excerpt":{"rendered":"<p>2020<br \/> Kag\u0306\u0131t u\u0308zerine mu\u0308rekkep ve yag\u0306l\u0131boya<br \/> 20<br \/>5 x 14 cm<\/p>\n","protected":false},"featured_media":10916,"template":"","meta":[],"etheme_brands":[{"term_id":903,"name":"Cenkhan Aksoy","slug":"cenkhan-aksoy-en","term_group":0,"term_taxonomy_id":903,"taxonomy":"brand","description":"\"\u00c7al\u0131\u015fmalar\u0131m\u0131n pratik temellerini olu\u015fturan zaman kavram\u0131, birbirinden farkl\u0131 medyumlar\u0131 bir arada kullanarak olu\u015fturdu\u011fum mek\u00e2nsalla\u015ft\u0131r\u0131lm\u0131\u015f soyutlamalar olarak ortaya \u00e7\u0131k\u0131yor.Toplumsal ve bireysel olarak tecr\u00fcbe edilen s\u00fcre\u00e7ler, da\u011f\u0131lm\u0131\u015f par\u00e7alar halinde haf\u0131zam\u0131n ve zihnimin temsiliyetini aktarmay\u0131 ama\u00e7l\u0131yor. Renklerin olu\u015fturdu\u011fu \u00e7a\u011fr\u0131\u015f\u0131mlar ve belle\u011fin tan\u0131k oldu\u011fu ger\u00e7eklik ve unutma aras\u0131ndaki ba\u011f ile zaman\u0131 durdurmay\u0131 ve\/veya sonsuzla\u015ft\u0131rmay\u0131 deniyorum.\r\n\u00c7o\u011fu zaman yerel ve k\u00fcresel ekonomi, siyaset, k\u00fclt\u00fcr, ileti\u015fim, farkl\u0131 medya platformlar\u0131, y\u00f6netimsel sorunlar ve \u00e7\u00f6z\u00fcm odakl\u0131 sistemler, teknolojiler veyahut bilimsel dinamiklerin standart ak\u0131\u015f hareketlerinden etkileniyor; sonras\u0131nda t\u00fcm bunlar\u0131n zihnimin karanl\u0131k taraf\u0131nda olu\u015fturduklar\u0131 yans\u0131malar\u0131 renk, \u00e7izim ve lekeler gibi kal\u0131nt\u0131larla b\u00fct\u00fcnle\u015ftiriyorum. Bu s\u00fcre\u00e7 renk ve formlarda bir yandan belirsizli\u011fe do\u011fru ilerlerken di\u011fer bir yandan da konvansiyonel \u00e7\u0131kt\u0131lara d\u00f6n\u00fc\u015f\u00fcyor.\"","parent":878,"count":15,"filter":"raw"}],"product_cat":[701],"product_tag":[791],"class_list":{"0":"post-13413","1":"product","2":"type-product","3":"status-publish","4":"has-post-thumbnail","6":"brand-cenkhan-aksoy-en","7":"product_cat-paintings","8":"product_tag-cenkhan-aksoy-en","10":"first","11":"instock","12":"taxable","13":"shipping-taxable","14":"purchasable","15":"product-type-simple"},"acf":[],"yoast_head":"<!-- This site is optimized with the Yoast SEO plugin v23.4 - https:\/\/yoast.com\/wordpress\/plugins\/seo\/ -->\n<title>Cenkhan Sinekli Balkonda Yaln\u0131z Yatar No.1 | artnivo<\/title>\n<meta name=\"description\" content=\"\u00c7a\u011fda\u015f sanat ve tasar\u0131ma ula\u015fman\u0131n en kolay yolu artnivo.com \u00fczerinden Cenkhan Sinekli Balkonda Yaln\u0131z Yatar No.1 ba\u015fl\u0131kl\u0131 par\u00e7ay\u0131 hemen sat\u0131n alabilirsiniz.\" \/>\n<meta name=\"robots\" content=\"index, follow, max-snippet:-1, max-image-preview:large, max-video-preview:-1\" \/>\n<link rel=\"canonical\" href=\"http:\/\/www.artnivo.com\/en\/title\/cenkhan-sinekli-balkonda-yalniz-yatar-no-1\/\" \/>\n<meta property=\"og:locale\" content=\"en_US\" \/>\n<meta property=\"og:type\" content=\"article\" \/>\n<meta property=\"og:title\" content=\"Cenkhan Sinekli Balkonda Yaln\u0131z Yatar No.1 | artnivo\" \/>\n<meta property=\"og:description\" content=\"\u00c7a\u011fda\u015f sanat ve tasar\u0131ma ula\u015fman\u0131n en kolay yolu artnivo.com \u00fczerinden Cenkhan Sinekli Balkonda Yaln\u0131z Yatar No.1 ba\u015fl\u0131kl\u0131 par\u00e7ay\u0131 hemen sat\u0131n alabilirsiniz.\" \/>\n<meta property=\"og:url\" content=\"http:\/\/www.artnivo.com\/en\/title\/cenkhan-sinekli-balkonda-yalniz-yatar-no-1\/\" \/>\n<meta property=\"og:site_name\" content=\"artnivo\" \/>\n<meta property=\"article:publisher\" content=\"https:\/\/www.facebook.com\/artnivocom\" \/>\n<meta property=\"article:modified_time\" content=\"2023-11-10T12:24:43+00:00\" \/>\n<meta property=\"og:image\" content=\"http:\/\/www.artnivo.com\/wp-content\/uploads\/2021\/01\/CA61701.jpg\" \/>\n\t<meta property=\"og:image:width\" content=\"850\" \/>\n\t<meta property=\"og:image:height\" content=\"850\" \/>\n\t<meta property=\"og:image:type\" content=\"image\/jpeg\" \/>\n<meta name=\"twitter:card\" content=\"summary_large_image\" \/>\n<meta name=\"twitter:site\" content=\"@artnivocom\" \/>\n<script type=\"application\/ld+json\" class=\"yoast-schema-graph\">{\"@context\":\"https:\/\/schema.org\",\"@graph\":[{\"@type\":\"WebPage\",\"@id\":\"http:\/\/www.artnivo.com\/en\/title\/cenkhan-sinekli-balkonda-yalniz-yatar-no-1\/\",\"url\":\"http:\/\/www.artnivo.com\/en\/title\/cenkhan-sinekli-balkonda-yalniz-yatar-no-1\/\",\"name\":\"Cenkhan Sinekli Balkonda Yaln\u0131z Yatar No.1 | artnivo\",\"isPartOf\":{\"@id\":\"http:\/\/www.artnivo.com\/#website\"},\"primaryImageOfPage\":{\"@id\":\"http:\/\/www.artnivo.com\/en\/title\/cenkhan-sinekli-balkonda-yalniz-yatar-no-1\/#primaryimage\"},\"image\":{\"@id\":\"http:\/\/www.artnivo.com\/en\/title\/cenkhan-sinekli-balkonda-yalniz-yatar-no-1\/#primaryimage\"},\"thumbnailUrl\":\"http:\/\/www.artnivo.com\/wp-content\/uploads\/2021\/01\/CA61701.jpg\",\"datePublished\":\"2021-01-31T14:15:52+00:00\",\"dateModified\":\"2023-11-10T12:24:43+00:00\",\"description\":\"\u00c7a\u011fda\u015f sanat ve tasar\u0131ma ula\u015fman\u0131n en kolay yolu artnivo.com \u00fczerinden Cenkhan Sinekli Balkonda Yaln\u0131z Yatar No.1 ba\u015fl\u0131kl\u0131 par\u00e7ay\u0131 hemen sat\u0131n alabilirsiniz.\",\"breadcrumb\":{\"@id\":\"http:\/\/www.artnivo.com\/en\/title\/cenkhan-sinekli-balkonda-yalniz-yatar-no-1\/#breadcrumb\"},\"inLanguage\":\"en-US\",\"potentialAction\":[{\"@type\":\"ReadAction\",\"target\":[\"http:\/\/www.artnivo.com\/en\/title\/cenkhan-sinekli-balkonda-yalniz-yatar-no-1\/\"]}]},{\"@type\":\"ImageObject\",\"inLanguage\":\"en-US\",\"@id\":\"http:\/\/www.artnivo.com\/en\/title\/cenkhan-sinekli-balkonda-yalniz-yatar-no-1\/#primaryimage\",\"url\":\"http:\/\/www.artnivo.com\/wp-content\/uploads\/2021\/01\/CA61701.jpg\",\"contentUrl\":\"http:\/\/www.artnivo.com\/wp-content\/uploads\/2021\/01\/CA61701.jpg\",\"width\":850,\"height\":850},{\"@type\":\"BreadcrumbList\",\"@id\":\"http:\/\/www.artnivo.com\/en\/title\/cenkhan-sinekli-balkonda-yalniz-yatar-no-1\/#breadcrumb\",\"itemListElement\":[{\"@type\":\"ListItem\",\"position\":1,\"name\":\"Anasayfa\",\"item\":\"http:\/\/www.artnivo.com\/en\/\"},{\"@type\":\"ListItem\",\"position\":2,\"name\":\"Shop\",\"item\":\"http:\/\/www.artnivo.com\/en\/shop\/\"},{\"@type\":\"ListItem\",\"position\":3,\"name\":\"Cenkhan Sinekli Balkonda Yaln\u0131z Yatar No.1\"}]},{\"@type\":\"WebSite\",\"@id\":\"http:\/\/www.artnivo.com\/#website\",\"url\":\"http:\/\/www.artnivo.com\/\",\"name\":\"artnivo\",\"description\":\"\",\"publisher\":{\"@id\":\"http:\/\/www.artnivo.com\/#organization\"},\"potentialAction\":[{\"@type\":\"SearchAction\",\"target\":{\"@type\":\"EntryPoint\",\"urlTemplate\":\"http:\/\/www.artnivo.com\/?s={search_term_string}\"},\"query-input\":{\"@type\":\"PropertyValueSpecification\",\"valueRequired\":true,\"valueName\":\"search_term_string\"}}],\"inLanguage\":\"en-US\"},{\"@type\":\"Organization\",\"@id\":\"http:\/\/www.artnivo.com\/#organization\",\"name\":\"artnivo\",\"url\":\"http:\/\/www.artnivo.com\/\",\"logo\":{\"@type\":\"ImageObject\",\"inLanguage\":\"en-US\",\"@id\":\"http:\/\/www.artnivo.com\/#\/schema\/logo\/image\/\",\"url\":\"http:\/\/www.artnivo.com\/wp-content\/uploads\/2021\/05\/artnivokare.jpg\",\"contentUrl\":\"http:\/\/www.artnivo.com\/wp-content\/uploads\/2021\/05\/artnivokare.jpg\",\"width\":750,\"height\":750,\"caption\":\"artnivo\"},\"image\":{\"@id\":\"http:\/\/www.artnivo.com\/#\/schema\/logo\/image\/\"},\"sameAs\":[\"https:\/\/www.facebook.com\/artnivocom\",\"https:\/\/x.com\/artnivocom\",\"http:\/\/instagram.com\/artnivocom\/\",\"https:\/\/www.pinterest.com\/artnivocom\/\",\"https:\/\/www.youtube.com\/channel\/UC__bxk2hs4IZ4NiD1Bg4J9w\"]}]}<\/script>\n<!-- \/ Yoast SEO plugin. -->","yoast_head_json":{"title":"Cenkhan Sinekli Balkonda Yaln\u0131z Yatar No.1 | artnivo","description":"\u00c7a\u011fda\u015f sanat ve tasar\u0131ma ula\u015fman\u0131n en kolay yolu artnivo.com \u00fczerinden Cenkhan Sinekli Balkonda Yaln\u0131z Yatar No.1 ba\u015fl\u0131kl\u0131 par\u00e7ay\u0131 hemen sat\u0131n alabilirsiniz.","robots":{"index":"index","follow":"follow","max-snippet":"max-snippet:-1","max-image-preview":"max-image-preview:large","max-video-preview":"max-video-preview:-1"},"canonical":"http:\/\/www.artnivo.com\/en\/title\/cenkhan-sinekli-balkonda-yalniz-yatar-no-1\/","og_locale":"en_US","og_type":"article","og_title":"Cenkhan Sinekli Balkonda Yaln\u0131z Yatar No.1 | artnivo","og_description":"\u00c7a\u011fda\u015f sanat ve tasar\u0131ma ula\u015fman\u0131n en kolay yolu artnivo.com \u00fczerinden Cenkhan Sinekli Balkonda Yaln\u0131z Yatar No.1 ba\u015fl\u0131kl\u0131 par\u00e7ay\u0131 hemen sat\u0131n alabilirsiniz.","og_url":"http:\/\/www.artnivo.com\/en\/title\/cenkhan-sinekli-balkonda-yalniz-yatar-no-1\/","og_site_name":"artnivo","article_publisher":"https:\/\/www.facebook.com\/artnivocom","article_modified_time":"2023-11-10T12:24:43+00:00","og_image":[{"width":850,"height":850,"url":"http:\/\/www.artnivo.com\/wp-content\/uploads\/2021\/01\/CA61701.jpg","type":"image\/jpeg"}],"twitter_card":"summary_large_image","twitter_site":"@artnivocom","schema":{"@context":"https:\/\/schema.org","@graph":[{"@type":"WebPage","@id":"http:\/\/www.artnivo.com\/en\/title\/cenkhan-sinekli-balkonda-yalniz-yatar-no-1\/","url":"http:\/\/www.artnivo.com\/en\/title\/cenkhan-sinekli-balkonda-yalniz-yatar-no-1\/","name":"Cenkhan Sinekli Balkonda Yaln\u0131z Yatar No.1 | artnivo","isPartOf":{"@id":"http:\/\/www.artnivo.com\/#website"},"primaryImageOfPage":{"@id":"http:\/\/www.artnivo.com\/en\/title\/cenkhan-sinekli-balkonda-yalniz-yatar-no-1\/#primaryimage"},"image":{"@id":"http:\/\/www.artnivo.com\/en\/title\/cenkhan-sinekli-balkonda-yalniz-yatar-no-1\/#primaryimage"},"thumbnailUrl":"http:\/\/www.artnivo.com\/wp-content\/uploads\/2021\/01\/CA61701.jpg","datePublished":"2021-01-31T14:15:52+00:00","dateModified":"2023-11-10T12:24:43+00:00","description":"\u00c7a\u011fda\u015f sanat ve tasar\u0131ma ula\u015fman\u0131n en kolay yolu artnivo.com \u00fczerinden Cenkhan Sinekli Balkonda Yaln\u0131z Yatar No.1 ba\u015fl\u0131kl\u0131 par\u00e7ay\u0131 hemen sat\u0131n alabilirsiniz.","breadcrumb":{"@id":"http:\/\/www.artnivo.com\/en\/title\/cenkhan-sinekli-balkonda-yalniz-yatar-no-1\/#breadcrumb"},"inLanguage":"en-US","potentialAction":[{"@type":"ReadAction","target":["http:\/\/www.artnivo.com\/en\/title\/cenkhan-sinekli-balkonda-yalniz-yatar-no-1\/"]}]},{"@type":"ImageObject","inLanguage":"en-US","@id":"http:\/\/www.artnivo.com\/en\/title\/cenkhan-sinekli-balkonda-yalniz-yatar-no-1\/#primaryimage","url":"http:\/\/www.artnivo.com\/wp-content\/uploads\/2021\/01\/CA61701.jpg","contentUrl":"http:\/\/www.artnivo.com\/wp-content\/uploads\/2021\/01\/CA61701.jpg","width":850,"height":850},{"@type":"BreadcrumbList","@id":"http:\/\/www.artnivo.com\/en\/title\/cenkhan-sinekli-balkonda-yalniz-yatar-no-1\/#breadcrumb","itemListElement":[{"@type":"ListItem","position":1,"name":"Anasayfa","item":"http:\/\/www.artnivo.com\/en\/"},{"@type":"ListItem","position":2,"name":"Shop","item":"http:\/\/www.artnivo.com\/en\/shop\/"},{"@type":"ListItem","position":3,"name":"Cenkhan Sinekli Balkonda Yaln\u0131z Yatar No.1"}]},{"@type":"WebSite","@id":"http:\/\/www.artnivo.com\/#website","url":"http:\/\/www.artnivo.com\/","name":"artnivo","description":"","publisher":{"@id":"http:\/\/www.artnivo.com\/#organization"},"potentialAction":[{"@type":"SearchAction","target":{"@type":"EntryPoint","urlTemplate":"http:\/\/www.artnivo.com\/?s={search_term_string}"},"query-input":{"@type":"PropertyValueSpecification","valueRequired":true,"valueName":"search_term_string"}}],"inLanguage":"en-US"},{"@type":"Organization","@id":"http:\/\/www.artnivo.com\/#organization","name":"artnivo","url":"http:\/\/www.artnivo.com\/","logo":{"@type":"ImageObject","inLanguage":"en-US","@id":"http:\/\/www.artnivo.com\/#\/schema\/logo\/image\/","url":"http:\/\/www.artnivo.com\/wp-content\/uploads\/2021\/05\/artnivokare.jpg","contentUrl":"http:\/\/www.artnivo.com\/wp-content\/uploads\/2021\/05\/artnivokare.jpg","width":750,"height":750,"caption":"artnivo"},"image":{"@id":"http:\/\/www.artnivo.com\/#\/schema\/logo\/image\/"},"sameAs":["https:\/\/www.facebook.com\/artnivocom","https:\/\/x.com\/artnivocom","http:\/\/instagram.com\/artnivocom\/","https:\/\/www.pinterest.com\/artnivocom\/","https:\/\/www.youtube.com\/channel\/UC__bxk2hs4IZ4NiD1Bg4J9w"]}]}},"_links":{"self":[{"href":"http:\/\/www.artnivo.com\/en\/wp-json\/wp\/v2\/product\/13413","targetHints":{"allow":["GET"]}}],"collection":[{"href":"http:\/\/www.artnivo.com\/en\/wp-json\/wp\/v2\/product"}],"about":[{"href":"http:\/\/www.artnivo.com\/en\/wp-json\/wp\/v2\/types\/product"}],"wp:featuredmedia":[{"embeddable":true,"href":"http:\/\/www.artnivo.com\/en\/wp-json\/wp\/v2\/media\/10916"}],"wp:attachment":[{"href":"http:\/\/www.artnivo.com\/en\/wp-json\/wp\/v2\/media?parent=13413"}],"wp:term":[{"taxonomy":"brand","embeddable":true,"href":"http:\/\/www.artnivo.com\/en\/wp-json\/wp\/v2\/etheme_brands?post=13413"},{"taxonomy":"product_cat","embeddable":true,"href":"http:\/\/www.artnivo.com\/en\/wp-json\/wp\/v2\/product_cat?post=13413"},{"taxonomy":"product_tag","embeddable":true,"href":"http:\/\/www.artnivo.com\/en\/wp-json\/wp\/v2\/product_tag?post=13413"}],"curies":[{"name":"wp","href":"https:\/\/api.w.org\/{rel}","templated":true}]}}