{"id":13607,"date":"2021-01-31T15:43:41","date_gmt":"2021-01-31T12:43:41","guid":{"rendered":"http:\/\/www.artnivo.com\/baslik\/altin-tohum-disil-unsurlari-yuceltme-cabasi\/"},"modified":"2021-09-07T09:51:25","modified_gmt":"2021-09-07T06:51:25","slug":"altin-tohum-disil-unsurlari-yuceltme-cabasi","status":"publish","type":"product","link":"http:\/\/www.artnivo.com\/en\/title\/altin-tohum-disil-unsurlari-yuceltme-cabasi\/","title":{"rendered":"Alt\u0131n Tohum &#8211; Di\u015fil Unsurlar\u0131 Y\u00fcceltme \u00c7abas\u0131"},"content":{"rendered":"","protected":false},"excerpt":{"rendered":"<p>2015<\/p>\n<p>Pearl placement on tripe, photo-block printing<\/p>\n<p>40 x 30 cm<\/p>\n","protected":false},"featured_media":10678,"template":"","meta":[],"etheme_brands":[{"term_id":965,"name":"\u0130dil Mirata Tokdemir","slug":"idil-mirata-tokdemir-en","term_group":0,"term_taxonomy_id":965,"taxonomy":"brand","description":"1960 y\u0131l\u0131nda K\u0131br\u0131s\u2019\u0131n Lefko\u015fa kentinde, ortodontist di\u015fhekimi baba ve moda tasar\u0131mc\u0131 annenin ilk \u00e7ocuklar\u0131 olarak d\u00fcnyaya geldi. \u0130lk, orta ve lise e\u011fitimini Lefko\u015fa\u2019da \u0130ngiliz sistemi e\u011fitim alarak tamamlad\u0131ktan sonra, 1977 y\u0131l\u0131nda \u0130ngiltere\u2019ye gitti. Londra\u2019da, London College of Furniture y\u00fcksek okulunda i\u00e7 mimari \u00f6\u011frenimi g\u00f6rd\u00fc. 1981 y\u0131l\u0131nda mezun olarak K\u0131br\u0131s\u2019a geri d\u00f6nd\u00fc. K\u0131sa bir s\u00fcre i\u00e7 mimar olarak pratik yapt\u0131. 1983 y\u0131l\u0131nda bir TC diplomat\u0131yla evlendi. E\u015finin mesle\u011fi gere\u011fi 4 y\u0131l T\u00fcrkiye, 2 y\u0131l K\u0131br\u0131s, 3 y\u0131l Almanya, 4 y\u0131l Portekiz ve 4 y\u0131l \u0130srail\u2019de ya\u015fad\u0131. Ya\u015fam\u0131\u015f oldu\u011fu \u00fclkelerin geleneksel ve \u00e7a\u011fda\u015f sanat alanlar\u0131nda ara\u015ft\u0131rmalarda bulundu, dillerini \u00f6\u011frenmek i\u00e7in lisan programlar\u0131na kat\u0131ld\u0131. Lizbon\u2019da ya\u015fad\u0131\u011f\u0131 y\u0131llarda \u0130kebana, Kud\u00fcs\u2019te ya\u011fl\u0131 boya ve Ankara\u2019da desen e\u011fitimleri ald\u0131. 2000 y\u0131l\u0131nda halen ikamet etti\u011fi Ankara\u2019ya yerle\u015fti.\r\n\r\n2005 y\u0131l\u0131nda \u00fcniversite e\u011fitimine geri d\u00f6nen \u0130dil, 2010 y\u0131l\u0131nda Bilkent \u00dcniversitesi G\u00fczel Sanatlar Fak\u00fcltesi Resim B\u00f6l\u00fcm\u00fcnden b\u00f6l\u00fcm birincisi olarak mezun oldu. 2013 y\u0131l\u0131nda Hacettepe \u00dcniversitesi, Sosyal Bilimler Enstit\u00fcs\u00fc, Heykel Anasanat Dal\u0131, Y\u00fcksek Lisans ve 2018 y\u0131l\u0131nda Hacettepe \u00dcniversitesi Heykel Anasanat Dal\u0131, Sanatta Yeterlik e\u011fitimlerini tamamlad\u0131. Y\u00fcksek derece \u0130ngilizce, orta derece Almanca ve Portekizce bilmektedir.\r\n\r\n\u0130ki \u00e7ocuk annesi olan \u0130dil, 1998 y\u0131l\u0131nda \u0130srail\u2019de tan\u0131\u015ft\u0131\u011f\u0131 Yoga Felsefesi ve Prati\u011fini hayat\u0131na y\u00f6n verdiren en etkin unsur olarak benimsemi\u015f, i\u00e7ten bir yoga \u00f6\u011frencisi olarak aral\u0131ks\u0131z yoga yapm\u0131\u015ft\u0131r. 2010 y\u0131l\u0131ndan bu g\u00fcne farkl\u0131 yoga ekollerinde e\u011fitmenlik programlar\u0131na kat\u0131lmakta ve yoga dersleri vermektedir.","parent":878,"count":8,"filter":"raw"}],"product_cat":[697],"product_tag":[875],"class_list":{"0":"post-13607","1":"product","2":"type-product","3":"status-publish","4":"has-post-thumbnail","6":"brand-idil-mirata-tokdemir-en","7":"product_cat-photography","8":"product_tag-idil-mirata-tokdemir-en","10":"first","11":"instock","12":"taxable","13":"shipping-taxable","14":"purchasable","15":"product-type-simple"},"acf":[],"yoast_head":"<!-- This site is optimized with the Yoast SEO plugin v23.4 - https:\/\/yoast.com\/wordpress\/plugins\/seo\/ -->\n<title>Alt\u0131n Tohum - Di\u015fil Unsurlar\u0131 Y\u00fcceltme \u00c7abas\u0131 | artnivo<\/title>\n<meta name=\"description\" content=\"\u00c7a\u011fda\u015f sanat ve tasar\u0131ma ula\u015fman\u0131n en kolay yolu artnivo.com \u00fczerinden Alt\u0131n Tohum - Di\u015fil Unsurlar\u0131 Y\u00fcceltme \u00c7abas\u0131 ba\u015fl\u0131kl\u0131 par\u00e7ay\u0131 hemen sat\u0131n alabilirsiniz.\" \/>\n<meta name=\"robots\" content=\"index, follow, max-snippet:-1, max-image-preview:large, max-video-preview:-1\" \/>\n<link rel=\"canonical\" href=\"http:\/\/www.artnivo.com\/en\/title\/altin-tohum-disil-unsurlari-yuceltme-cabasi\/\" \/>\n<meta property=\"og:locale\" content=\"en_US\" \/>\n<meta property=\"og:type\" content=\"article\" \/>\n<meta property=\"og:title\" content=\"Alt\u0131n Tohum - Di\u015fil Unsurlar\u0131 Y\u00fcceltme \u00c7abas\u0131 | artnivo\" \/>\n<meta property=\"og:description\" content=\"\u00c7a\u011fda\u015f sanat ve tasar\u0131ma ula\u015fman\u0131n en kolay yolu artnivo.com \u00fczerinden Alt\u0131n Tohum - Di\u015fil Unsurlar\u0131 Y\u00fcceltme \u00c7abas\u0131 ba\u015fl\u0131kl\u0131 par\u00e7ay\u0131 hemen sat\u0131n alabilirsiniz.\" \/>\n<meta property=\"og:url\" content=\"http:\/\/www.artnivo.com\/en\/title\/altin-tohum-disil-unsurlari-yuceltme-cabasi\/\" \/>\n<meta property=\"og:site_name\" content=\"artnivo\" \/>\n<meta property=\"article:publisher\" content=\"https:\/\/www.facebook.com\/artnivocom\" \/>\n<meta property=\"article:modified_time\" content=\"2021-09-07T06:51:25+00:00\" \/>\n<meta property=\"og:image\" content=\"http:\/\/www.artnivo.com\/wp-content\/uploads\/2021\/01\/IM60201-altin-tohum-disil-unsurlari-yuceltme-cabasi-637159315246571625.jpg\" \/>\n\t<meta property=\"og:image:width\" content=\"1500\" \/>\n\t<meta property=\"og:image:height\" content=\"1500\" \/>\n\t<meta property=\"og:image:type\" content=\"image\/jpeg\" \/>\n<meta name=\"twitter:card\" content=\"summary_large_image\" \/>\n<meta name=\"twitter:site\" content=\"@artnivocom\" \/>\n<script type=\"application\/ld+json\" class=\"yoast-schema-graph\">{\"@context\":\"https:\/\/schema.org\",\"@graph\":[{\"@type\":\"WebPage\",\"@id\":\"http:\/\/www.artnivo.com\/en\/title\/altin-tohum-disil-unsurlari-yuceltme-cabasi\/\",\"url\":\"http:\/\/www.artnivo.com\/en\/title\/altin-tohum-disil-unsurlari-yuceltme-cabasi\/\",\"name\":\"Alt\u0131n Tohum - Di\u015fil Unsurlar\u0131 Y\u00fcceltme \u00c7abas\u0131 | artnivo\",\"isPartOf\":{\"@id\":\"https:\/\/www.artnivo.com\/#website\"},\"primaryImageOfPage\":{\"@id\":\"http:\/\/www.artnivo.com\/en\/title\/altin-tohum-disil-unsurlari-yuceltme-cabasi\/#primaryimage\"},\"image\":{\"@id\":\"http:\/\/www.artnivo.com\/en\/title\/altin-tohum-disil-unsurlari-yuceltme-cabasi\/#primaryimage\"},\"thumbnailUrl\":\"http:\/\/www.artnivo.com\/wp-content\/uploads\/2021\/01\/IM60201-altin-tohum-disil-unsurlari-yuceltme-cabasi-637159315246571625.jpg\",\"datePublished\":\"2021-01-31T12:43:41+00:00\",\"dateModified\":\"2021-09-07T06:51:25+00:00\",\"description\":\"\u00c7a\u011fda\u015f sanat ve tasar\u0131ma ula\u015fman\u0131n en kolay yolu artnivo.com \u00fczerinden Alt\u0131n Tohum - Di\u015fil Unsurlar\u0131 Y\u00fcceltme \u00c7abas\u0131 ba\u015fl\u0131kl\u0131 par\u00e7ay\u0131 hemen sat\u0131n alabilirsiniz.\",\"breadcrumb\":{\"@id\":\"http:\/\/www.artnivo.com\/en\/title\/altin-tohum-disil-unsurlari-yuceltme-cabasi\/#breadcrumb\"},\"inLanguage\":\"en-US\",\"potentialAction\":[{\"@type\":\"ReadAction\",\"target\":[\"http:\/\/www.artnivo.com\/en\/title\/altin-tohum-disil-unsurlari-yuceltme-cabasi\/\"]}]},{\"@type\":\"ImageObject\",\"inLanguage\":\"en-US\",\"@id\":\"http:\/\/www.artnivo.com\/en\/title\/altin-tohum-disil-unsurlari-yuceltme-cabasi\/#primaryimage\",\"url\":\"http:\/\/www.artnivo.com\/wp-content\/uploads\/2021\/01\/IM60201-altin-tohum-disil-unsurlari-yuceltme-cabasi-637159315246571625.jpg\",\"contentUrl\":\"http:\/\/www.artnivo.com\/wp-content\/uploads\/2021\/01\/IM60201-altin-tohum-disil-unsurlari-yuceltme-cabasi-637159315246571625.jpg\",\"width\":1500,\"height\":1500},{\"@type\":\"BreadcrumbList\",\"@id\":\"http:\/\/www.artnivo.com\/en\/title\/altin-tohum-disil-unsurlari-yuceltme-cabasi\/#breadcrumb\",\"itemListElement\":[{\"@type\":\"ListItem\",\"position\":1,\"name\":\"Anasayfa\",\"item\":\"http:\/\/www.artnivo.com\/en\/\"},{\"@type\":\"ListItem\",\"position\":2,\"name\":\"Shop\",\"item\":\"http:\/\/www.artnivo.com\/en\/shop\/\"},{\"@type\":\"ListItem\",\"position\":3,\"name\":\"Alt\u0131n Tohum &#8211; Di\u015fil Unsurlar\u0131 Y\u00fcceltme \u00c7abas\u0131\"}]},{\"@type\":\"WebSite\",\"@id\":\"https:\/\/www.artnivo.com\/#website\",\"url\":\"https:\/\/www.artnivo.com\/\",\"name\":\"artnivo\",\"description\":\"\",\"publisher\":{\"@id\":\"https:\/\/www.artnivo.com\/#organization\"},\"potentialAction\":[{\"@type\":\"SearchAction\",\"target\":{\"@type\":\"EntryPoint\",\"urlTemplate\":\"https:\/\/www.artnivo.com\/?s={search_term_string}\"},\"query-input\":{\"@type\":\"PropertyValueSpecification\",\"valueRequired\":true,\"valueName\":\"search_term_string\"}}],\"inLanguage\":\"en-US\"},{\"@type\":\"Organization\",\"@id\":\"https:\/\/www.artnivo.com\/#organization\",\"name\":\"artnivo\",\"url\":\"https:\/\/www.artnivo.com\/\",\"logo\":{\"@type\":\"ImageObject\",\"inLanguage\":\"en-US\",\"@id\":\"https:\/\/www.artnivo.com\/#\/schema\/logo\/image\/\",\"url\":\"http:\/\/www.artnivo.com\/wp-content\/uploads\/2021\/05\/artnivokare.jpg\",\"contentUrl\":\"http:\/\/www.artnivo.com\/wp-content\/uploads\/2021\/05\/artnivokare.jpg\",\"width\":750,\"height\":750,\"caption\":\"artnivo\"},\"image\":{\"@id\":\"https:\/\/www.artnivo.com\/#\/schema\/logo\/image\/\"},\"sameAs\":[\"https:\/\/www.facebook.com\/artnivocom\",\"https:\/\/x.com\/artnivocom\",\"http:\/\/instagram.com\/artnivocom\/\",\"https:\/\/www.pinterest.com\/artnivocom\/\",\"https:\/\/www.youtube.com\/channel\/UC__bxk2hs4IZ4NiD1Bg4J9w\"]}]}<\/script>\n<!-- \/ Yoast SEO plugin. -->","yoast_head_json":{"title":"Alt\u0131n Tohum - Di\u015fil Unsurlar\u0131 Y\u00fcceltme \u00c7abas\u0131 | artnivo","description":"\u00c7a\u011fda\u015f sanat ve tasar\u0131ma ula\u015fman\u0131n en kolay yolu artnivo.com \u00fczerinden Alt\u0131n Tohum - Di\u015fil Unsurlar\u0131 Y\u00fcceltme \u00c7abas\u0131 ba\u015fl\u0131kl\u0131 par\u00e7ay\u0131 hemen sat\u0131n alabilirsiniz.","robots":{"index":"index","follow":"follow","max-snippet":"max-snippet:-1","max-image-preview":"max-image-preview:large","max-video-preview":"max-video-preview:-1"},"canonical":"http:\/\/www.artnivo.com\/en\/title\/altin-tohum-disil-unsurlari-yuceltme-cabasi\/","og_locale":"en_US","og_type":"article","og_title":"Alt\u0131n Tohum - Di\u015fil Unsurlar\u0131 Y\u00fcceltme \u00c7abas\u0131 | artnivo","og_description":"\u00c7a\u011fda\u015f sanat ve tasar\u0131ma ula\u015fman\u0131n en kolay yolu artnivo.com \u00fczerinden Alt\u0131n Tohum - Di\u015fil Unsurlar\u0131 Y\u00fcceltme \u00c7abas\u0131 ba\u015fl\u0131kl\u0131 par\u00e7ay\u0131 hemen sat\u0131n alabilirsiniz.","og_url":"http:\/\/www.artnivo.com\/en\/title\/altin-tohum-disil-unsurlari-yuceltme-cabasi\/","og_site_name":"artnivo","article_publisher":"https:\/\/www.facebook.com\/artnivocom","article_modified_time":"2021-09-07T06:51:25+00:00","og_image":[{"width":1500,"height":1500,"url":"http:\/\/www.artnivo.com\/wp-content\/uploads\/2021\/01\/IM60201-altin-tohum-disil-unsurlari-yuceltme-cabasi-637159315246571625.jpg","type":"image\/jpeg"}],"twitter_card":"summary_large_image","twitter_site":"@artnivocom","schema":{"@context":"https:\/\/schema.org","@graph":[{"@type":"WebPage","@id":"http:\/\/www.artnivo.com\/en\/title\/altin-tohum-disil-unsurlari-yuceltme-cabasi\/","url":"http:\/\/www.artnivo.com\/en\/title\/altin-tohum-disil-unsurlari-yuceltme-cabasi\/","name":"Alt\u0131n Tohum - Di\u015fil Unsurlar\u0131 Y\u00fcceltme \u00c7abas\u0131 | artnivo","isPartOf":{"@id":"https:\/\/www.artnivo.com\/#website"},"primaryImageOfPage":{"@id":"http:\/\/www.artnivo.com\/en\/title\/altin-tohum-disil-unsurlari-yuceltme-cabasi\/#primaryimage"},"image":{"@id":"http:\/\/www.artnivo.com\/en\/title\/altin-tohum-disil-unsurlari-yuceltme-cabasi\/#primaryimage"},"thumbnailUrl":"http:\/\/www.artnivo.com\/wp-content\/uploads\/2021\/01\/IM60201-altin-tohum-disil-unsurlari-yuceltme-cabasi-637159315246571625.jpg","datePublished":"2021-01-31T12:43:41+00:00","dateModified":"2021-09-07T06:51:25+00:00","description":"\u00c7a\u011fda\u015f sanat ve tasar\u0131ma ula\u015fman\u0131n en kolay yolu artnivo.com \u00fczerinden Alt\u0131n Tohum - Di\u015fil Unsurlar\u0131 Y\u00fcceltme \u00c7abas\u0131 ba\u015fl\u0131kl\u0131 par\u00e7ay\u0131 hemen sat\u0131n alabilirsiniz.","breadcrumb":{"@id":"http:\/\/www.artnivo.com\/en\/title\/altin-tohum-disil-unsurlari-yuceltme-cabasi\/#breadcrumb"},"inLanguage":"en-US","potentialAction":[{"@type":"ReadAction","target":["http:\/\/www.artnivo.com\/en\/title\/altin-tohum-disil-unsurlari-yuceltme-cabasi\/"]}]},{"@type":"ImageObject","inLanguage":"en-US","@id":"http:\/\/www.artnivo.com\/en\/title\/altin-tohum-disil-unsurlari-yuceltme-cabasi\/#primaryimage","url":"http:\/\/www.artnivo.com\/wp-content\/uploads\/2021\/01\/IM60201-altin-tohum-disil-unsurlari-yuceltme-cabasi-637159315246571625.jpg","contentUrl":"http:\/\/www.artnivo.com\/wp-content\/uploads\/2021\/01\/IM60201-altin-tohum-disil-unsurlari-yuceltme-cabasi-637159315246571625.jpg","width":1500,"height":1500},{"@type":"BreadcrumbList","@id":"http:\/\/www.artnivo.com\/en\/title\/altin-tohum-disil-unsurlari-yuceltme-cabasi\/#breadcrumb","itemListElement":[{"@type":"ListItem","position":1,"name":"Anasayfa","item":"http:\/\/www.artnivo.com\/en\/"},{"@type":"ListItem","position":2,"name":"Shop","item":"http:\/\/www.artnivo.com\/en\/shop\/"},{"@type":"ListItem","position":3,"name":"Alt\u0131n Tohum &#8211; Di\u015fil Unsurlar\u0131 Y\u00fcceltme \u00c7abas\u0131"}]},{"@type":"WebSite","@id":"https:\/\/www.artnivo.com\/#website","url":"https:\/\/www.artnivo.com\/","name":"artnivo","description":"","publisher":{"@id":"https:\/\/www.artnivo.com\/#organization"},"potentialAction":[{"@type":"SearchAction","target":{"@type":"EntryPoint","urlTemplate":"https:\/\/www.artnivo.com\/?s={search_term_string}"},"query-input":{"@type":"PropertyValueSpecification","valueRequired":true,"valueName":"search_term_string"}}],"inLanguage":"en-US"},{"@type":"Organization","@id":"https:\/\/www.artnivo.com\/#organization","name":"artnivo","url":"https:\/\/www.artnivo.com\/","logo":{"@type":"ImageObject","inLanguage":"en-US","@id":"https:\/\/www.artnivo.com\/#\/schema\/logo\/image\/","url":"http:\/\/www.artnivo.com\/wp-content\/uploads\/2021\/05\/artnivokare.jpg","contentUrl":"http:\/\/www.artnivo.com\/wp-content\/uploads\/2021\/05\/artnivokare.jpg","width":750,"height":750,"caption":"artnivo"},"image":{"@id":"https:\/\/www.artnivo.com\/#\/schema\/logo\/image\/"},"sameAs":["https:\/\/www.facebook.com\/artnivocom","https:\/\/x.com\/artnivocom","http:\/\/instagram.com\/artnivocom\/","https:\/\/www.pinterest.com\/artnivocom\/","https:\/\/www.youtube.com\/channel\/UC__bxk2hs4IZ4NiD1Bg4J9w"]}]}},"_links":{"self":[{"href":"http:\/\/www.artnivo.com\/en\/wp-json\/wp\/v2\/product\/13607","targetHints":{"allow":["GET"]}}],"collection":[{"href":"http:\/\/www.artnivo.com\/en\/wp-json\/wp\/v2\/product"}],"about":[{"href":"http:\/\/www.artnivo.com\/en\/wp-json\/wp\/v2\/types\/product"}],"wp:featuredmedia":[{"embeddable":true,"href":"http:\/\/www.artnivo.com\/en\/wp-json\/wp\/v2\/media\/10678"}],"wp:attachment":[{"href":"http:\/\/www.artnivo.com\/en\/wp-json\/wp\/v2\/media?parent=13607"}],"wp:term":[{"taxonomy":"brand","embeddable":true,"href":"http:\/\/www.artnivo.com\/en\/wp-json\/wp\/v2\/etheme_brands?post=13607"},{"taxonomy":"product_cat","embeddable":true,"href":"http:\/\/www.artnivo.com\/en\/wp-json\/wp\/v2\/product_cat?post=13607"},{"taxonomy":"product_tag","embeddable":true,"href":"http:\/\/www.artnivo.com\/en\/wp-json\/wp\/v2\/product_tag?post=13607"}],"curies":[{"name":"wp","href":"https:\/\/api.w.org\/{rel}","templated":true}]}}