{"id":14913,"date":"2021-02-11T00:33:14","date_gmt":"2021-02-10T21:33:14","guid":{"rendered":"http:\/\/www.artnivo.com\/baslik\/so40\/"},"modified":"2022-12-21T13:15:50","modified_gmt":"2022-12-21T10:15:50","slug":"so40","status":"publish","type":"product","link":"http:\/\/www.artnivo.com\/en\/title\/so40\/","title":{"rendered":"SO40"},"content":{"rendered":"","protected":false},"excerpt":{"rendered":"<p>%100 dokuma\/pamuklu kuma\u015fla \u00fcretilen M\u00dc\u00dc sweatshirt modeli.<br \/>\nDiki\u015f<br \/>\ndetaylar\u0131yla dikkat \u00e7eken M\u00dc\u00dc modeli, oversize \u00fcretimdir ve S\/M\/L beden<br \/>\nde tercih edebilir.<br \/>\n&#8211;<\/p>\n<p>M\u00dc\u00dc: \u201dG\u0130Y\u0130LEB\u0130L\u0130R SANAT\u201d<br \/>\nSanat\u0131 ve moday\u0131 birle\u015ftirmeyi hedefleyen M\u00dc\u00dc \u00fcr\u00fcnleri, \u00f6zenle<br \/>\nse\u00e7ilen kaliteli kuma\u015flarla \u00fcretilmektedir ve modeller s\u0131n\u0131rl\u0131<br \/>\nsay\u0131dad\u0131r. \u00dcr\u00fcn \u00fczerinde yer alan desenler ise tamamen \u201del \u00e7izimi\u201d<br \/>\nresimlerden olu\u015fmaktad\u0131r.<br \/>\nS\u0131n\u0131rl\u0131 say\u0131daki M\u00dc\u00dc \u00fcr\u00fcnleri ile sanat\u0131 \u00fczerinizde ta\u015f\u0131y\u0131n.<\/p>\n","protected":false},"featured_media":0,"template":"","meta":[],"etheme_brands":[{"term_id":987,"name":"Merve \u00dcst\u00fcnalp \/ M\u00fc\u00fc","slug":"merve-ustunalp-muu-en","term_group":0,"term_taxonomy_id":987,"taxonomy":"brand","description":"Sanat\u0131 ve moday\u0131 birle\u015ftirmeyi hedefleyen M\u00dc\u00dc \u00fcr\u00fcnleri, \u00f6zenle\u00a0 se\u00e7ilen kaliteli kuma\u015flarla \u00fcretilmektedir ve modeller s\u0131n\u0131rl\u0131 say\u0131dad\u0131r. \u00dcr\u00fcn \u00fczerinde yer alan desenler ise tamamen \u201del \u00e7izimi\u201d resimlerden olu\u015fmaktad\u0131r.\nS\u0131n\u0131rl\u0131 say\u0131daki M\u00dc\u00dc \u00fcr\u00fcnleri ile sanat\u0131 \u00fczerinizde ta\u015f\u0131y\u0131n.","parent":0,"count":7,"filter":"raw"}],"product_cat":[15],"product_tag":[830],"class_list":{"0":"post-14913","1":"product","2":"type-product","3":"status-publish","5":"brand-merve-ustunalp-muu-en","6":"product_cat-uncategorized","7":"product_tag-merve-ustunalp-muu-en","9":"first","10":"instock","11":"taxable","12":"shipping-taxable","13":"purchasable","14":"product-type-simple"},"acf":[],"yoast_head":"<!-- This site is optimized with the Yoast SEO plugin v23.4 - https:\/\/yoast.com\/wordpress\/plugins\/seo\/ -->\n<title>SO40 | artnivo<\/title>\n<meta name=\"description\" content=\"\u00c7a\u011fda\u015f sanat ve tasar\u0131ma ula\u015fman\u0131n en kolay yolu artnivo.com \u00fczerinden SO40 ba\u015fl\u0131kl\u0131 par\u00e7ay\u0131 hemen sat\u0131n alabilirsiniz.\" \/>\n<meta name=\"robots\" content=\"index, follow, max-snippet:-1, max-image-preview:large, max-video-preview:-1\" \/>\n<link rel=\"canonical\" href=\"http:\/\/www.artnivo.com\/en\/title\/so40\/\" \/>\n<meta property=\"og:locale\" content=\"en_US\" \/>\n<meta property=\"og:type\" content=\"article\" \/>\n<meta property=\"og:title\" content=\"SO40 | artnivo\" \/>\n<meta property=\"og:description\" content=\"\u00c7a\u011fda\u015f sanat ve tasar\u0131ma ula\u015fman\u0131n en kolay yolu artnivo.com \u00fczerinden SO40 ba\u015fl\u0131kl\u0131 par\u00e7ay\u0131 hemen sat\u0131n alabilirsiniz.\" \/>\n<meta property=\"og:url\" content=\"http:\/\/www.artnivo.com\/en\/title\/so40\/\" \/>\n<meta property=\"og:site_name\" content=\"artnivo\" \/>\n<meta property=\"article:publisher\" content=\"https:\/\/www.facebook.com\/artnivocom\" \/>\n<meta property=\"article:modified_time\" content=\"2022-12-21T10:15:50+00:00\" \/>\n<meta property=\"og:image\" content=\"http:\/\/www.artnivo.com\/wp-content\/uploads\/2021\/05\/artnivohomesocial.jpg\" \/>\n\t<meta property=\"og:image:width\" content=\"1000\" \/>\n\t<meta property=\"og:image:height\" content=\"565\" \/>\n\t<meta property=\"og:image:type\" content=\"image\/jpeg\" \/>\n<meta name=\"twitter:card\" content=\"summary_large_image\" \/>\n<meta name=\"twitter:site\" content=\"@artnivocom\" \/>\n<script type=\"application\/ld+json\" class=\"yoast-schema-graph\">{\"@context\":\"https:\/\/schema.org\",\"@graph\":[{\"@type\":\"WebPage\",\"@id\":\"http:\/\/www.artnivo.com\/en\/title\/so40\/\",\"url\":\"http:\/\/www.artnivo.com\/en\/title\/so40\/\",\"name\":\"SO40 | artnivo\",\"isPartOf\":{\"@id\":\"https:\/\/www.artnivo.com\/#website\"},\"datePublished\":\"2021-02-10T21:33:14+00:00\",\"dateModified\":\"2022-12-21T10:15:50+00:00\",\"description\":\"\u00c7a\u011fda\u015f sanat ve tasar\u0131ma ula\u015fman\u0131n en kolay yolu artnivo.com \u00fczerinden SO40 ba\u015fl\u0131kl\u0131 par\u00e7ay\u0131 hemen sat\u0131n alabilirsiniz.\",\"breadcrumb\":{\"@id\":\"http:\/\/www.artnivo.com\/en\/title\/so40\/#breadcrumb\"},\"inLanguage\":\"en-US\",\"potentialAction\":[{\"@type\":\"ReadAction\",\"target\":[\"http:\/\/www.artnivo.com\/en\/title\/so40\/\"]}]},{\"@type\":\"BreadcrumbList\",\"@id\":\"http:\/\/www.artnivo.com\/en\/title\/so40\/#breadcrumb\",\"itemListElement\":[{\"@type\":\"ListItem\",\"position\":1,\"name\":\"Anasayfa\",\"item\":\"https:\/\/www.artnivo.com\/en\/\"},{\"@type\":\"ListItem\",\"position\":2,\"name\":\"Shop\",\"item\":\"http:\/\/www.artnivo.com\/en\/shop\/\"},{\"@type\":\"ListItem\",\"position\":3,\"name\":\"SO40\"}]},{\"@type\":\"WebSite\",\"@id\":\"https:\/\/www.artnivo.com\/#website\",\"url\":\"https:\/\/www.artnivo.com\/\",\"name\":\"artnivo\",\"description\":\"\",\"publisher\":{\"@id\":\"https:\/\/www.artnivo.com\/#organization\"},\"potentialAction\":[{\"@type\":\"SearchAction\",\"target\":{\"@type\":\"EntryPoint\",\"urlTemplate\":\"https:\/\/www.artnivo.com\/?s={search_term_string}\"},\"query-input\":{\"@type\":\"PropertyValueSpecification\",\"valueRequired\":true,\"valueName\":\"search_term_string\"}}],\"inLanguage\":\"en-US\"},{\"@type\":\"Organization\",\"@id\":\"https:\/\/www.artnivo.com\/#organization\",\"name\":\"artnivo\",\"url\":\"https:\/\/www.artnivo.com\/\",\"logo\":{\"@type\":\"ImageObject\",\"inLanguage\":\"en-US\",\"@id\":\"https:\/\/www.artnivo.com\/#\/schema\/logo\/image\/\",\"url\":\"http:\/\/www.artnivo.com\/wp-content\/uploads\/2021\/05\/artnivokare.jpg\",\"contentUrl\":\"http:\/\/www.artnivo.com\/wp-content\/uploads\/2021\/05\/artnivokare.jpg\",\"width\":750,\"height\":750,\"caption\":\"artnivo\"},\"image\":{\"@id\":\"https:\/\/www.artnivo.com\/#\/schema\/logo\/image\/\"},\"sameAs\":[\"https:\/\/www.facebook.com\/artnivocom\",\"https:\/\/x.com\/artnivocom\",\"http:\/\/instagram.com\/artnivocom\/\",\"https:\/\/www.pinterest.com\/artnivocom\/\",\"https:\/\/www.youtube.com\/channel\/UC__bxk2hs4IZ4NiD1Bg4J9w\"]}]}<\/script>\n<!-- \/ Yoast SEO plugin. -->","yoast_head_json":{"title":"SO40 | artnivo","description":"\u00c7a\u011fda\u015f sanat ve tasar\u0131ma ula\u015fman\u0131n en kolay yolu artnivo.com \u00fczerinden SO40 ba\u015fl\u0131kl\u0131 par\u00e7ay\u0131 hemen sat\u0131n alabilirsiniz.","robots":{"index":"index","follow":"follow","max-snippet":"max-snippet:-1","max-image-preview":"max-image-preview:large","max-video-preview":"max-video-preview:-1"},"canonical":"http:\/\/www.artnivo.com\/en\/title\/so40\/","og_locale":"en_US","og_type":"article","og_title":"SO40 | artnivo","og_description":"\u00c7a\u011fda\u015f sanat ve tasar\u0131ma ula\u015fman\u0131n en kolay yolu artnivo.com \u00fczerinden SO40 ba\u015fl\u0131kl\u0131 par\u00e7ay\u0131 hemen sat\u0131n alabilirsiniz.","og_url":"http:\/\/www.artnivo.com\/en\/title\/so40\/","og_site_name":"artnivo","article_publisher":"https:\/\/www.facebook.com\/artnivocom","article_modified_time":"2022-12-21T10:15:50+00:00","og_image":[{"width":1000,"height":565,"url":"http:\/\/www.artnivo.com\/wp-content\/uploads\/2021\/05\/artnivohomesocial.jpg","type":"image\/jpeg"}],"twitter_card":"summary_large_image","twitter_site":"@artnivocom","schema":{"@context":"https:\/\/schema.org","@graph":[{"@type":"WebPage","@id":"http:\/\/www.artnivo.com\/en\/title\/so40\/","url":"http:\/\/www.artnivo.com\/en\/title\/so40\/","name":"SO40 | artnivo","isPartOf":{"@id":"https:\/\/www.artnivo.com\/#website"},"datePublished":"2021-02-10T21:33:14+00:00","dateModified":"2022-12-21T10:15:50+00:00","description":"\u00c7a\u011fda\u015f sanat ve tasar\u0131ma ula\u015fman\u0131n en kolay yolu artnivo.com \u00fczerinden SO40 ba\u015fl\u0131kl\u0131 par\u00e7ay\u0131 hemen sat\u0131n alabilirsiniz.","breadcrumb":{"@id":"http:\/\/www.artnivo.com\/en\/title\/so40\/#breadcrumb"},"inLanguage":"en-US","potentialAction":[{"@type":"ReadAction","target":["http:\/\/www.artnivo.com\/en\/title\/so40\/"]}]},{"@type":"BreadcrumbList","@id":"http:\/\/www.artnivo.com\/en\/title\/so40\/#breadcrumb","itemListElement":[{"@type":"ListItem","position":1,"name":"Anasayfa","item":"https:\/\/www.artnivo.com\/en\/"},{"@type":"ListItem","position":2,"name":"Shop","item":"http:\/\/www.artnivo.com\/en\/shop\/"},{"@type":"ListItem","position":3,"name":"SO40"}]},{"@type":"WebSite","@id":"https:\/\/www.artnivo.com\/#website","url":"https:\/\/www.artnivo.com\/","name":"artnivo","description":"","publisher":{"@id":"https:\/\/www.artnivo.com\/#organization"},"potentialAction":[{"@type":"SearchAction","target":{"@type":"EntryPoint","urlTemplate":"https:\/\/www.artnivo.com\/?s={search_term_string}"},"query-input":{"@type":"PropertyValueSpecification","valueRequired":true,"valueName":"search_term_string"}}],"inLanguage":"en-US"},{"@type":"Organization","@id":"https:\/\/www.artnivo.com\/#organization","name":"artnivo","url":"https:\/\/www.artnivo.com\/","logo":{"@type":"ImageObject","inLanguage":"en-US","@id":"https:\/\/www.artnivo.com\/#\/schema\/logo\/image\/","url":"http:\/\/www.artnivo.com\/wp-content\/uploads\/2021\/05\/artnivokare.jpg","contentUrl":"http:\/\/www.artnivo.com\/wp-content\/uploads\/2021\/05\/artnivokare.jpg","width":750,"height":750,"caption":"artnivo"},"image":{"@id":"https:\/\/www.artnivo.com\/#\/schema\/logo\/image\/"},"sameAs":["https:\/\/www.facebook.com\/artnivocom","https:\/\/x.com\/artnivocom","http:\/\/instagram.com\/artnivocom\/","https:\/\/www.pinterest.com\/artnivocom\/","https:\/\/www.youtube.com\/channel\/UC__bxk2hs4IZ4NiD1Bg4J9w"]}]}},"_links":{"self":[{"href":"http:\/\/www.artnivo.com\/en\/wp-json\/wp\/v2\/product\/14913","targetHints":{"allow":["GET"]}}],"collection":[{"href":"http:\/\/www.artnivo.com\/en\/wp-json\/wp\/v2\/product"}],"about":[{"href":"http:\/\/www.artnivo.com\/en\/wp-json\/wp\/v2\/types\/product"}],"wp:attachment":[{"href":"http:\/\/www.artnivo.com\/en\/wp-json\/wp\/v2\/media?parent=14913"}],"wp:term":[{"taxonomy":"brand","embeddable":true,"href":"http:\/\/www.artnivo.com\/en\/wp-json\/wp\/v2\/etheme_brands?post=14913"},{"taxonomy":"product_cat","embeddable":true,"href":"http:\/\/www.artnivo.com\/en\/wp-json\/wp\/v2\/product_cat?post=14913"},{"taxonomy":"product_tag","embeddable":true,"href":"http:\/\/www.artnivo.com\/en\/wp-json\/wp\/v2\/product_tag?post=14913"}],"curies":[{"name":"wp","href":"https:\/\/api.w.org\/{rel}","templated":true}]}}