{"id":15639,"date":"2021-09-07T18:24:46","date_gmt":"2021-09-07T15:24:46","guid":{"rendered":"http:\/\/www.artnivo.com\/baslik\/calm-sage-collection\/"},"modified":"2021-09-07T18:24:46","modified_gmt":"2021-09-07T15:24:46","slug":"calm-sage-collection","status":"publish","type":"product","link":"http:\/\/www.artnivo.com\/en\/title\/calm-sage-collection\/","title":{"rendered":"Calm &#8211; Sage Collection"},"content":{"rendered":"","protected":false},"excerpt":{"rendered":"<p>SAGE koleksiyon 2020<br \/>\n&nbsp;<br \/>\nInspired by the SAGE LEAF.<br \/>\nCOFFEE SET &#8211; Suitable for espresso and Turkish coffee<br \/>\nHand-made, gray-green colored Limoges porcelain with golden decoration cup, saucer, glass, porcelain vase, porcelain plate for sweets, oxidized brass tray.<br \/>\nPorcelain parts are applied especially for this collection, in particular the interior is glazed and the exterior is matt.<br \/>\nMetal products with our cooperation with Istanbul, Grand Bazaar and the surrounding masters; it is produced using traditional production methods.<br \/>\nDimensions:<br \/>\nCup: 4 x 6,5 cm<br \/>\nSaucer: 11 \u00d8 cm<br \/>\nVase: 3,5 x 6,5 cm<br \/>\nBowl: 3 x 6,5 cm<br \/>\nGlass: 5,2 x 8,3 cm<br \/>\nTray: 19,5 x 19,5 cm<br \/>\nBox: 8 x 22 x 22 cm<br \/>\nSent in a sponge kraft gift box, with the product story and ID card.<br \/>\nCleaning: Hand wash<\/p>\n","protected":false},"featured_media":0,"template":"","meta":[],"etheme_brands":[{"term_id":993,"name":"\u00d6zlem Tuna","slug":"ozlem-tuna-en","term_group":0,"term_taxonomy_id":993,"taxonomy":"brand","description":"\u00d6zlem Tuna'n\u0131n \u00e7amur ve hamurla ba\u015flayan hayat ser\u00fcveni, onu Marmara \u00dcniversitesi'nde ald\u0131\u011f\u0131 seramik e\u011fitimi ve sonras\u0131nda edindi\u011fi deneyimler ile birlikte 2003 y\u0131l\u0131nda kendi markas\u0131n\u0131 kurmaya g\u00f6t\u00fcrd\u00fc. Arkeoloji ve sanat tarihine a\u015f\u0131k bir baban\u0131n yan\u0131nda yeti\u015fen Tuna i\u00e7in tasar\u0131m, \u00e7evresindeki malzemelere istedi\u011fi \u015fekli vermenin d\u0131\u015f\u0131nda, bir\u00e7ok konuya \u00e7\u00f6z\u00fcm bulma y\u00f6ntemi oldu. \u015eimdi ise; tasar\u0131m ile \u00e7\u00f6z\u00fcm bulmak de\u011fil, soru sormak ilgisini \u00e7ekiyor.","parent":0,"count":19,"filter":"raw"}],"product_cat":[704],"product_tag":[874],"class_list":{"0":"post-15639","1":"product","2":"type-product","3":"status-publish","5":"brand-ozlem-tuna-en","6":"product_cat-interior-lifestyle","7":"product_tag-ozlem-tuna-en","9":"first","10":"outofstock","11":"taxable","12":"shipping-taxable","13":"purchasable","14":"product-type-simple"},"acf":[],"yoast_head":"<!-- This site is optimized with the Yoast SEO plugin v23.4 - https:\/\/yoast.com\/wordpress\/plugins\/seo\/ -->\n<title>Calm - Sage Collection | artnivo<\/title>\n<meta name=\"description\" content=\"\u00c7a\u011fda\u015f sanat ve tasar\u0131ma ula\u015fman\u0131n en kolay yolu artnivo.com \u00fczerinden Calm - Sage Collection ba\u015fl\u0131kl\u0131 par\u00e7ay\u0131 hemen sat\u0131n alabilirsiniz.\" \/>\n<meta name=\"robots\" content=\"index, follow, max-snippet:-1, max-image-preview:large, max-video-preview:-1\" \/>\n<link rel=\"canonical\" href=\"http:\/\/www.artnivo.com\/en\/title\/calm-sage-collection\/\" \/>\n<meta property=\"og:locale\" content=\"en_US\" \/>\n<meta property=\"og:type\" content=\"article\" \/>\n<meta property=\"og:title\" content=\"Calm - Sage Collection | artnivo\" \/>\n<meta property=\"og:description\" content=\"\u00c7a\u011fda\u015f sanat ve tasar\u0131ma ula\u015fman\u0131n en kolay yolu artnivo.com \u00fczerinden Calm - Sage Collection ba\u015fl\u0131kl\u0131 par\u00e7ay\u0131 hemen sat\u0131n alabilirsiniz.\" \/>\n<meta property=\"og:url\" content=\"http:\/\/www.artnivo.com\/en\/title\/calm-sage-collection\/\" \/>\n<meta property=\"og:site_name\" content=\"artnivo\" \/>\n<meta property=\"article:publisher\" content=\"https:\/\/www.facebook.com\/artnivocom\" \/>\n<meta property=\"og:image\" content=\"http:\/\/www.artnivo.com\/wp-content\/uploads\/2021\/05\/artnivohomesocial.jpg\" \/>\n\t<meta property=\"og:image:width\" content=\"1000\" \/>\n\t<meta property=\"og:image:height\" content=\"565\" \/>\n\t<meta property=\"og:image:type\" content=\"image\/jpeg\" \/>\n<meta name=\"twitter:card\" content=\"summary_large_image\" \/>\n<meta name=\"twitter:site\" content=\"@artnivocom\" \/>\n<script type=\"application\/ld+json\" class=\"yoast-schema-graph\">{\"@context\":\"https:\/\/schema.org\",\"@graph\":[{\"@type\":\"WebPage\",\"@id\":\"http:\/\/www.artnivo.com\/en\/title\/calm-sage-collection\/\",\"url\":\"http:\/\/www.artnivo.com\/en\/title\/calm-sage-collection\/\",\"name\":\"Calm - Sage Collection | artnivo\",\"isPartOf\":{\"@id\":\"http:\/\/www.artnivo.com\/#website\"},\"datePublished\":\"2021-09-07T15:24:46+00:00\",\"dateModified\":\"2021-09-07T15:24:46+00:00\",\"description\":\"\u00c7a\u011fda\u015f sanat ve tasar\u0131ma ula\u015fman\u0131n en kolay yolu artnivo.com \u00fczerinden Calm - Sage Collection ba\u015fl\u0131kl\u0131 par\u00e7ay\u0131 hemen sat\u0131n alabilirsiniz.\",\"breadcrumb\":{\"@id\":\"http:\/\/www.artnivo.com\/en\/title\/calm-sage-collection\/#breadcrumb\"},\"inLanguage\":\"en-US\",\"potentialAction\":[{\"@type\":\"ReadAction\",\"target\":[\"http:\/\/www.artnivo.com\/en\/title\/calm-sage-collection\/\"]}]},{\"@type\":\"BreadcrumbList\",\"@id\":\"http:\/\/www.artnivo.com\/en\/title\/calm-sage-collection\/#breadcrumb\",\"itemListElement\":[{\"@type\":\"ListItem\",\"position\":1,\"name\":\"Anasayfa\",\"item\":\"http:\/\/www.artnivo.com\/en\/\"},{\"@type\":\"ListItem\",\"position\":2,\"name\":\"Shop\",\"item\":\"http:\/\/www.artnivo.com\/en\/shop\/\"},{\"@type\":\"ListItem\",\"position\":3,\"name\":\"Calm &#8211; Sage Collection\"}]},{\"@type\":\"WebSite\",\"@id\":\"http:\/\/www.artnivo.com\/#website\",\"url\":\"http:\/\/www.artnivo.com\/\",\"name\":\"artnivo\",\"description\":\"\",\"publisher\":{\"@id\":\"http:\/\/www.artnivo.com\/#organization\"},\"potentialAction\":[{\"@type\":\"SearchAction\",\"target\":{\"@type\":\"EntryPoint\",\"urlTemplate\":\"http:\/\/www.artnivo.com\/?s={search_term_string}\"},\"query-input\":{\"@type\":\"PropertyValueSpecification\",\"valueRequired\":true,\"valueName\":\"search_term_string\"}}],\"inLanguage\":\"en-US\"},{\"@type\":\"Organization\",\"@id\":\"http:\/\/www.artnivo.com\/#organization\",\"name\":\"artnivo\",\"url\":\"http:\/\/www.artnivo.com\/\",\"logo\":{\"@type\":\"ImageObject\",\"inLanguage\":\"en-US\",\"@id\":\"http:\/\/www.artnivo.com\/#\/schema\/logo\/image\/\",\"url\":\"http:\/\/www.artnivo.com\/wp-content\/uploads\/2021\/05\/artnivokare.jpg\",\"contentUrl\":\"http:\/\/www.artnivo.com\/wp-content\/uploads\/2021\/05\/artnivokare.jpg\",\"width\":750,\"height\":750,\"caption\":\"artnivo\"},\"image\":{\"@id\":\"http:\/\/www.artnivo.com\/#\/schema\/logo\/image\/\"},\"sameAs\":[\"https:\/\/www.facebook.com\/artnivocom\",\"https:\/\/x.com\/artnivocom\",\"http:\/\/instagram.com\/artnivocom\/\",\"https:\/\/www.pinterest.com\/artnivocom\/\",\"https:\/\/www.youtube.com\/channel\/UC__bxk2hs4IZ4NiD1Bg4J9w\"]}]}<\/script>\n<!-- \/ Yoast SEO plugin. -->","yoast_head_json":{"title":"Calm - Sage Collection | artnivo","description":"\u00c7a\u011fda\u015f sanat ve tasar\u0131ma ula\u015fman\u0131n en kolay yolu artnivo.com \u00fczerinden Calm - Sage Collection ba\u015fl\u0131kl\u0131 par\u00e7ay\u0131 hemen sat\u0131n alabilirsiniz.","robots":{"index":"index","follow":"follow","max-snippet":"max-snippet:-1","max-image-preview":"max-image-preview:large","max-video-preview":"max-video-preview:-1"},"canonical":"http:\/\/www.artnivo.com\/en\/title\/calm-sage-collection\/","og_locale":"en_US","og_type":"article","og_title":"Calm - Sage Collection | artnivo","og_description":"\u00c7a\u011fda\u015f sanat ve tasar\u0131ma ula\u015fman\u0131n en kolay yolu artnivo.com \u00fczerinden Calm - Sage Collection ba\u015fl\u0131kl\u0131 par\u00e7ay\u0131 hemen sat\u0131n alabilirsiniz.","og_url":"http:\/\/www.artnivo.com\/en\/title\/calm-sage-collection\/","og_site_name":"artnivo","article_publisher":"https:\/\/www.facebook.com\/artnivocom","og_image":[{"width":1000,"height":565,"url":"http:\/\/www.artnivo.com\/wp-content\/uploads\/2021\/05\/artnivohomesocial.jpg","type":"image\/jpeg"}],"twitter_card":"summary_large_image","twitter_site":"@artnivocom","schema":{"@context":"https:\/\/schema.org","@graph":[{"@type":"WebPage","@id":"http:\/\/www.artnivo.com\/en\/title\/calm-sage-collection\/","url":"http:\/\/www.artnivo.com\/en\/title\/calm-sage-collection\/","name":"Calm - Sage Collection | artnivo","isPartOf":{"@id":"http:\/\/www.artnivo.com\/#website"},"datePublished":"2021-09-07T15:24:46+00:00","dateModified":"2021-09-07T15:24:46+00:00","description":"\u00c7a\u011fda\u015f sanat ve tasar\u0131ma ula\u015fman\u0131n en kolay yolu artnivo.com \u00fczerinden Calm - Sage Collection ba\u015fl\u0131kl\u0131 par\u00e7ay\u0131 hemen sat\u0131n alabilirsiniz.","breadcrumb":{"@id":"http:\/\/www.artnivo.com\/en\/title\/calm-sage-collection\/#breadcrumb"},"inLanguage":"en-US","potentialAction":[{"@type":"ReadAction","target":["http:\/\/www.artnivo.com\/en\/title\/calm-sage-collection\/"]}]},{"@type":"BreadcrumbList","@id":"http:\/\/www.artnivo.com\/en\/title\/calm-sage-collection\/#breadcrumb","itemListElement":[{"@type":"ListItem","position":1,"name":"Anasayfa","item":"http:\/\/www.artnivo.com\/en\/"},{"@type":"ListItem","position":2,"name":"Shop","item":"http:\/\/www.artnivo.com\/en\/shop\/"},{"@type":"ListItem","position":3,"name":"Calm &#8211; Sage Collection"}]},{"@type":"WebSite","@id":"http:\/\/www.artnivo.com\/#website","url":"http:\/\/www.artnivo.com\/","name":"artnivo","description":"","publisher":{"@id":"http:\/\/www.artnivo.com\/#organization"},"potentialAction":[{"@type":"SearchAction","target":{"@type":"EntryPoint","urlTemplate":"http:\/\/www.artnivo.com\/?s={search_term_string}"},"query-input":{"@type":"PropertyValueSpecification","valueRequired":true,"valueName":"search_term_string"}}],"inLanguage":"en-US"},{"@type":"Organization","@id":"http:\/\/www.artnivo.com\/#organization","name":"artnivo","url":"http:\/\/www.artnivo.com\/","logo":{"@type":"ImageObject","inLanguage":"en-US","@id":"http:\/\/www.artnivo.com\/#\/schema\/logo\/image\/","url":"http:\/\/www.artnivo.com\/wp-content\/uploads\/2021\/05\/artnivokare.jpg","contentUrl":"http:\/\/www.artnivo.com\/wp-content\/uploads\/2021\/05\/artnivokare.jpg","width":750,"height":750,"caption":"artnivo"},"image":{"@id":"http:\/\/www.artnivo.com\/#\/schema\/logo\/image\/"},"sameAs":["https:\/\/www.facebook.com\/artnivocom","https:\/\/x.com\/artnivocom","http:\/\/instagram.com\/artnivocom\/","https:\/\/www.pinterest.com\/artnivocom\/","https:\/\/www.youtube.com\/channel\/UC__bxk2hs4IZ4NiD1Bg4J9w"]}]}},"_links":{"self":[{"href":"http:\/\/www.artnivo.com\/en\/wp-json\/wp\/v2\/product\/15639","targetHints":{"allow":["GET"]}}],"collection":[{"href":"http:\/\/www.artnivo.com\/en\/wp-json\/wp\/v2\/product"}],"about":[{"href":"http:\/\/www.artnivo.com\/en\/wp-json\/wp\/v2\/types\/product"}],"wp:attachment":[{"href":"http:\/\/www.artnivo.com\/en\/wp-json\/wp\/v2\/media?parent=15639"}],"wp:term":[{"taxonomy":"brand","embeddable":true,"href":"http:\/\/www.artnivo.com\/en\/wp-json\/wp\/v2\/etheme_brands?post=15639"},{"taxonomy":"product_cat","embeddable":true,"href":"http:\/\/www.artnivo.com\/en\/wp-json\/wp\/v2\/product_cat?post=15639"},{"taxonomy":"product_tag","embeddable":true,"href":"http:\/\/www.artnivo.com\/en\/wp-json\/wp\/v2\/product_tag?post=15639"}],"curies":[{"name":"wp","href":"https:\/\/api.w.org\/{rel}","templated":true}]}}