{"id":15666,"date":"2021-09-07T19:48:01","date_gmt":"2021-09-07T16:48:01","guid":{"rendered":"http:\/\/www.artnivo.com\/baslik\/noble-mosaic-collection\/"},"modified":"2021-09-07T19:51:25","modified_gmt":"2021-09-07T16:51:25","slug":"noble-mosaic-collection","status":"publish","type":"product","link":"http:\/\/www.artnivo.com\/en\/title\/noble-mosaic-collection\/","title":{"rendered":"Noble &#8211; Mosaic Collection"},"content":{"rendered":"","protected":false},"excerpt":{"rendered":"<p>MOSAIC Collection 2015-2017<br \/>\n&nbsp;<br \/>\nIt was designed with inspiration from the Byzantine, Eastern Roman Empire and Istanbul mosaics.<br \/>\nCoffee set for one<br \/>\nHand made, Limoges porcelain cup, saucer, glass, porcelain vase, porcelain plate for sweets, oxidized brass tray.<br \/>\nIt is suitable for Turkish coffee and espresso use.<br \/>\nPorcelain parts are applied especially for this collection, in particular the interior is glazed and the exterior is matt.<br \/>\nDimensions<br \/>\n1 cup: 75 ml &#8211; 5,8 x 10 cm<br \/>\nSaucer: \u00d813,8 cm<br \/>\nMini vase: 3,5 x 6,5 cm<br \/>\nPlate for sweets: 3 x 6,5 cm<br \/>\nGlass: 5,2 x 8,3 cm<br \/>\nTray: 12,5 x 32,5 cm<br \/>\nBox: 13,5 x 14 x 36 cm<br \/>\nSent in a sponge kraft gift box, with the product story and ID card.<br \/>\nCleaning: Hand wash<\/p>\n","protected":false},"featured_media":0,"template":"","meta":[],"etheme_brands":[{"term_id":993,"name":"\u00d6zlem Tuna","slug":"ozlem-tuna-en","term_group":0,"term_taxonomy_id":993,"taxonomy":"brand","description":"\u00d6zlem Tuna'n\u0131n \u00e7amur ve hamurla ba\u015flayan hayat ser\u00fcveni, onu Marmara \u00dcniversitesi'nde ald\u0131\u011f\u0131 seramik e\u011fitimi ve sonras\u0131nda edindi\u011fi deneyimler ile birlikte 2003 y\u0131l\u0131nda kendi markas\u0131n\u0131 kurmaya g\u00f6t\u00fcrd\u00fc. Arkeoloji ve sanat tarihine a\u015f\u0131k bir baban\u0131n yan\u0131nda yeti\u015fen Tuna i\u00e7in tasar\u0131m, \u00e7evresindeki malzemelere istedi\u011fi \u015fekli vermenin d\u0131\u015f\u0131nda, bir\u00e7ok konuya \u00e7\u00f6z\u00fcm bulma y\u00f6ntemi oldu. \u015eimdi ise; tasar\u0131m ile \u00e7\u00f6z\u00fcm bulmak de\u011fil, soru sormak ilgisini \u00e7ekiyor.","parent":0,"count":19,"filter":"raw"}],"product_cat":[704],"product_tag":[874],"class_list":{"0":"post-15666","1":"product","2":"type-product","3":"status-publish","5":"brand-ozlem-tuna-en","6":"product_cat-interior-lifestyle","7":"product_tag-ozlem-tuna-en","9":"first","10":"outofstock","11":"taxable","12":"shipping-taxable","13":"purchasable","14":"product-type-simple"},"acf":[],"yoast_head":"<!-- This site is optimized with the Yoast SEO plugin v23.4 - https:\/\/yoast.com\/wordpress\/plugins\/seo\/ -->\n<title>Noble - Mosaic Collection | artnivo<\/title>\n<meta name=\"description\" content=\"\u00c7a\u011fda\u015f sanat ve tasar\u0131ma ula\u015fman\u0131n en kolay yolu artnivo.com \u00fczerinden Noble - Mosaic Collection ba\u015fl\u0131kl\u0131 par\u00e7ay\u0131 hemen sat\u0131n alabilirsiniz.\" \/>\n<meta name=\"robots\" content=\"index, follow, max-snippet:-1, max-image-preview:large, max-video-preview:-1\" \/>\n<link rel=\"canonical\" href=\"http:\/\/www.artnivo.com\/en\/title\/noble-mosaic-collection\/\" \/>\n<meta property=\"og:locale\" content=\"en_US\" \/>\n<meta property=\"og:type\" content=\"article\" \/>\n<meta property=\"og:title\" content=\"Noble - Mosaic Collection | artnivo\" \/>\n<meta property=\"og:description\" content=\"\u00c7a\u011fda\u015f sanat ve tasar\u0131ma ula\u015fman\u0131n en kolay yolu artnivo.com \u00fczerinden Noble - Mosaic Collection ba\u015fl\u0131kl\u0131 par\u00e7ay\u0131 hemen sat\u0131n alabilirsiniz.\" \/>\n<meta property=\"og:url\" content=\"http:\/\/www.artnivo.com\/en\/title\/noble-mosaic-collection\/\" \/>\n<meta property=\"og:site_name\" content=\"artnivo\" \/>\n<meta property=\"article:publisher\" content=\"https:\/\/www.facebook.com\/artnivocom\" \/>\n<meta property=\"article:modified_time\" content=\"2021-09-07T16:51:25+00:00\" \/>\n<meta property=\"og:image\" content=\"http:\/\/www.artnivo.com\/wp-content\/uploads\/2021\/05\/artnivohomesocial.jpg\" \/>\n\t<meta property=\"og:image:width\" content=\"1000\" \/>\n\t<meta property=\"og:image:height\" content=\"565\" \/>\n\t<meta property=\"og:image:type\" content=\"image\/jpeg\" \/>\n<meta name=\"twitter:card\" content=\"summary_large_image\" \/>\n<meta name=\"twitter:site\" content=\"@artnivocom\" \/>\n<script type=\"application\/ld+json\" class=\"yoast-schema-graph\">{\"@context\":\"https:\/\/schema.org\",\"@graph\":[{\"@type\":\"WebPage\",\"@id\":\"http:\/\/www.artnivo.com\/en\/title\/noble-mosaic-collection\/\",\"url\":\"http:\/\/www.artnivo.com\/en\/title\/noble-mosaic-collection\/\",\"name\":\"Noble - Mosaic Collection | artnivo\",\"isPartOf\":{\"@id\":\"http:\/\/www.artnivo.com\/#website\"},\"datePublished\":\"2021-09-07T16:48:01+00:00\",\"dateModified\":\"2021-09-07T16:51:25+00:00\",\"description\":\"\u00c7a\u011fda\u015f sanat ve tasar\u0131ma ula\u015fman\u0131n en kolay yolu artnivo.com \u00fczerinden Noble - Mosaic Collection ba\u015fl\u0131kl\u0131 par\u00e7ay\u0131 hemen sat\u0131n alabilirsiniz.\",\"breadcrumb\":{\"@id\":\"http:\/\/www.artnivo.com\/en\/title\/noble-mosaic-collection\/#breadcrumb\"},\"inLanguage\":\"en-US\",\"potentialAction\":[{\"@type\":\"ReadAction\",\"target\":[\"http:\/\/www.artnivo.com\/en\/title\/noble-mosaic-collection\/\"]}]},{\"@type\":\"BreadcrumbList\",\"@id\":\"http:\/\/www.artnivo.com\/en\/title\/noble-mosaic-collection\/#breadcrumb\",\"itemListElement\":[{\"@type\":\"ListItem\",\"position\":1,\"name\":\"Anasayfa\",\"item\":\"http:\/\/www.artnivo.com\/en\/\"},{\"@type\":\"ListItem\",\"position\":2,\"name\":\"Shop\",\"item\":\"http:\/\/www.artnivo.com\/en\/shop\/\"},{\"@type\":\"ListItem\",\"position\":3,\"name\":\"Noble &#8211; Mosaic Collection\"}]},{\"@type\":\"WebSite\",\"@id\":\"http:\/\/www.artnivo.com\/#website\",\"url\":\"http:\/\/www.artnivo.com\/\",\"name\":\"artnivo\",\"description\":\"\",\"publisher\":{\"@id\":\"http:\/\/www.artnivo.com\/#organization\"},\"potentialAction\":[{\"@type\":\"SearchAction\",\"target\":{\"@type\":\"EntryPoint\",\"urlTemplate\":\"http:\/\/www.artnivo.com\/?s={search_term_string}\"},\"query-input\":{\"@type\":\"PropertyValueSpecification\",\"valueRequired\":true,\"valueName\":\"search_term_string\"}}],\"inLanguage\":\"en-US\"},{\"@type\":\"Organization\",\"@id\":\"http:\/\/www.artnivo.com\/#organization\",\"name\":\"artnivo\",\"url\":\"http:\/\/www.artnivo.com\/\",\"logo\":{\"@type\":\"ImageObject\",\"inLanguage\":\"en-US\",\"@id\":\"http:\/\/www.artnivo.com\/#\/schema\/logo\/image\/\",\"url\":\"http:\/\/www.artnivo.com\/wp-content\/uploads\/2021\/05\/artnivokare.jpg\",\"contentUrl\":\"http:\/\/www.artnivo.com\/wp-content\/uploads\/2021\/05\/artnivokare.jpg\",\"width\":750,\"height\":750,\"caption\":\"artnivo\"},\"image\":{\"@id\":\"http:\/\/www.artnivo.com\/#\/schema\/logo\/image\/\"},\"sameAs\":[\"https:\/\/www.facebook.com\/artnivocom\",\"https:\/\/x.com\/artnivocom\",\"http:\/\/instagram.com\/artnivocom\/\",\"https:\/\/www.pinterest.com\/artnivocom\/\",\"https:\/\/www.youtube.com\/channel\/UC__bxk2hs4IZ4NiD1Bg4J9w\"]}]}<\/script>\n<!-- \/ Yoast SEO plugin. -->","yoast_head_json":{"title":"Noble - Mosaic Collection | artnivo","description":"\u00c7a\u011fda\u015f sanat ve tasar\u0131ma ula\u015fman\u0131n en kolay yolu artnivo.com \u00fczerinden Noble - Mosaic Collection ba\u015fl\u0131kl\u0131 par\u00e7ay\u0131 hemen sat\u0131n alabilirsiniz.","robots":{"index":"index","follow":"follow","max-snippet":"max-snippet:-1","max-image-preview":"max-image-preview:large","max-video-preview":"max-video-preview:-1"},"canonical":"http:\/\/www.artnivo.com\/en\/title\/noble-mosaic-collection\/","og_locale":"en_US","og_type":"article","og_title":"Noble - Mosaic Collection | artnivo","og_description":"\u00c7a\u011fda\u015f sanat ve tasar\u0131ma ula\u015fman\u0131n en kolay yolu artnivo.com \u00fczerinden Noble - Mosaic Collection ba\u015fl\u0131kl\u0131 par\u00e7ay\u0131 hemen sat\u0131n alabilirsiniz.","og_url":"http:\/\/www.artnivo.com\/en\/title\/noble-mosaic-collection\/","og_site_name":"artnivo","article_publisher":"https:\/\/www.facebook.com\/artnivocom","article_modified_time":"2021-09-07T16:51:25+00:00","og_image":[{"width":1000,"height":565,"url":"http:\/\/www.artnivo.com\/wp-content\/uploads\/2021\/05\/artnivohomesocial.jpg","type":"image\/jpeg"}],"twitter_card":"summary_large_image","twitter_site":"@artnivocom","schema":{"@context":"https:\/\/schema.org","@graph":[{"@type":"WebPage","@id":"http:\/\/www.artnivo.com\/en\/title\/noble-mosaic-collection\/","url":"http:\/\/www.artnivo.com\/en\/title\/noble-mosaic-collection\/","name":"Noble - Mosaic Collection | artnivo","isPartOf":{"@id":"http:\/\/www.artnivo.com\/#website"},"datePublished":"2021-09-07T16:48:01+00:00","dateModified":"2021-09-07T16:51:25+00:00","description":"\u00c7a\u011fda\u015f sanat ve tasar\u0131ma ula\u015fman\u0131n en kolay yolu artnivo.com \u00fczerinden Noble - Mosaic Collection ba\u015fl\u0131kl\u0131 par\u00e7ay\u0131 hemen sat\u0131n alabilirsiniz.","breadcrumb":{"@id":"http:\/\/www.artnivo.com\/en\/title\/noble-mosaic-collection\/#breadcrumb"},"inLanguage":"en-US","potentialAction":[{"@type":"ReadAction","target":["http:\/\/www.artnivo.com\/en\/title\/noble-mosaic-collection\/"]}]},{"@type":"BreadcrumbList","@id":"http:\/\/www.artnivo.com\/en\/title\/noble-mosaic-collection\/#breadcrumb","itemListElement":[{"@type":"ListItem","position":1,"name":"Anasayfa","item":"http:\/\/www.artnivo.com\/en\/"},{"@type":"ListItem","position":2,"name":"Shop","item":"http:\/\/www.artnivo.com\/en\/shop\/"},{"@type":"ListItem","position":3,"name":"Noble &#8211; Mosaic Collection"}]},{"@type":"WebSite","@id":"http:\/\/www.artnivo.com\/#website","url":"http:\/\/www.artnivo.com\/","name":"artnivo","description":"","publisher":{"@id":"http:\/\/www.artnivo.com\/#organization"},"potentialAction":[{"@type":"SearchAction","target":{"@type":"EntryPoint","urlTemplate":"http:\/\/www.artnivo.com\/?s={search_term_string}"},"query-input":{"@type":"PropertyValueSpecification","valueRequired":true,"valueName":"search_term_string"}}],"inLanguage":"en-US"},{"@type":"Organization","@id":"http:\/\/www.artnivo.com\/#organization","name":"artnivo","url":"http:\/\/www.artnivo.com\/","logo":{"@type":"ImageObject","inLanguage":"en-US","@id":"http:\/\/www.artnivo.com\/#\/schema\/logo\/image\/","url":"http:\/\/www.artnivo.com\/wp-content\/uploads\/2021\/05\/artnivokare.jpg","contentUrl":"http:\/\/www.artnivo.com\/wp-content\/uploads\/2021\/05\/artnivokare.jpg","width":750,"height":750,"caption":"artnivo"},"image":{"@id":"http:\/\/www.artnivo.com\/#\/schema\/logo\/image\/"},"sameAs":["https:\/\/www.facebook.com\/artnivocom","https:\/\/x.com\/artnivocom","http:\/\/instagram.com\/artnivocom\/","https:\/\/www.pinterest.com\/artnivocom\/","https:\/\/www.youtube.com\/channel\/UC__bxk2hs4IZ4NiD1Bg4J9w"]}]}},"_links":{"self":[{"href":"http:\/\/www.artnivo.com\/en\/wp-json\/wp\/v2\/product\/15666","targetHints":{"allow":["GET"]}}],"collection":[{"href":"http:\/\/www.artnivo.com\/en\/wp-json\/wp\/v2\/product"}],"about":[{"href":"http:\/\/www.artnivo.com\/en\/wp-json\/wp\/v2\/types\/product"}],"wp:attachment":[{"href":"http:\/\/www.artnivo.com\/en\/wp-json\/wp\/v2\/media?parent=15666"}],"wp:term":[{"taxonomy":"brand","embeddable":true,"href":"http:\/\/www.artnivo.com\/en\/wp-json\/wp\/v2\/etheme_brands?post=15666"},{"taxonomy":"product_cat","embeddable":true,"href":"http:\/\/www.artnivo.com\/en\/wp-json\/wp\/v2\/product_cat?post=15666"},{"taxonomy":"product_tag","embeddable":true,"href":"http:\/\/www.artnivo.com\/en\/wp-json\/wp\/v2\/product_tag?post=15666"}],"curies":[{"name":"wp","href":"https:\/\/api.w.org\/{rel}","templated":true}]}}