{"id":16150,"date":"2021-09-27T15:00:17","date_gmt":"2021-09-27T12:00:17","guid":{"rendered":"http:\/\/www.artnivo.com\/baslik\/hunter-4\/"},"modified":"2021-09-27T15:01:41","modified_gmt":"2021-09-27T12:01:41","slug":"hunter-4","status":"publish","type":"product","link":"http:\/\/www.artnivo.com\/en\/title\/hunter-4\/","title":{"rendered":"Hunter #4"},"content":{"rendered":"<p>M. Cevahir Akba\u015f, as a photographer, reveals his experience of the hunter life during his time spent in nature and his confrontation with this identity that his father witnessed for the first time, while actually looking for answers to many unanswered questions about the bond between him and his father.<\/p>\n","protected":false},"excerpt":{"rendered":"<p>Fine art print<br \/>\nWooden framed<br \/>\n50 x 70 cm<\/p>\n","protected":false},"featured_media":16149,"template":"","meta":[],"etheme_brands":[{"term_id":1031,"name":"M. Cevahir Akba\u015f","slug":"m-cevahir-akbas-en","term_group":0,"term_taxonomy_id":1031,"taxonomy":"brand","description":"He has been dealing with the photography discipline since 2010. His academic education, which started in the Department of Photography at Mimar Sinan Fine Arts University in 2013, has been continuing at the master's level since 2018 without a break. The artist, who participates in many photography exhibitions in Turkey and abroad, also undertakes editorial duties in various magazines. M.Cevahir Akba\u015f has been conducting exhibitions and projects for 2 years with the Demo Lab Photography Collective. In his works, he aims to bring to light the situations that are in his memory by making use of today's language of expression and other disciplines, and on the other hand, he always wants to keep the principle of causality alive.","parent":878,"count":4,"filter":"raw"}],"product_cat":[697],"product_tag":[1033],"class_list":{"0":"post-16150","1":"product","2":"type-product","3":"status-publish","4":"has-post-thumbnail","6":"brand-m-cevahir-akbas-en","7":"product_cat-photography","8":"product_tag-m-cevahir-akbas-en","10":"first","11":"instock","12":"taxable","13":"shipping-taxable","14":"purchasable","15":"product-type-simple"},"acf":[],"yoast_head":"<!-- This site is optimized with the Yoast SEO plugin v23.4 - https:\/\/yoast.com\/wordpress\/plugins\/seo\/ -->\n<title>Hunter #4 | artnivo<\/title>\n<meta name=\"description\" content=\"\u00c7a\u011fda\u015f sanat ve tasar\u0131ma ula\u015fman\u0131n en kolay yolu artnivo.com \u00fczerinden Hunter #4 ba\u015fl\u0131kl\u0131 par\u00e7ay\u0131 hemen sat\u0131n alabilirsiniz.\" \/>\n<meta name=\"robots\" content=\"index, follow, max-snippet:-1, max-image-preview:large, max-video-preview:-1\" \/>\n<link rel=\"canonical\" href=\"http:\/\/www.artnivo.com\/en\/title\/hunter-4\/\" \/>\n<meta property=\"og:locale\" content=\"en_US\" \/>\n<meta property=\"og:type\" content=\"article\" \/>\n<meta property=\"og:title\" content=\"Hunter #4 | artnivo\" \/>\n<meta property=\"og:description\" content=\"\u00c7a\u011fda\u015f sanat ve tasar\u0131ma ula\u015fman\u0131n en kolay yolu artnivo.com \u00fczerinden Hunter #4 ba\u015fl\u0131kl\u0131 par\u00e7ay\u0131 hemen sat\u0131n alabilirsiniz.\" \/>\n<meta property=\"og:url\" content=\"http:\/\/www.artnivo.com\/en\/title\/hunter-4\/\" \/>\n<meta property=\"og:site_name\" content=\"artnivo\" \/>\n<meta property=\"article:publisher\" content=\"https:\/\/www.facebook.com\/artnivocom\" \/>\n<meta property=\"article:modified_time\" content=\"2021-09-27T12:01:41+00:00\" \/>\n<meta property=\"og:image\" content=\"http:\/\/www.artnivo.com\/wp-content\/uploads\/2021\/09\/hunter4.jpg\" \/>\n\t<meta property=\"og:image:width\" content=\"1512\" \/>\n\t<meta property=\"og:image:height\" content=\"1080\" \/>\n\t<meta property=\"og:image:type\" content=\"image\/jpeg\" \/>\n<meta name=\"twitter:card\" content=\"summary_large_image\" \/>\n<meta name=\"twitter:site\" content=\"@artnivocom\" \/>\n<script type=\"application\/ld+json\" class=\"yoast-schema-graph\">{\"@context\":\"https:\/\/schema.org\",\"@graph\":[{\"@type\":\"WebPage\",\"@id\":\"http:\/\/www.artnivo.com\/en\/title\/hunter-4\/\",\"url\":\"http:\/\/www.artnivo.com\/en\/title\/hunter-4\/\",\"name\":\"Hunter #4 | artnivo\",\"isPartOf\":{\"@id\":\"http:\/\/www.artnivo.com\/#website\"},\"primaryImageOfPage\":{\"@id\":\"http:\/\/www.artnivo.com\/en\/title\/hunter-4\/#primaryimage\"},\"image\":{\"@id\":\"http:\/\/www.artnivo.com\/en\/title\/hunter-4\/#primaryimage\"},\"thumbnailUrl\":\"http:\/\/www.artnivo.com\/wp-content\/uploads\/2021\/09\/hunter4.jpg\",\"datePublished\":\"2021-09-27T12:00:17+00:00\",\"dateModified\":\"2021-09-27T12:01:41+00:00\",\"description\":\"\u00c7a\u011fda\u015f sanat ve tasar\u0131ma ula\u015fman\u0131n en kolay yolu artnivo.com \u00fczerinden Hunter #4 ba\u015fl\u0131kl\u0131 par\u00e7ay\u0131 hemen sat\u0131n alabilirsiniz.\",\"breadcrumb\":{\"@id\":\"http:\/\/www.artnivo.com\/en\/title\/hunter-4\/#breadcrumb\"},\"inLanguage\":\"en-US\",\"potentialAction\":[{\"@type\":\"ReadAction\",\"target\":[\"http:\/\/www.artnivo.com\/en\/title\/hunter-4\/\"]}]},{\"@type\":\"ImageObject\",\"inLanguage\":\"en-US\",\"@id\":\"http:\/\/www.artnivo.com\/en\/title\/hunter-4\/#primaryimage\",\"url\":\"http:\/\/www.artnivo.com\/wp-content\/uploads\/2021\/09\/hunter4.jpg\",\"contentUrl\":\"http:\/\/www.artnivo.com\/wp-content\/uploads\/2021\/09\/hunter4.jpg\",\"width\":1512,\"height\":1080},{\"@type\":\"BreadcrumbList\",\"@id\":\"http:\/\/www.artnivo.com\/en\/title\/hunter-4\/#breadcrumb\",\"itemListElement\":[{\"@type\":\"ListItem\",\"position\":1,\"name\":\"Anasayfa\",\"item\":\"http:\/\/www.artnivo.com\/en\/\"},{\"@type\":\"ListItem\",\"position\":2,\"name\":\"Shop\",\"item\":\"http:\/\/www.artnivo.com\/en\/shop\/\"},{\"@type\":\"ListItem\",\"position\":3,\"name\":\"Hunter #4\"}]},{\"@type\":\"WebSite\",\"@id\":\"http:\/\/www.artnivo.com\/#website\",\"url\":\"http:\/\/www.artnivo.com\/\",\"name\":\"artnivo\",\"description\":\"\",\"publisher\":{\"@id\":\"http:\/\/www.artnivo.com\/#organization\"},\"potentialAction\":[{\"@type\":\"SearchAction\",\"target\":{\"@type\":\"EntryPoint\",\"urlTemplate\":\"http:\/\/www.artnivo.com\/?s={search_term_string}\"},\"query-input\":{\"@type\":\"PropertyValueSpecification\",\"valueRequired\":true,\"valueName\":\"search_term_string\"}}],\"inLanguage\":\"en-US\"},{\"@type\":\"Organization\",\"@id\":\"http:\/\/www.artnivo.com\/#organization\",\"name\":\"artnivo\",\"url\":\"http:\/\/www.artnivo.com\/\",\"logo\":{\"@type\":\"ImageObject\",\"inLanguage\":\"en-US\",\"@id\":\"http:\/\/www.artnivo.com\/#\/schema\/logo\/image\/\",\"url\":\"http:\/\/www.artnivo.com\/wp-content\/uploads\/2021\/05\/artnivokare.jpg\",\"contentUrl\":\"http:\/\/www.artnivo.com\/wp-content\/uploads\/2021\/05\/artnivokare.jpg\",\"width\":750,\"height\":750,\"caption\":\"artnivo\"},\"image\":{\"@id\":\"http:\/\/www.artnivo.com\/#\/schema\/logo\/image\/\"},\"sameAs\":[\"https:\/\/www.facebook.com\/artnivocom\",\"https:\/\/x.com\/artnivocom\",\"http:\/\/instagram.com\/artnivocom\/\",\"https:\/\/www.pinterest.com\/artnivocom\/\",\"https:\/\/www.youtube.com\/channel\/UC__bxk2hs4IZ4NiD1Bg4J9w\"]}]}<\/script>\n<!-- \/ Yoast SEO plugin. -->","yoast_head_json":{"title":"Hunter #4 | artnivo","description":"\u00c7a\u011fda\u015f sanat ve tasar\u0131ma ula\u015fman\u0131n en kolay yolu artnivo.com \u00fczerinden Hunter #4 ba\u015fl\u0131kl\u0131 par\u00e7ay\u0131 hemen sat\u0131n alabilirsiniz.","robots":{"index":"index","follow":"follow","max-snippet":"max-snippet:-1","max-image-preview":"max-image-preview:large","max-video-preview":"max-video-preview:-1"},"canonical":"http:\/\/www.artnivo.com\/en\/title\/hunter-4\/","og_locale":"en_US","og_type":"article","og_title":"Hunter #4 | artnivo","og_description":"\u00c7a\u011fda\u015f sanat ve tasar\u0131ma ula\u015fman\u0131n en kolay yolu artnivo.com \u00fczerinden Hunter #4 ba\u015fl\u0131kl\u0131 par\u00e7ay\u0131 hemen sat\u0131n alabilirsiniz.","og_url":"http:\/\/www.artnivo.com\/en\/title\/hunter-4\/","og_site_name":"artnivo","article_publisher":"https:\/\/www.facebook.com\/artnivocom","article_modified_time":"2021-09-27T12:01:41+00:00","og_image":[{"width":1512,"height":1080,"url":"http:\/\/www.artnivo.com\/wp-content\/uploads\/2021\/09\/hunter4.jpg","type":"image\/jpeg"}],"twitter_card":"summary_large_image","twitter_site":"@artnivocom","schema":{"@context":"https:\/\/schema.org","@graph":[{"@type":"WebPage","@id":"http:\/\/www.artnivo.com\/en\/title\/hunter-4\/","url":"http:\/\/www.artnivo.com\/en\/title\/hunter-4\/","name":"Hunter #4 | artnivo","isPartOf":{"@id":"http:\/\/www.artnivo.com\/#website"},"primaryImageOfPage":{"@id":"http:\/\/www.artnivo.com\/en\/title\/hunter-4\/#primaryimage"},"image":{"@id":"http:\/\/www.artnivo.com\/en\/title\/hunter-4\/#primaryimage"},"thumbnailUrl":"http:\/\/www.artnivo.com\/wp-content\/uploads\/2021\/09\/hunter4.jpg","datePublished":"2021-09-27T12:00:17+00:00","dateModified":"2021-09-27T12:01:41+00:00","description":"\u00c7a\u011fda\u015f sanat ve tasar\u0131ma ula\u015fman\u0131n en kolay yolu artnivo.com \u00fczerinden Hunter #4 ba\u015fl\u0131kl\u0131 par\u00e7ay\u0131 hemen sat\u0131n alabilirsiniz.","breadcrumb":{"@id":"http:\/\/www.artnivo.com\/en\/title\/hunter-4\/#breadcrumb"},"inLanguage":"en-US","potentialAction":[{"@type":"ReadAction","target":["http:\/\/www.artnivo.com\/en\/title\/hunter-4\/"]}]},{"@type":"ImageObject","inLanguage":"en-US","@id":"http:\/\/www.artnivo.com\/en\/title\/hunter-4\/#primaryimage","url":"http:\/\/www.artnivo.com\/wp-content\/uploads\/2021\/09\/hunter4.jpg","contentUrl":"http:\/\/www.artnivo.com\/wp-content\/uploads\/2021\/09\/hunter4.jpg","width":1512,"height":1080},{"@type":"BreadcrumbList","@id":"http:\/\/www.artnivo.com\/en\/title\/hunter-4\/#breadcrumb","itemListElement":[{"@type":"ListItem","position":1,"name":"Anasayfa","item":"http:\/\/www.artnivo.com\/en\/"},{"@type":"ListItem","position":2,"name":"Shop","item":"http:\/\/www.artnivo.com\/en\/shop\/"},{"@type":"ListItem","position":3,"name":"Hunter #4"}]},{"@type":"WebSite","@id":"http:\/\/www.artnivo.com\/#website","url":"http:\/\/www.artnivo.com\/","name":"artnivo","description":"","publisher":{"@id":"http:\/\/www.artnivo.com\/#organization"},"potentialAction":[{"@type":"SearchAction","target":{"@type":"EntryPoint","urlTemplate":"http:\/\/www.artnivo.com\/?s={search_term_string}"},"query-input":{"@type":"PropertyValueSpecification","valueRequired":true,"valueName":"search_term_string"}}],"inLanguage":"en-US"},{"@type":"Organization","@id":"http:\/\/www.artnivo.com\/#organization","name":"artnivo","url":"http:\/\/www.artnivo.com\/","logo":{"@type":"ImageObject","inLanguage":"en-US","@id":"http:\/\/www.artnivo.com\/#\/schema\/logo\/image\/","url":"http:\/\/www.artnivo.com\/wp-content\/uploads\/2021\/05\/artnivokare.jpg","contentUrl":"http:\/\/www.artnivo.com\/wp-content\/uploads\/2021\/05\/artnivokare.jpg","width":750,"height":750,"caption":"artnivo"},"image":{"@id":"http:\/\/www.artnivo.com\/#\/schema\/logo\/image\/"},"sameAs":["https:\/\/www.facebook.com\/artnivocom","https:\/\/x.com\/artnivocom","http:\/\/instagram.com\/artnivocom\/","https:\/\/www.pinterest.com\/artnivocom\/","https:\/\/www.youtube.com\/channel\/UC__bxk2hs4IZ4NiD1Bg4J9w"]}]}},"_links":{"self":[{"href":"http:\/\/www.artnivo.com\/en\/wp-json\/wp\/v2\/product\/16150","targetHints":{"allow":["GET"]}}],"collection":[{"href":"http:\/\/www.artnivo.com\/en\/wp-json\/wp\/v2\/product"}],"about":[{"href":"http:\/\/www.artnivo.com\/en\/wp-json\/wp\/v2\/types\/product"}],"wp:featuredmedia":[{"embeddable":true,"href":"http:\/\/www.artnivo.com\/en\/wp-json\/wp\/v2\/media\/16149"}],"wp:attachment":[{"href":"http:\/\/www.artnivo.com\/en\/wp-json\/wp\/v2\/media?parent=16150"}],"wp:term":[{"taxonomy":"brand","embeddable":true,"href":"http:\/\/www.artnivo.com\/en\/wp-json\/wp\/v2\/etheme_brands?post=16150"},{"taxonomy":"product_cat","embeddable":true,"href":"http:\/\/www.artnivo.com\/en\/wp-json\/wp\/v2\/product_cat?post=16150"},{"taxonomy":"product_tag","embeddable":true,"href":"http:\/\/www.artnivo.com\/en\/wp-json\/wp\/v2\/product_tag?post=16150"}],"curies":[{"name":"wp","href":"https:\/\/api.w.org\/{rel}","templated":true}]}}