{"id":20570,"date":"2024-02-07T13:28:07","date_gmt":"2024-02-07T10:28:07","guid":{"rendered":"https:\/\/www.artnivo.com\/?post_type=product&#038;p=20570"},"modified":"2024-06-24T12:06:40","modified_gmt":"2024-06-24T09:06:40","slug":"sadness","status":"publish","type":"product","link":"http:\/\/www.artnivo.com\/en\/title\/sadness\/","title":{"rendered":"Sadness"},"content":{"rendered":"<p><em>\u201cSartre\u2019s existentialism is a philosophy that challenges us to confront our freedom and responsibility, embrace the absurdity of existence, and create a life of authenticity and meaning.<\/em><br \/>\n<em>It is a call to live intentionally, to take ownership of our choices, and to contribute to a world that reflects our values and aspirations.<\/em><br \/>\n<em>With this mindset I created my \u201chumanisation\u201d digital art concept based on monochromatic photographs which I collected all around the world and combined them with artificial intelligence (AI) programs to make them feel more human.\u201d<\/em><\/p>\n<p>Emre Ezelli, Bohemia \u2013 2024<\/p>\n","protected":false},"excerpt":{"rendered":"<p>Fine Art Print \/ 20 Editions<\/p>\n<p>2024<\/p>\n","protected":false},"featured_media":20296,"template":"","meta":[],"etheme_brands":[{"term_id":1090,"name":"Emre Ezelli","slug":"emre-ezelli-en","term_group":0,"term_taxonomy_id":1090,"taxonomy":"brand","description":"Born in Izmir in 1986, sculptor and designer Emre Ezelli continued his creation process, which he started in 1992 at the H\u00fcrriyet Newspaper Children's Club, with the \"T\u00fcbitak Painting Award\" in 1993-1994.\r\n\r\nEzelli, who completed his undergraduate education in the Department of Sculpture, has opened 5 personal exhibitions in Turkey and 1 in Austria so far. He also participated in 8 group exhibitions in Europe and was deemed worthy of many global and national awards in the field of sculpture and artistic design. His sculptures, collages and sketches are now in many personal collections and art galleries.\r\n\r\nEzelli, who lives in Bohemia, has studios in the Netherlands, Prague and Venice and continues active art\/design production.","parent":878,"count":12,"filter":"raw"}],"product_cat":[701],"product_tag":[1094],"class_list":{"0":"post-20570","1":"product","2":"type-product","3":"status-publish","4":"has-post-thumbnail","6":"brand-emre-ezelli-en","7":"product_cat-paintings","8":"product_tag-emre-ezelli-en","10":"first","11":"instock","12":"taxable","13":"shipping-taxable","14":"purchasable","15":"product-type-variable"},"acf":[],"yoast_head":"<!-- This site is optimized with the Yoast SEO plugin v23.4 - https:\/\/yoast.com\/wordpress\/plugins\/seo\/ -->\n<title>Sadness | artnivo<\/title>\n<meta name=\"description\" content=\"\u00c7a\u011fda\u015f sanat ve tasar\u0131ma ula\u015fman\u0131n en kolay yolu artnivo.com \u00fczerinden Sadness ba\u015fl\u0131kl\u0131 par\u00e7ay\u0131 hemen sat\u0131n alabilirsiniz.\" \/>\n<meta name=\"robots\" content=\"index, follow, max-snippet:-1, max-image-preview:large, max-video-preview:-1\" \/>\n<link rel=\"canonical\" href=\"https:\/\/www.artnivo.com\/en\/title\/sadness\/\" \/>\n<meta property=\"og:locale\" content=\"en_US\" \/>\n<meta property=\"og:type\" content=\"article\" \/>\n<meta property=\"og:title\" content=\"Sadness | artnivo\" \/>\n<meta property=\"og:description\" content=\"\u00c7a\u011fda\u015f sanat ve tasar\u0131ma ula\u015fman\u0131n en kolay yolu artnivo.com \u00fczerinden Sadness ba\u015fl\u0131kl\u0131 par\u00e7ay\u0131 hemen sat\u0131n alabilirsiniz.\" \/>\n<meta property=\"og:url\" content=\"https:\/\/www.artnivo.com\/en\/title\/sadness\/\" \/>\n<meta property=\"og:site_name\" content=\"artnivo\" \/>\n<meta property=\"article:publisher\" content=\"https:\/\/www.facebook.com\/artnivocom\" \/>\n<meta property=\"article:modified_time\" content=\"2024-06-24T09:06:40+00:00\" \/>\n<meta property=\"og:image\" content=\"https:\/\/www.artnivo.com\/wp-content\/uploads\/2024\/01\/SADNESS_EMREEZELLI.jpg\" \/>\n\t<meta property=\"og:image:width\" content=\"2000\" \/>\n\t<meta property=\"og:image:height\" content=\"2000\" \/>\n\t<meta property=\"og:image:type\" content=\"image\/jpeg\" \/>\n<meta name=\"twitter:card\" content=\"summary_large_image\" \/>\n<meta name=\"twitter:site\" content=\"@artnivocom\" \/>\n<meta name=\"twitter:label1\" content=\"Est. reading time\" \/>\n\t<meta name=\"twitter:data1\" content=\"1 minute\" \/>\n<script type=\"application\/ld+json\" class=\"yoast-schema-graph\">{\"@context\":\"https:\/\/schema.org\",\"@graph\":[{\"@type\":\"WebPage\",\"@id\":\"https:\/\/www.artnivo.com\/en\/title\/sadness\/\",\"url\":\"https:\/\/www.artnivo.com\/en\/title\/sadness\/\",\"name\":\"Sadness | artnivo\",\"isPartOf\":{\"@id\":\"http:\/\/www.artnivo.com\/#website\"},\"primaryImageOfPage\":{\"@id\":\"https:\/\/www.artnivo.com\/en\/title\/sadness\/#primaryimage\"},\"image\":{\"@id\":\"https:\/\/www.artnivo.com\/en\/title\/sadness\/#primaryimage\"},\"thumbnailUrl\":\"http:\/\/www.artnivo.com\/wp-content\/uploads\/2024\/01\/SADNESS_EMREEZELLI.jpg\",\"datePublished\":\"2024-02-07T10:28:07+00:00\",\"dateModified\":\"2024-06-24T09:06:40+00:00\",\"description\":\"\u00c7a\u011fda\u015f sanat ve tasar\u0131ma ula\u015fman\u0131n en kolay yolu artnivo.com \u00fczerinden Sadness ba\u015fl\u0131kl\u0131 par\u00e7ay\u0131 hemen sat\u0131n alabilirsiniz.\",\"breadcrumb\":{\"@id\":\"https:\/\/www.artnivo.com\/en\/title\/sadness\/#breadcrumb\"},\"inLanguage\":\"en-US\",\"potentialAction\":[{\"@type\":\"ReadAction\",\"target\":[\"https:\/\/www.artnivo.com\/en\/title\/sadness\/\"]}]},{\"@type\":\"ImageObject\",\"inLanguage\":\"en-US\",\"@id\":\"https:\/\/www.artnivo.com\/en\/title\/sadness\/#primaryimage\",\"url\":\"http:\/\/www.artnivo.com\/wp-content\/uploads\/2024\/01\/SADNESS_EMREEZELLI.jpg\",\"contentUrl\":\"http:\/\/www.artnivo.com\/wp-content\/uploads\/2024\/01\/SADNESS_EMREEZELLI.jpg\",\"width\":2000,\"height\":2000,\"caption\":\"emre_ezelli\"},{\"@type\":\"BreadcrumbList\",\"@id\":\"https:\/\/www.artnivo.com\/en\/title\/sadness\/#breadcrumb\",\"itemListElement\":[{\"@type\":\"ListItem\",\"position\":1,\"name\":\"Anasayfa\",\"item\":\"http:\/\/www.artnivo.com\/en\/\"},{\"@type\":\"ListItem\",\"position\":2,\"name\":\"Shop\",\"item\":\"http:\/\/www.artnivo.com\/en\/shop\/\"},{\"@type\":\"ListItem\",\"position\":3,\"name\":\"Sadness\"}]},{\"@type\":\"WebSite\",\"@id\":\"http:\/\/www.artnivo.com\/#website\",\"url\":\"http:\/\/www.artnivo.com\/\",\"name\":\"artnivo\",\"description\":\"\",\"publisher\":{\"@id\":\"http:\/\/www.artnivo.com\/#organization\"},\"potentialAction\":[{\"@type\":\"SearchAction\",\"target\":{\"@type\":\"EntryPoint\",\"urlTemplate\":\"http:\/\/www.artnivo.com\/?s={search_term_string}\"},\"query-input\":{\"@type\":\"PropertyValueSpecification\",\"valueRequired\":true,\"valueName\":\"search_term_string\"}}],\"inLanguage\":\"en-US\"},{\"@type\":\"Organization\",\"@id\":\"http:\/\/www.artnivo.com\/#organization\",\"name\":\"artnivo\",\"url\":\"http:\/\/www.artnivo.com\/\",\"logo\":{\"@type\":\"ImageObject\",\"inLanguage\":\"en-US\",\"@id\":\"http:\/\/www.artnivo.com\/#\/schema\/logo\/image\/\",\"url\":\"http:\/\/www.artnivo.com\/wp-content\/uploads\/2021\/05\/artnivokare.jpg\",\"contentUrl\":\"http:\/\/www.artnivo.com\/wp-content\/uploads\/2021\/05\/artnivokare.jpg\",\"width\":750,\"height\":750,\"caption\":\"artnivo\"},\"image\":{\"@id\":\"http:\/\/www.artnivo.com\/#\/schema\/logo\/image\/\"},\"sameAs\":[\"https:\/\/www.facebook.com\/artnivocom\",\"https:\/\/x.com\/artnivocom\",\"http:\/\/instagram.com\/artnivocom\/\",\"https:\/\/www.pinterest.com\/artnivocom\/\",\"https:\/\/www.youtube.com\/channel\/UC__bxk2hs4IZ4NiD1Bg4J9w\"]}]}<\/script>\n<!-- \/ Yoast SEO plugin. -->","yoast_head_json":{"title":"Sadness | artnivo","description":"\u00c7a\u011fda\u015f sanat ve tasar\u0131ma ula\u015fman\u0131n en kolay yolu artnivo.com \u00fczerinden Sadness ba\u015fl\u0131kl\u0131 par\u00e7ay\u0131 hemen sat\u0131n alabilirsiniz.","robots":{"index":"index","follow":"follow","max-snippet":"max-snippet:-1","max-image-preview":"max-image-preview:large","max-video-preview":"max-video-preview:-1"},"canonical":"https:\/\/www.artnivo.com\/en\/title\/sadness\/","og_locale":"en_US","og_type":"article","og_title":"Sadness | artnivo","og_description":"\u00c7a\u011fda\u015f sanat ve tasar\u0131ma ula\u015fman\u0131n en kolay yolu artnivo.com \u00fczerinden Sadness ba\u015fl\u0131kl\u0131 par\u00e7ay\u0131 hemen sat\u0131n alabilirsiniz.","og_url":"https:\/\/www.artnivo.com\/en\/title\/sadness\/","og_site_name":"artnivo","article_publisher":"https:\/\/www.facebook.com\/artnivocom","article_modified_time":"2024-06-24T09:06:40+00:00","og_image":[{"width":2000,"height":2000,"url":"https:\/\/www.artnivo.com\/wp-content\/uploads\/2024\/01\/SADNESS_EMREEZELLI.jpg","type":"image\/jpeg"}],"twitter_card":"summary_large_image","twitter_site":"@artnivocom","twitter_misc":{"Est. reading time":"1 minute"},"schema":{"@context":"https:\/\/schema.org","@graph":[{"@type":"WebPage","@id":"https:\/\/www.artnivo.com\/en\/title\/sadness\/","url":"https:\/\/www.artnivo.com\/en\/title\/sadness\/","name":"Sadness | artnivo","isPartOf":{"@id":"http:\/\/www.artnivo.com\/#website"},"primaryImageOfPage":{"@id":"https:\/\/www.artnivo.com\/en\/title\/sadness\/#primaryimage"},"image":{"@id":"https:\/\/www.artnivo.com\/en\/title\/sadness\/#primaryimage"},"thumbnailUrl":"http:\/\/www.artnivo.com\/wp-content\/uploads\/2024\/01\/SADNESS_EMREEZELLI.jpg","datePublished":"2024-02-07T10:28:07+00:00","dateModified":"2024-06-24T09:06:40+00:00","description":"\u00c7a\u011fda\u015f sanat ve tasar\u0131ma ula\u015fman\u0131n en kolay yolu artnivo.com \u00fczerinden Sadness ba\u015fl\u0131kl\u0131 par\u00e7ay\u0131 hemen sat\u0131n alabilirsiniz.","breadcrumb":{"@id":"https:\/\/www.artnivo.com\/en\/title\/sadness\/#breadcrumb"},"inLanguage":"en-US","potentialAction":[{"@type":"ReadAction","target":["https:\/\/www.artnivo.com\/en\/title\/sadness\/"]}]},{"@type":"ImageObject","inLanguage":"en-US","@id":"https:\/\/www.artnivo.com\/en\/title\/sadness\/#primaryimage","url":"http:\/\/www.artnivo.com\/wp-content\/uploads\/2024\/01\/SADNESS_EMREEZELLI.jpg","contentUrl":"http:\/\/www.artnivo.com\/wp-content\/uploads\/2024\/01\/SADNESS_EMREEZELLI.jpg","width":2000,"height":2000,"caption":"emre_ezelli"},{"@type":"BreadcrumbList","@id":"https:\/\/www.artnivo.com\/en\/title\/sadness\/#breadcrumb","itemListElement":[{"@type":"ListItem","position":1,"name":"Anasayfa","item":"http:\/\/www.artnivo.com\/en\/"},{"@type":"ListItem","position":2,"name":"Shop","item":"http:\/\/www.artnivo.com\/en\/shop\/"},{"@type":"ListItem","position":3,"name":"Sadness"}]},{"@type":"WebSite","@id":"http:\/\/www.artnivo.com\/#website","url":"http:\/\/www.artnivo.com\/","name":"artnivo","description":"","publisher":{"@id":"http:\/\/www.artnivo.com\/#organization"},"potentialAction":[{"@type":"SearchAction","target":{"@type":"EntryPoint","urlTemplate":"http:\/\/www.artnivo.com\/?s={search_term_string}"},"query-input":{"@type":"PropertyValueSpecification","valueRequired":true,"valueName":"search_term_string"}}],"inLanguage":"en-US"},{"@type":"Organization","@id":"http:\/\/www.artnivo.com\/#organization","name":"artnivo","url":"http:\/\/www.artnivo.com\/","logo":{"@type":"ImageObject","inLanguage":"en-US","@id":"http:\/\/www.artnivo.com\/#\/schema\/logo\/image\/","url":"http:\/\/www.artnivo.com\/wp-content\/uploads\/2021\/05\/artnivokare.jpg","contentUrl":"http:\/\/www.artnivo.com\/wp-content\/uploads\/2021\/05\/artnivokare.jpg","width":750,"height":750,"caption":"artnivo"},"image":{"@id":"http:\/\/www.artnivo.com\/#\/schema\/logo\/image\/"},"sameAs":["https:\/\/www.facebook.com\/artnivocom","https:\/\/x.com\/artnivocom","http:\/\/instagram.com\/artnivocom\/","https:\/\/www.pinterest.com\/artnivocom\/","https:\/\/www.youtube.com\/channel\/UC__bxk2hs4IZ4NiD1Bg4J9w"]}]}},"_links":{"self":[{"href":"http:\/\/www.artnivo.com\/en\/wp-json\/wp\/v2\/product\/20570","targetHints":{"allow":["GET"]}}],"collection":[{"href":"http:\/\/www.artnivo.com\/en\/wp-json\/wp\/v2\/product"}],"about":[{"href":"http:\/\/www.artnivo.com\/en\/wp-json\/wp\/v2\/types\/product"}],"wp:featuredmedia":[{"embeddable":true,"href":"http:\/\/www.artnivo.com\/en\/wp-json\/wp\/v2\/media\/20296"}],"wp:attachment":[{"href":"http:\/\/www.artnivo.com\/en\/wp-json\/wp\/v2\/media?parent=20570"}],"wp:term":[{"taxonomy":"brand","embeddable":true,"href":"http:\/\/www.artnivo.com\/en\/wp-json\/wp\/v2\/etheme_brands?post=20570"},{"taxonomy":"product_cat","embeddable":true,"href":"http:\/\/www.artnivo.com\/en\/wp-json\/wp\/v2\/product_cat?post=20570"},{"taxonomy":"product_tag","embeddable":true,"href":"http:\/\/www.artnivo.com\/en\/wp-json\/wp\/v2\/product_tag?post=20570"}],"curies":[{"name":"wp","href":"https:\/\/api.w.org\/{rel}","templated":true}]}}