{"id":21638,"date":"2024-09-11T18:33:26","date_gmt":"2024-09-11T15:33:26","guid":{"rendered":"https:\/\/www.artnivo.com\/baslik\/couples-ciftler-ii\/"},"modified":"2024-09-11T18:41:25","modified_gmt":"2024-09-11T15:41:25","slug":"couples-ciftler-ii","status":"publish","type":"product","link":"http:\/\/www.artnivo.com\/en\/title\/couples-ciftler-ii\/","title":{"rendered":"Couples \/ \u00c7iftler &#8211; II"},"content":{"rendered":"","protected":false},"excerpt":{"rendered":"<p>S\u0131cak bask\u0131_HotPress canson 300 gr \u00fczerine suluboya ve m\u00fcrekkep<\/p>\n<p>35 x 50 cm<\/p>\n<p>2019-2020<\/p>\n","protected":false},"featured_media":21628,"template":"","meta":[],"etheme_brands":[{"term_id":1121,"name":"\u00c7i\u011fdem Mente\u015fo\u011flu","slug":"cigdem-mentesoglu-en","term_group":0,"term_taxonomy_id":1121,"taxonomy":"brand","description":"","parent":878,"count":15,"filter":"raw"}],"product_cat":[701],"product_tag":[1122],"class_list":{"0":"post-21638","1":"product","2":"type-product","3":"status-publish","4":"has-post-thumbnail","6":"brand-cigdem-mentesoglu-en","7":"product_cat-paintings","8":"product_tag-cigdem-mentesoglu-en","10":"first","11":"instock","12":"taxable","13":"shipping-taxable","14":"purchasable","15":"product-type-simple"},"acf":[],"yoast_head":"<!-- This site is optimized with the Yoast SEO plugin v23.4 - https:\/\/yoast.com\/wordpress\/plugins\/seo\/ -->\n<title>Couples \/ \u00c7iftler - II | artnivo<\/title>\n<meta name=\"description\" content=\"\u00c7a\u011fda\u015f sanat ve tasar\u0131ma ula\u015fman\u0131n en kolay yolu artnivo.com \u00fczerinden Couples \/ \u00c7iftler - II ba\u015fl\u0131kl\u0131 par\u00e7ay\u0131 hemen sat\u0131n alabilirsiniz.\" \/>\n<meta name=\"robots\" content=\"index, follow, max-snippet:-1, max-image-preview:large, max-video-preview:-1\" \/>\n<link rel=\"canonical\" href=\"https:\/\/www.artnivo.com\/en\/title\/couples-ciftler-ii\/\" \/>\n<meta property=\"og:locale\" content=\"en_US\" \/>\n<meta property=\"og:type\" content=\"article\" \/>\n<meta property=\"og:title\" content=\"Couples \/ \u00c7iftler - II | artnivo\" \/>\n<meta property=\"og:description\" content=\"\u00c7a\u011fda\u015f sanat ve tasar\u0131ma ula\u015fman\u0131n en kolay yolu artnivo.com \u00fczerinden Couples \/ \u00c7iftler - II ba\u015fl\u0131kl\u0131 par\u00e7ay\u0131 hemen sat\u0131n alabilirsiniz.\" \/>\n<meta property=\"og:url\" content=\"https:\/\/www.artnivo.com\/en\/title\/couples-ciftler-ii\/\" \/>\n<meta property=\"og:site_name\" content=\"artnivo\" \/>\n<meta property=\"article:publisher\" content=\"https:\/\/www.facebook.com\/artnivocom\" \/>\n<meta property=\"article:modified_time\" content=\"2024-09-11T15:41:25+00:00\" \/>\n<meta property=\"og:image\" content=\"https:\/\/www.artnivo.com\/wp-content\/uploads\/2024\/09\/Couples_Ciftler-II.jpg\" \/>\n\t<meta property=\"og:image:width\" content=\"2000\" \/>\n\t<meta property=\"og:image:height\" content=\"2000\" \/>\n\t<meta property=\"og:image:type\" content=\"image\/jpeg\" \/>\n<meta name=\"twitter:card\" content=\"summary_large_image\" \/>\n<meta name=\"twitter:site\" content=\"@artnivocom\" \/>\n<meta name=\"twitter:label1\" content=\"Est. reading time\" \/>\n\t<meta name=\"twitter:data1\" content=\"1 minute\" \/>\n<script type=\"application\/ld+json\" class=\"yoast-schema-graph\">{\"@context\":\"https:\/\/schema.org\",\"@graph\":[{\"@type\":\"WebPage\",\"@id\":\"https:\/\/www.artnivo.com\/en\/title\/couples-ciftler-ii\/\",\"url\":\"https:\/\/www.artnivo.com\/en\/title\/couples-ciftler-ii\/\",\"name\":\"Couples \/ \u00c7iftler - II | artnivo\",\"isPartOf\":{\"@id\":\"http:\/\/www.artnivo.com\/#website\"},\"primaryImageOfPage\":{\"@id\":\"https:\/\/www.artnivo.com\/en\/title\/couples-ciftler-ii\/#primaryimage\"},\"image\":{\"@id\":\"https:\/\/www.artnivo.com\/en\/title\/couples-ciftler-ii\/#primaryimage\"},\"thumbnailUrl\":\"http:\/\/www.artnivo.com\/wp-content\/uploads\/2024\/09\/Couples_Ciftler-II.jpg\",\"datePublished\":\"2024-09-11T15:33:26+00:00\",\"dateModified\":\"2024-09-11T15:41:25+00:00\",\"description\":\"\u00c7a\u011fda\u015f sanat ve tasar\u0131ma ula\u015fman\u0131n en kolay yolu artnivo.com \u00fczerinden Couples \/ \u00c7iftler - II ba\u015fl\u0131kl\u0131 par\u00e7ay\u0131 hemen sat\u0131n alabilirsiniz.\",\"breadcrumb\":{\"@id\":\"https:\/\/www.artnivo.com\/en\/title\/couples-ciftler-ii\/#breadcrumb\"},\"inLanguage\":\"en-US\",\"potentialAction\":[{\"@type\":\"ReadAction\",\"target\":[\"https:\/\/www.artnivo.com\/en\/title\/couples-ciftler-ii\/\"]}]},{\"@type\":\"ImageObject\",\"inLanguage\":\"en-US\",\"@id\":\"https:\/\/www.artnivo.com\/en\/title\/couples-ciftler-ii\/#primaryimage\",\"url\":\"http:\/\/www.artnivo.com\/wp-content\/uploads\/2024\/09\/Couples_Ciftler-II.jpg\",\"contentUrl\":\"http:\/\/www.artnivo.com\/wp-content\/uploads\/2024\/09\/Couples_Ciftler-II.jpg\",\"width\":2000,\"height\":2000,\"caption\":\"\u00c7i\u011fdem_Mente\u015fo\u011flu\"},{\"@type\":\"BreadcrumbList\",\"@id\":\"https:\/\/www.artnivo.com\/en\/title\/couples-ciftler-ii\/#breadcrumb\",\"itemListElement\":[{\"@type\":\"ListItem\",\"position\":1,\"name\":\"Anasayfa\",\"item\":\"http:\/\/www.artnivo.com\/en\/\"},{\"@type\":\"ListItem\",\"position\":2,\"name\":\"Shop\",\"item\":\"http:\/\/www.artnivo.com\/en\/shop\/\"},{\"@type\":\"ListItem\",\"position\":3,\"name\":\"Couples \/ \u00c7iftler &#8211; II\"}]},{\"@type\":\"WebSite\",\"@id\":\"http:\/\/www.artnivo.com\/#website\",\"url\":\"http:\/\/www.artnivo.com\/\",\"name\":\"artnivo\",\"description\":\"\",\"publisher\":{\"@id\":\"http:\/\/www.artnivo.com\/#organization\"},\"potentialAction\":[{\"@type\":\"SearchAction\",\"target\":{\"@type\":\"EntryPoint\",\"urlTemplate\":\"http:\/\/www.artnivo.com\/?s={search_term_string}\"},\"query-input\":{\"@type\":\"PropertyValueSpecification\",\"valueRequired\":true,\"valueName\":\"search_term_string\"}}],\"inLanguage\":\"en-US\"},{\"@type\":\"Organization\",\"@id\":\"http:\/\/www.artnivo.com\/#organization\",\"name\":\"artnivo\",\"url\":\"http:\/\/www.artnivo.com\/\",\"logo\":{\"@type\":\"ImageObject\",\"inLanguage\":\"en-US\",\"@id\":\"http:\/\/www.artnivo.com\/#\/schema\/logo\/image\/\",\"url\":\"http:\/\/www.artnivo.com\/wp-content\/uploads\/2021\/05\/artnivokare.jpg\",\"contentUrl\":\"http:\/\/www.artnivo.com\/wp-content\/uploads\/2021\/05\/artnivokare.jpg\",\"width\":750,\"height\":750,\"caption\":\"artnivo\"},\"image\":{\"@id\":\"http:\/\/www.artnivo.com\/#\/schema\/logo\/image\/\"},\"sameAs\":[\"https:\/\/www.facebook.com\/artnivocom\",\"https:\/\/x.com\/artnivocom\",\"http:\/\/instagram.com\/artnivocom\/\",\"https:\/\/www.pinterest.com\/artnivocom\/\",\"https:\/\/www.youtube.com\/channel\/UC__bxk2hs4IZ4NiD1Bg4J9w\"]}]}<\/script>\n<!-- \/ Yoast SEO plugin. -->","yoast_head_json":{"title":"Couples \/ \u00c7iftler - II | artnivo","description":"\u00c7a\u011fda\u015f sanat ve tasar\u0131ma ula\u015fman\u0131n en kolay yolu artnivo.com \u00fczerinden Couples \/ \u00c7iftler - II ba\u015fl\u0131kl\u0131 par\u00e7ay\u0131 hemen sat\u0131n alabilirsiniz.","robots":{"index":"index","follow":"follow","max-snippet":"max-snippet:-1","max-image-preview":"max-image-preview:large","max-video-preview":"max-video-preview:-1"},"canonical":"https:\/\/www.artnivo.com\/en\/title\/couples-ciftler-ii\/","og_locale":"en_US","og_type":"article","og_title":"Couples \/ \u00c7iftler - II | artnivo","og_description":"\u00c7a\u011fda\u015f sanat ve tasar\u0131ma ula\u015fman\u0131n en kolay yolu artnivo.com \u00fczerinden Couples \/ \u00c7iftler - II ba\u015fl\u0131kl\u0131 par\u00e7ay\u0131 hemen sat\u0131n alabilirsiniz.","og_url":"https:\/\/www.artnivo.com\/en\/title\/couples-ciftler-ii\/","og_site_name":"artnivo","article_publisher":"https:\/\/www.facebook.com\/artnivocom","article_modified_time":"2024-09-11T15:41:25+00:00","og_image":[{"width":2000,"height":2000,"url":"https:\/\/www.artnivo.com\/wp-content\/uploads\/2024\/09\/Couples_Ciftler-II.jpg","type":"image\/jpeg"}],"twitter_card":"summary_large_image","twitter_site":"@artnivocom","twitter_misc":{"Est. reading time":"1 minute"},"schema":{"@context":"https:\/\/schema.org","@graph":[{"@type":"WebPage","@id":"https:\/\/www.artnivo.com\/en\/title\/couples-ciftler-ii\/","url":"https:\/\/www.artnivo.com\/en\/title\/couples-ciftler-ii\/","name":"Couples \/ \u00c7iftler - II | artnivo","isPartOf":{"@id":"http:\/\/www.artnivo.com\/#website"},"primaryImageOfPage":{"@id":"https:\/\/www.artnivo.com\/en\/title\/couples-ciftler-ii\/#primaryimage"},"image":{"@id":"https:\/\/www.artnivo.com\/en\/title\/couples-ciftler-ii\/#primaryimage"},"thumbnailUrl":"http:\/\/www.artnivo.com\/wp-content\/uploads\/2024\/09\/Couples_Ciftler-II.jpg","datePublished":"2024-09-11T15:33:26+00:00","dateModified":"2024-09-11T15:41:25+00:00","description":"\u00c7a\u011fda\u015f sanat ve tasar\u0131ma ula\u015fman\u0131n en kolay yolu artnivo.com \u00fczerinden Couples \/ \u00c7iftler - II ba\u015fl\u0131kl\u0131 par\u00e7ay\u0131 hemen sat\u0131n alabilirsiniz.","breadcrumb":{"@id":"https:\/\/www.artnivo.com\/en\/title\/couples-ciftler-ii\/#breadcrumb"},"inLanguage":"en-US","potentialAction":[{"@type":"ReadAction","target":["https:\/\/www.artnivo.com\/en\/title\/couples-ciftler-ii\/"]}]},{"@type":"ImageObject","inLanguage":"en-US","@id":"https:\/\/www.artnivo.com\/en\/title\/couples-ciftler-ii\/#primaryimage","url":"http:\/\/www.artnivo.com\/wp-content\/uploads\/2024\/09\/Couples_Ciftler-II.jpg","contentUrl":"http:\/\/www.artnivo.com\/wp-content\/uploads\/2024\/09\/Couples_Ciftler-II.jpg","width":2000,"height":2000,"caption":"\u00c7i\u011fdem_Mente\u015fo\u011flu"},{"@type":"BreadcrumbList","@id":"https:\/\/www.artnivo.com\/en\/title\/couples-ciftler-ii\/#breadcrumb","itemListElement":[{"@type":"ListItem","position":1,"name":"Anasayfa","item":"http:\/\/www.artnivo.com\/en\/"},{"@type":"ListItem","position":2,"name":"Shop","item":"http:\/\/www.artnivo.com\/en\/shop\/"},{"@type":"ListItem","position":3,"name":"Couples \/ \u00c7iftler &#8211; II"}]},{"@type":"WebSite","@id":"http:\/\/www.artnivo.com\/#website","url":"http:\/\/www.artnivo.com\/","name":"artnivo","description":"","publisher":{"@id":"http:\/\/www.artnivo.com\/#organization"},"potentialAction":[{"@type":"SearchAction","target":{"@type":"EntryPoint","urlTemplate":"http:\/\/www.artnivo.com\/?s={search_term_string}"},"query-input":{"@type":"PropertyValueSpecification","valueRequired":true,"valueName":"search_term_string"}}],"inLanguage":"en-US"},{"@type":"Organization","@id":"http:\/\/www.artnivo.com\/#organization","name":"artnivo","url":"http:\/\/www.artnivo.com\/","logo":{"@type":"ImageObject","inLanguage":"en-US","@id":"http:\/\/www.artnivo.com\/#\/schema\/logo\/image\/","url":"http:\/\/www.artnivo.com\/wp-content\/uploads\/2021\/05\/artnivokare.jpg","contentUrl":"http:\/\/www.artnivo.com\/wp-content\/uploads\/2021\/05\/artnivokare.jpg","width":750,"height":750,"caption":"artnivo"},"image":{"@id":"http:\/\/www.artnivo.com\/#\/schema\/logo\/image\/"},"sameAs":["https:\/\/www.facebook.com\/artnivocom","https:\/\/x.com\/artnivocom","http:\/\/instagram.com\/artnivocom\/","https:\/\/www.pinterest.com\/artnivocom\/","https:\/\/www.youtube.com\/channel\/UC__bxk2hs4IZ4NiD1Bg4J9w"]}]}},"_links":{"self":[{"href":"http:\/\/www.artnivo.com\/en\/wp-json\/wp\/v2\/product\/21638","targetHints":{"allow":["GET"]}}],"collection":[{"href":"http:\/\/www.artnivo.com\/en\/wp-json\/wp\/v2\/product"}],"about":[{"href":"http:\/\/www.artnivo.com\/en\/wp-json\/wp\/v2\/types\/product"}],"wp:featuredmedia":[{"embeddable":true,"href":"http:\/\/www.artnivo.com\/en\/wp-json\/wp\/v2\/media\/21628"}],"wp:attachment":[{"href":"http:\/\/www.artnivo.com\/en\/wp-json\/wp\/v2\/media?parent=21638"}],"wp:term":[{"taxonomy":"brand","embeddable":true,"href":"http:\/\/www.artnivo.com\/en\/wp-json\/wp\/v2\/etheme_brands?post=21638"},{"taxonomy":"product_cat","embeddable":true,"href":"http:\/\/www.artnivo.com\/en\/wp-json\/wp\/v2\/product_cat?post=21638"},{"taxonomy":"product_tag","embeddable":true,"href":"http:\/\/www.artnivo.com\/en\/wp-json\/wp\/v2\/product_tag?post=21638"}],"curies":[{"name":"wp","href":"https:\/\/api.w.org\/{rel}","templated":true}]}}