{"id":22027,"date":"2024-11-18T18:14:09","date_gmt":"2024-11-18T15:14:09","guid":{"rendered":"https:\/\/www.artnivo.com\/baslik\/yol\/"},"modified":"2024-11-18T18:16:06","modified_gmt":"2024-11-18T15:16:06","slug":"yol","status":"publish","type":"product","link":"http:\/\/www.artnivo.com\/en\/title\/yol\/","title":{"rendered":"The Path"},"content":{"rendered":"<p>&#8220;The possibilities brought by coincidences, the controlled, sometimes uncontrolled flow of water and pigment. The irresistible attraction of unpredictability making watercolour a unique means of expression. In watercolour one becomes an intermediary that enables images to emerge, kind of ritual painting.&#8221; Cem \u0130lhan<\/p>\n<p>IMPROVISATIONS<br \/>\nRandom brush strokes to evoke emotion, leading to unexpected color combinations and forms. These paintings are the journey of paint in water, the flow of pigment on paper, the traces they leave on paper. The result can be very organic or geometric. Improvisations are the results of taken risks.<\/p>\n","protected":false},"excerpt":{"rendered":"<p>IMPROVISATIONS<\/p>\n<p>Watercolor on Paper (300g)<\/p>\n<p>15 x 15 cm<\/p>\n<p>2023<\/p>\n","protected":false},"featured_media":22026,"template":"","meta":[],"etheme_brands":[{"term_id":1130,"name":"Cem \u0130lhan","slug":"cem-ilhan-en","term_group":0,"term_taxonomy_id":1130,"taxonomy":"brand","description":"","parent":878,"count":11,"filter":"raw"}],"product_cat":[701],"product_tag":[1134],"class_list":{"0":"post-22027","1":"product","2":"type-product","3":"status-publish","4":"has-post-thumbnail","6":"brand-cem-ilhan-en","7":"product_cat-paintings","8":"product_tag-cem-ilhan-en","10":"first","11":"outofstock","12":"taxable","13":"shipping-taxable","14":"purchasable","15":"product-type-simple"},"acf":[],"yoast_head":"<!-- This site is optimized with the Yoast SEO plugin v23.4 - https:\/\/yoast.com\/wordpress\/plugins\/seo\/ -->\n<title>The Path | artnivo<\/title>\n<meta name=\"description\" content=\"\u00c7a\u011fda\u015f sanat ve tasar\u0131ma ula\u015fman\u0131n en kolay yolu artnivo.com \u00fczerinden The Path ba\u015fl\u0131kl\u0131 par\u00e7ay\u0131 hemen sat\u0131n alabilirsiniz.\" \/>\n<meta name=\"robots\" content=\"index, follow, max-snippet:-1, max-image-preview:large, max-video-preview:-1\" \/>\n<link rel=\"canonical\" href=\"https:\/\/www.artnivo.com\/en\/title\/yol\/\" \/>\n<meta property=\"og:locale\" content=\"en_US\" \/>\n<meta property=\"og:type\" content=\"article\" \/>\n<meta property=\"og:title\" content=\"The Path | artnivo\" \/>\n<meta property=\"og:description\" content=\"\u00c7a\u011fda\u015f sanat ve tasar\u0131ma ula\u015fman\u0131n en kolay yolu artnivo.com \u00fczerinden The Path ba\u015fl\u0131kl\u0131 par\u00e7ay\u0131 hemen sat\u0131n alabilirsiniz.\" \/>\n<meta property=\"og:url\" content=\"https:\/\/www.artnivo.com\/en\/title\/yol\/\" \/>\n<meta property=\"og:site_name\" content=\"artnivo\" \/>\n<meta property=\"article:publisher\" content=\"https:\/\/www.facebook.com\/artnivocom\" \/>\n<meta property=\"article:modified_time\" content=\"2024-11-18T15:16:06+00:00\" \/>\n<meta property=\"og:image\" content=\"https:\/\/www.artnivo.com\/wp-content\/uploads\/2024\/11\/Yol.jpg\" \/>\n\t<meta property=\"og:image:width\" content=\"1500\" \/>\n\t<meta property=\"og:image:height\" content=\"1500\" \/>\n\t<meta property=\"og:image:type\" content=\"image\/jpeg\" \/>\n<meta name=\"twitter:card\" content=\"summary_large_image\" \/>\n<meta name=\"twitter:site\" content=\"@artnivocom\" \/>\n<meta name=\"twitter:label1\" content=\"Est. reading time\" \/>\n\t<meta name=\"twitter:data1\" content=\"1 minute\" \/>\n<script type=\"application\/ld+json\" class=\"yoast-schema-graph\">{\"@context\":\"https:\/\/schema.org\",\"@graph\":[{\"@type\":\"WebPage\",\"@id\":\"https:\/\/www.artnivo.com\/en\/title\/yol\/\",\"url\":\"https:\/\/www.artnivo.com\/en\/title\/yol\/\",\"name\":\"The Path | artnivo\",\"isPartOf\":{\"@id\":\"http:\/\/www.artnivo.com\/#website\"},\"primaryImageOfPage\":{\"@id\":\"https:\/\/www.artnivo.com\/en\/title\/yol\/#primaryimage\"},\"image\":{\"@id\":\"https:\/\/www.artnivo.com\/en\/title\/yol\/#primaryimage\"},\"thumbnailUrl\":\"http:\/\/www.artnivo.com\/wp-content\/uploads\/2024\/11\/Yol.jpg\",\"datePublished\":\"2024-11-18T15:14:09+00:00\",\"dateModified\":\"2024-11-18T15:16:06+00:00\",\"description\":\"\u00c7a\u011fda\u015f sanat ve tasar\u0131ma ula\u015fman\u0131n en kolay yolu artnivo.com \u00fczerinden The Path ba\u015fl\u0131kl\u0131 par\u00e7ay\u0131 hemen sat\u0131n alabilirsiniz.\",\"breadcrumb\":{\"@id\":\"https:\/\/www.artnivo.com\/en\/title\/yol\/#breadcrumb\"},\"inLanguage\":\"en-US\",\"potentialAction\":[{\"@type\":\"ReadAction\",\"target\":[\"https:\/\/www.artnivo.com\/en\/title\/yol\/\"]}]},{\"@type\":\"ImageObject\",\"inLanguage\":\"en-US\",\"@id\":\"https:\/\/www.artnivo.com\/en\/title\/yol\/#primaryimage\",\"url\":\"http:\/\/www.artnivo.com\/wp-content\/uploads\/2024\/11\/Yol.jpg\",\"contentUrl\":\"http:\/\/www.artnivo.com\/wp-content\/uploads\/2024\/11\/Yol.jpg\",\"width\":1500,\"height\":1500,\"caption\":\"Cem_\u0130lhan\"},{\"@type\":\"BreadcrumbList\",\"@id\":\"https:\/\/www.artnivo.com\/en\/title\/yol\/#breadcrumb\",\"itemListElement\":[{\"@type\":\"ListItem\",\"position\":1,\"name\":\"Anasayfa\",\"item\":\"http:\/\/www.artnivo.com\/en\/\"},{\"@type\":\"ListItem\",\"position\":2,\"name\":\"Shop\",\"item\":\"http:\/\/www.artnivo.com\/en\/shop\/\"},{\"@type\":\"ListItem\",\"position\":3,\"name\":\"The Path\"}]},{\"@type\":\"WebSite\",\"@id\":\"http:\/\/www.artnivo.com\/#website\",\"url\":\"http:\/\/www.artnivo.com\/\",\"name\":\"artnivo\",\"description\":\"\",\"publisher\":{\"@id\":\"http:\/\/www.artnivo.com\/#organization\"},\"potentialAction\":[{\"@type\":\"SearchAction\",\"target\":{\"@type\":\"EntryPoint\",\"urlTemplate\":\"http:\/\/www.artnivo.com\/?s={search_term_string}\"},\"query-input\":{\"@type\":\"PropertyValueSpecification\",\"valueRequired\":true,\"valueName\":\"search_term_string\"}}],\"inLanguage\":\"en-US\"},{\"@type\":\"Organization\",\"@id\":\"http:\/\/www.artnivo.com\/#organization\",\"name\":\"artnivo\",\"url\":\"http:\/\/www.artnivo.com\/\",\"logo\":{\"@type\":\"ImageObject\",\"inLanguage\":\"en-US\",\"@id\":\"http:\/\/www.artnivo.com\/#\/schema\/logo\/image\/\",\"url\":\"http:\/\/www.artnivo.com\/wp-content\/uploads\/2021\/05\/artnivokare.jpg\",\"contentUrl\":\"http:\/\/www.artnivo.com\/wp-content\/uploads\/2021\/05\/artnivokare.jpg\",\"width\":750,\"height\":750,\"caption\":\"artnivo\"},\"image\":{\"@id\":\"http:\/\/www.artnivo.com\/#\/schema\/logo\/image\/\"},\"sameAs\":[\"https:\/\/www.facebook.com\/artnivocom\",\"https:\/\/x.com\/artnivocom\",\"http:\/\/instagram.com\/artnivocom\/\",\"https:\/\/www.pinterest.com\/artnivocom\/\",\"https:\/\/www.youtube.com\/channel\/UC__bxk2hs4IZ4NiD1Bg4J9w\"]}]}<\/script>\n<!-- \/ Yoast SEO plugin. -->","yoast_head_json":{"title":"The Path | artnivo","description":"\u00c7a\u011fda\u015f sanat ve tasar\u0131ma ula\u015fman\u0131n en kolay yolu artnivo.com \u00fczerinden The Path ba\u015fl\u0131kl\u0131 par\u00e7ay\u0131 hemen sat\u0131n alabilirsiniz.","robots":{"index":"index","follow":"follow","max-snippet":"max-snippet:-1","max-image-preview":"max-image-preview:large","max-video-preview":"max-video-preview:-1"},"canonical":"https:\/\/www.artnivo.com\/en\/title\/yol\/","og_locale":"en_US","og_type":"article","og_title":"The Path | artnivo","og_description":"\u00c7a\u011fda\u015f sanat ve tasar\u0131ma ula\u015fman\u0131n en kolay yolu artnivo.com \u00fczerinden The Path ba\u015fl\u0131kl\u0131 par\u00e7ay\u0131 hemen sat\u0131n alabilirsiniz.","og_url":"https:\/\/www.artnivo.com\/en\/title\/yol\/","og_site_name":"artnivo","article_publisher":"https:\/\/www.facebook.com\/artnivocom","article_modified_time":"2024-11-18T15:16:06+00:00","og_image":[{"width":1500,"height":1500,"url":"https:\/\/www.artnivo.com\/wp-content\/uploads\/2024\/11\/Yol.jpg","type":"image\/jpeg"}],"twitter_card":"summary_large_image","twitter_site":"@artnivocom","twitter_misc":{"Est. reading time":"1 minute"},"schema":{"@context":"https:\/\/schema.org","@graph":[{"@type":"WebPage","@id":"https:\/\/www.artnivo.com\/en\/title\/yol\/","url":"https:\/\/www.artnivo.com\/en\/title\/yol\/","name":"The Path | artnivo","isPartOf":{"@id":"http:\/\/www.artnivo.com\/#website"},"primaryImageOfPage":{"@id":"https:\/\/www.artnivo.com\/en\/title\/yol\/#primaryimage"},"image":{"@id":"https:\/\/www.artnivo.com\/en\/title\/yol\/#primaryimage"},"thumbnailUrl":"http:\/\/www.artnivo.com\/wp-content\/uploads\/2024\/11\/Yol.jpg","datePublished":"2024-11-18T15:14:09+00:00","dateModified":"2024-11-18T15:16:06+00:00","description":"\u00c7a\u011fda\u015f sanat ve tasar\u0131ma ula\u015fman\u0131n en kolay yolu artnivo.com \u00fczerinden The Path ba\u015fl\u0131kl\u0131 par\u00e7ay\u0131 hemen sat\u0131n alabilirsiniz.","breadcrumb":{"@id":"https:\/\/www.artnivo.com\/en\/title\/yol\/#breadcrumb"},"inLanguage":"en-US","potentialAction":[{"@type":"ReadAction","target":["https:\/\/www.artnivo.com\/en\/title\/yol\/"]}]},{"@type":"ImageObject","inLanguage":"en-US","@id":"https:\/\/www.artnivo.com\/en\/title\/yol\/#primaryimage","url":"http:\/\/www.artnivo.com\/wp-content\/uploads\/2024\/11\/Yol.jpg","contentUrl":"http:\/\/www.artnivo.com\/wp-content\/uploads\/2024\/11\/Yol.jpg","width":1500,"height":1500,"caption":"Cem_\u0130lhan"},{"@type":"BreadcrumbList","@id":"https:\/\/www.artnivo.com\/en\/title\/yol\/#breadcrumb","itemListElement":[{"@type":"ListItem","position":1,"name":"Anasayfa","item":"http:\/\/www.artnivo.com\/en\/"},{"@type":"ListItem","position":2,"name":"Shop","item":"http:\/\/www.artnivo.com\/en\/shop\/"},{"@type":"ListItem","position":3,"name":"The Path"}]},{"@type":"WebSite","@id":"http:\/\/www.artnivo.com\/#website","url":"http:\/\/www.artnivo.com\/","name":"artnivo","description":"","publisher":{"@id":"http:\/\/www.artnivo.com\/#organization"},"potentialAction":[{"@type":"SearchAction","target":{"@type":"EntryPoint","urlTemplate":"http:\/\/www.artnivo.com\/?s={search_term_string}"},"query-input":{"@type":"PropertyValueSpecification","valueRequired":true,"valueName":"search_term_string"}}],"inLanguage":"en-US"},{"@type":"Organization","@id":"http:\/\/www.artnivo.com\/#organization","name":"artnivo","url":"http:\/\/www.artnivo.com\/","logo":{"@type":"ImageObject","inLanguage":"en-US","@id":"http:\/\/www.artnivo.com\/#\/schema\/logo\/image\/","url":"http:\/\/www.artnivo.com\/wp-content\/uploads\/2021\/05\/artnivokare.jpg","contentUrl":"http:\/\/www.artnivo.com\/wp-content\/uploads\/2021\/05\/artnivokare.jpg","width":750,"height":750,"caption":"artnivo"},"image":{"@id":"http:\/\/www.artnivo.com\/#\/schema\/logo\/image\/"},"sameAs":["https:\/\/www.facebook.com\/artnivocom","https:\/\/x.com\/artnivocom","http:\/\/instagram.com\/artnivocom\/","https:\/\/www.pinterest.com\/artnivocom\/","https:\/\/www.youtube.com\/channel\/UC__bxk2hs4IZ4NiD1Bg4J9w"]}]}},"_links":{"self":[{"href":"http:\/\/www.artnivo.com\/en\/wp-json\/wp\/v2\/product\/22027","targetHints":{"allow":["GET"]}}],"collection":[{"href":"http:\/\/www.artnivo.com\/en\/wp-json\/wp\/v2\/product"}],"about":[{"href":"http:\/\/www.artnivo.com\/en\/wp-json\/wp\/v2\/types\/product"}],"wp:featuredmedia":[{"embeddable":true,"href":"http:\/\/www.artnivo.com\/en\/wp-json\/wp\/v2\/media\/22026"}],"wp:attachment":[{"href":"http:\/\/www.artnivo.com\/en\/wp-json\/wp\/v2\/media?parent=22027"}],"wp:term":[{"taxonomy":"brand","embeddable":true,"href":"http:\/\/www.artnivo.com\/en\/wp-json\/wp\/v2\/etheme_brands?post=22027"},{"taxonomy":"product_cat","embeddable":true,"href":"http:\/\/www.artnivo.com\/en\/wp-json\/wp\/v2\/product_cat?post=22027"},{"taxonomy":"product_tag","embeddable":true,"href":"http:\/\/www.artnivo.com\/en\/wp-json\/wp\/v2\/product_tag?post=22027"}],"curies":[{"name":"wp","href":"https:\/\/api.w.org\/{rel}","templated":true}]}}