{"id":13587,"date":"2021-01-31T15:44:15","date_gmt":"2021-01-31T12:44:15","guid":{"rendered":"http:\/\/www.artnivo.com\/baslik\/isimsiz-36\/"},"modified":"2021-09-07T09:41:21","modified_gmt":"2021-09-07T06:41:21","slug":"isimsiz-36","status":"publish","type":"product","link":"https:\/\/www.artnivo.com\/en\/title\/isimsiz-36\/","title":{"rendered":"Untitled"},"content":{"rendered":"","protected":false},"excerpt":{"rendered":"<p>2017 \/ Fine art print<br \/>\n75 x 130 cm<br \/>\n5 + 1 Edition<\/p>\n","protected":false},"featured_media":10696,"template":"","meta":[],"etheme_brands":[{"term_id":906,"name":"Jacqueline Roditi","slug":"jacqueline-roditi-en","term_group":0,"term_taxonomy_id":906,"taxonomy":"brand","description":"Roditi son d\u00f6nem \u00e7al\u0131\u015fmalar\u0131nda haf\u0131zas\u0131nda kalan r\u00fcyalar\u0131n\u0131 hat\u0131rlad\u0131\u011f\u0131na benzer \u015fekilde kurgusal olarak foto\u011fraflay\u0131p izleyiciye r\u00fcya serileri sunuyor. Foto\u011fraflar\u0131 r\u00fcyalar\u0131n\u0131 somutla\u015ft\u0131r\u0131rken, r\u00fcyalar\u0131 da kendini bu d\u00fcnyadan soyutluyor. Eski d\u00f6nem siyah-beyaz a\u011f\u0131rl\u0131kl\u0131 foto\u011fraflar\u0131nda ise Andre Kertesz ve 50\u00b4lerin foto\u011fraflar\u0131ndan esinlenen Roditi, zamans\u0131z ve melankolik karelerini bir araya getirip kurgulayarak kendi hikayesini olu\u015fturuyor.","parent":878,"count":14,"filter":"raw"}],"product_cat":[697],"product_tag":[821],"class_list":{"0":"post-13587","1":"product","2":"type-product","3":"status-publish","4":"has-post-thumbnail","6":"brand-jacqueline-roditi-en","7":"product_cat-photography","8":"product_tag-jacqueline-roditi-en","10":"first","11":"instock","12":"taxable","13":"shipping-taxable","14":"purchasable","15":"product-type-simple"},"acf":[],"yoast_head":"<!-- This site is optimized with the Yoast SEO plugin v23.4 - https:\/\/yoast.com\/wordpress\/plugins\/seo\/ -->\n<title>Untitled | artnivo<\/title>\n<meta name=\"description\" content=\"\u00c7a\u011fda\u015f sanat ve tasar\u0131ma ula\u015fman\u0131n en kolay yolu artnivo.com \u00fczerinden Untitled ba\u015fl\u0131kl\u0131 par\u00e7ay\u0131 hemen sat\u0131n alabilirsiniz.\" \/>\n<meta name=\"robots\" content=\"index, follow, max-snippet:-1, max-image-preview:large, max-video-preview:-1\" \/>\n<link rel=\"canonical\" href=\"http:\/\/www.artnivo.com\/en\/title\/isimsiz-36\/\" \/>\n<meta property=\"og:locale\" content=\"en_US\" \/>\n<meta property=\"og:type\" content=\"article\" \/>\n<meta property=\"og:title\" content=\"Untitled | artnivo\" \/>\n<meta property=\"og:description\" content=\"\u00c7a\u011fda\u015f sanat ve tasar\u0131ma ula\u015fman\u0131n en kolay yolu artnivo.com \u00fczerinden Untitled ba\u015fl\u0131kl\u0131 par\u00e7ay\u0131 hemen sat\u0131n alabilirsiniz.\" \/>\n<meta property=\"og:url\" content=\"http:\/\/www.artnivo.com\/en\/title\/isimsiz-36\/\" \/>\n<meta property=\"og:site_name\" content=\"artnivo\" \/>\n<meta property=\"article:publisher\" content=\"https:\/\/www.facebook.com\/artnivocom\" \/>\n<meta property=\"article:modified_time\" content=\"2021-09-07T06:41:21+00:00\" \/>\n<meta property=\"og:image\" content=\"http:\/\/www.artnivo.com\/wp-content\/uploads\/2021\/01\/JR06111708-isimsiz-636455852254761504.jpg\" \/>\n\t<meta property=\"og:image:width\" content=\"1500\" \/>\n\t<meta property=\"og:image:height\" content=\"1500\" \/>\n\t<meta property=\"og:image:type\" content=\"image\/jpeg\" \/>\n<meta name=\"twitter:card\" content=\"summary_large_image\" \/>\n<meta name=\"twitter:site\" content=\"@artnivocom\" \/>\n<script type=\"application\/ld+json\" class=\"yoast-schema-graph\">{\"@context\":\"https:\/\/schema.org\",\"@graph\":[{\"@type\":\"WebPage\",\"@id\":\"http:\/\/www.artnivo.com\/en\/title\/isimsiz-36\/\",\"url\":\"http:\/\/www.artnivo.com\/en\/title\/isimsiz-36\/\",\"name\":\"Untitled | artnivo\",\"isPartOf\":{\"@id\":\"https:\/\/www.artnivo.com\/#website\"},\"primaryImageOfPage\":{\"@id\":\"http:\/\/www.artnivo.com\/en\/title\/isimsiz-36\/#primaryimage\"},\"image\":{\"@id\":\"http:\/\/www.artnivo.com\/en\/title\/isimsiz-36\/#primaryimage\"},\"thumbnailUrl\":\"https:\/\/www.artnivo.com\/wp-content\/uploads\/2021\/01\/JR06111708-isimsiz-636455852254761504.jpg\",\"datePublished\":\"2021-01-31T12:44:15+00:00\",\"dateModified\":\"2021-09-07T06:41:21+00:00\",\"description\":\"\u00c7a\u011fda\u015f sanat ve tasar\u0131ma ula\u015fman\u0131n en kolay yolu artnivo.com \u00fczerinden Untitled ba\u015fl\u0131kl\u0131 par\u00e7ay\u0131 hemen sat\u0131n alabilirsiniz.\",\"breadcrumb\":{\"@id\":\"http:\/\/www.artnivo.com\/en\/title\/isimsiz-36\/#breadcrumb\"},\"inLanguage\":\"en-US\",\"potentialAction\":[{\"@type\":\"ReadAction\",\"target\":[\"http:\/\/www.artnivo.com\/en\/title\/isimsiz-36\/\"]}]},{\"@type\":\"ImageObject\",\"inLanguage\":\"en-US\",\"@id\":\"http:\/\/www.artnivo.com\/en\/title\/isimsiz-36\/#primaryimage\",\"url\":\"https:\/\/www.artnivo.com\/wp-content\/uploads\/2021\/01\/JR06111708-isimsiz-636455852254761504.jpg\",\"contentUrl\":\"https:\/\/www.artnivo.com\/wp-content\/uploads\/2021\/01\/JR06111708-isimsiz-636455852254761504.jpg\",\"width\":1500,\"height\":1500},{\"@type\":\"BreadcrumbList\",\"@id\":\"http:\/\/www.artnivo.com\/en\/title\/isimsiz-36\/#breadcrumb\",\"itemListElement\":[{\"@type\":\"ListItem\",\"position\":1,\"name\":\"Anasayfa\",\"item\":\"http:\/\/www.artnivo.com\/en\/\"},{\"@type\":\"ListItem\",\"position\":2,\"name\":\"Shop\",\"item\":\"https:\/\/www.artnivo.com\/en\/shop\/\"},{\"@type\":\"ListItem\",\"position\":3,\"name\":\"Untitled\"}]},{\"@type\":\"WebSite\",\"@id\":\"https:\/\/www.artnivo.com\/#website\",\"url\":\"https:\/\/www.artnivo.com\/\",\"name\":\"artnivo\",\"description\":\"\",\"publisher\":{\"@id\":\"https:\/\/www.artnivo.com\/#organization\"},\"potentialAction\":[{\"@type\":\"SearchAction\",\"target\":{\"@type\":\"EntryPoint\",\"urlTemplate\":\"https:\/\/www.artnivo.com\/?s={search_term_string}\"},\"query-input\":{\"@type\":\"PropertyValueSpecification\",\"valueRequired\":true,\"valueName\":\"search_term_string\"}}],\"inLanguage\":\"en-US\"},{\"@type\":\"Organization\",\"@id\":\"https:\/\/www.artnivo.com\/#organization\",\"name\":\"artnivo\",\"url\":\"https:\/\/www.artnivo.com\/\",\"logo\":{\"@type\":\"ImageObject\",\"inLanguage\":\"en-US\",\"@id\":\"https:\/\/www.artnivo.com\/#\/schema\/logo\/image\/\",\"url\":\"http:\/\/www.artnivo.com\/wp-content\/uploads\/2021\/05\/artnivokare.jpg\",\"contentUrl\":\"http:\/\/www.artnivo.com\/wp-content\/uploads\/2021\/05\/artnivokare.jpg\",\"width\":750,\"height\":750,\"caption\":\"artnivo\"},\"image\":{\"@id\":\"https:\/\/www.artnivo.com\/#\/schema\/logo\/image\/\"},\"sameAs\":[\"https:\/\/www.facebook.com\/artnivocom\",\"https:\/\/x.com\/artnivocom\",\"http:\/\/instagram.com\/artnivocom\/\",\"https:\/\/www.pinterest.com\/artnivocom\/\",\"https:\/\/www.youtube.com\/channel\/UC__bxk2hs4IZ4NiD1Bg4J9w\"]}]}<\/script>\n<!-- \/ Yoast SEO plugin. -->","yoast_head_json":{"title":"Untitled | artnivo","description":"\u00c7a\u011fda\u015f sanat ve tasar\u0131ma ula\u015fman\u0131n en kolay yolu artnivo.com \u00fczerinden Untitled ba\u015fl\u0131kl\u0131 par\u00e7ay\u0131 hemen sat\u0131n alabilirsiniz.","robots":{"index":"index","follow":"follow","max-snippet":"max-snippet:-1","max-image-preview":"max-image-preview:large","max-video-preview":"max-video-preview:-1"},"canonical":"http:\/\/www.artnivo.com\/en\/title\/isimsiz-36\/","og_locale":"en_US","og_type":"article","og_title":"Untitled | artnivo","og_description":"\u00c7a\u011fda\u015f sanat ve tasar\u0131ma ula\u015fman\u0131n en kolay yolu artnivo.com \u00fczerinden Untitled ba\u015fl\u0131kl\u0131 par\u00e7ay\u0131 hemen sat\u0131n alabilirsiniz.","og_url":"http:\/\/www.artnivo.com\/en\/title\/isimsiz-36\/","og_site_name":"artnivo","article_publisher":"https:\/\/www.facebook.com\/artnivocom","article_modified_time":"2021-09-07T06:41:21+00:00","og_image":[{"width":1500,"height":1500,"url":"http:\/\/www.artnivo.com\/wp-content\/uploads\/2021\/01\/JR06111708-isimsiz-636455852254761504.jpg","type":"image\/jpeg"}],"twitter_card":"summary_large_image","twitter_site":"@artnivocom","schema":{"@context":"https:\/\/schema.org","@graph":[{"@type":"WebPage","@id":"http:\/\/www.artnivo.com\/en\/title\/isimsiz-36\/","url":"http:\/\/www.artnivo.com\/en\/title\/isimsiz-36\/","name":"Untitled | artnivo","isPartOf":{"@id":"https:\/\/www.artnivo.com\/#website"},"primaryImageOfPage":{"@id":"http:\/\/www.artnivo.com\/en\/title\/isimsiz-36\/#primaryimage"},"image":{"@id":"http:\/\/www.artnivo.com\/en\/title\/isimsiz-36\/#primaryimage"},"thumbnailUrl":"https:\/\/www.artnivo.com\/wp-content\/uploads\/2021\/01\/JR06111708-isimsiz-636455852254761504.jpg","datePublished":"2021-01-31T12:44:15+00:00","dateModified":"2021-09-07T06:41:21+00:00","description":"\u00c7a\u011fda\u015f sanat ve tasar\u0131ma ula\u015fman\u0131n en kolay yolu artnivo.com \u00fczerinden Untitled ba\u015fl\u0131kl\u0131 par\u00e7ay\u0131 hemen sat\u0131n alabilirsiniz.","breadcrumb":{"@id":"http:\/\/www.artnivo.com\/en\/title\/isimsiz-36\/#breadcrumb"},"inLanguage":"en-US","potentialAction":[{"@type":"ReadAction","target":["http:\/\/www.artnivo.com\/en\/title\/isimsiz-36\/"]}]},{"@type":"ImageObject","inLanguage":"en-US","@id":"http:\/\/www.artnivo.com\/en\/title\/isimsiz-36\/#primaryimage","url":"https:\/\/www.artnivo.com\/wp-content\/uploads\/2021\/01\/JR06111708-isimsiz-636455852254761504.jpg","contentUrl":"https:\/\/www.artnivo.com\/wp-content\/uploads\/2021\/01\/JR06111708-isimsiz-636455852254761504.jpg","width":1500,"height":1500},{"@type":"BreadcrumbList","@id":"http:\/\/www.artnivo.com\/en\/title\/isimsiz-36\/#breadcrumb","itemListElement":[{"@type":"ListItem","position":1,"name":"Anasayfa","item":"http:\/\/www.artnivo.com\/en\/"},{"@type":"ListItem","position":2,"name":"Shop","item":"https:\/\/www.artnivo.com\/en\/shop\/"},{"@type":"ListItem","position":3,"name":"Untitled"}]},{"@type":"WebSite","@id":"https:\/\/www.artnivo.com\/#website","url":"https:\/\/www.artnivo.com\/","name":"artnivo","description":"","publisher":{"@id":"https:\/\/www.artnivo.com\/#organization"},"potentialAction":[{"@type":"SearchAction","target":{"@type":"EntryPoint","urlTemplate":"https:\/\/www.artnivo.com\/?s={search_term_string}"},"query-input":{"@type":"PropertyValueSpecification","valueRequired":true,"valueName":"search_term_string"}}],"inLanguage":"en-US"},{"@type":"Organization","@id":"https:\/\/www.artnivo.com\/#organization","name":"artnivo","url":"https:\/\/www.artnivo.com\/","logo":{"@type":"ImageObject","inLanguage":"en-US","@id":"https:\/\/www.artnivo.com\/#\/schema\/logo\/image\/","url":"http:\/\/www.artnivo.com\/wp-content\/uploads\/2021\/05\/artnivokare.jpg","contentUrl":"http:\/\/www.artnivo.com\/wp-content\/uploads\/2021\/05\/artnivokare.jpg","width":750,"height":750,"caption":"artnivo"},"image":{"@id":"https:\/\/www.artnivo.com\/#\/schema\/logo\/image\/"},"sameAs":["https:\/\/www.facebook.com\/artnivocom","https:\/\/x.com\/artnivocom","http:\/\/instagram.com\/artnivocom\/","https:\/\/www.pinterest.com\/artnivocom\/","https:\/\/www.youtube.com\/channel\/UC__bxk2hs4IZ4NiD1Bg4J9w"]}]}},"_links":{"self":[{"href":"https:\/\/www.artnivo.com\/en\/wp-json\/wp\/v2\/product\/13587","targetHints":{"allow":["GET"]}}],"collection":[{"href":"https:\/\/www.artnivo.com\/en\/wp-json\/wp\/v2\/product"}],"about":[{"href":"https:\/\/www.artnivo.com\/en\/wp-json\/wp\/v2\/types\/product"}],"wp:featuredmedia":[{"embeddable":true,"href":"https:\/\/www.artnivo.com\/en\/wp-json\/wp\/v2\/media\/10696"}],"wp:attachment":[{"href":"https:\/\/www.artnivo.com\/en\/wp-json\/wp\/v2\/media?parent=13587"}],"wp:term":[{"taxonomy":"brand","embeddable":true,"href":"https:\/\/www.artnivo.com\/en\/wp-json\/wp\/v2\/etheme_brands?post=13587"},{"taxonomy":"product_cat","embeddable":true,"href":"https:\/\/www.artnivo.com\/en\/wp-json\/wp\/v2\/product_cat?post=13587"},{"taxonomy":"product_tag","embeddable":true,"href":"https:\/\/www.artnivo.com\/en\/wp-json\/wp\/v2\/product_tag?post=13587"}],"curies":[{"name":"wp","href":"https:\/\/api.w.org\/{rel}","templated":true}]}}