{"id":16341,"date":"2021-10-14T17:54:55","date_gmt":"2021-10-14T14:54:55","guid":{"rendered":"http:\/\/www.artnivo.com\/baslik\/hicbir-zaman-saf-olmadim-olmak-da-istemedim-serisinden-no-5\/"},"modified":"2021-10-15T11:54:56","modified_gmt":"2021-10-15T08:54:56","slug":"hicbir-zaman-saf-olmadim-olmak-da-istemedim-serisinden-no-5","status":"publish","type":"product","link":"https:\/\/www.artnivo.com\/en\/title\/hicbir-zaman-saf-olmadim-olmak-da-istemedim-serisinden-no-5\/","title":{"rendered":"\u201cNever Was I Pure, Nor Did I Want To Be\u201d series, No. 5"},"content":{"rendered":"<p>The painting series \u201cNever Was I Pure, Nor Did I Want To Be\u201d is a contemporary parody of biblical paintings. It contains many layers of meaning and many symbols. The common point in all the paintings is the gold faced girl figures in the center of each painting. A face does not need a face that is distinctive and descriptive. A portrait covered with gold leaf not only emphasizes the sanctity of the figure, but also refers to the tradition of depiction, that is, the understanding that all personalization is prohibited and that every figure is created from a template. In the paintings in the series, elements of our ethnic identity such as the sacred bird, fish, pomegranate tree and authority figures are fictionalized in metropolitan scenes. With the motifs of ethnic origin, the position of today&#8217;s people in society has entered into a surreal arrangement.<\/p>\n","protected":false},"excerpt":{"rendered":"<p>2020<br \/>\nWatercolor on paper<br \/>\n47 x 28 cm<\/p>\n","protected":false},"featured_media":16366,"template":"","meta":[],"etheme_brands":[],"product_cat":[701,310],"product_tag":[851,474],"class_list":{"0":"post-16341","1":"product","2":"type-product","3":"status-publish","4":"has-post-thumbnail","6":"product_cat-paintings","7":"product_cat-resim","8":"product_tag-sesil-beatris-kalayciyan-en","9":"product_tag-sesil-beatris-kalayciyan","11":"first","12":"outofstock","13":"taxable","14":"shipping-taxable","15":"purchasable","16":"product-type-simple"},"acf":[],"yoast_head":"<!-- This site is optimized with the Yoast SEO plugin v23.4 - https:\/\/yoast.com\/wordpress\/plugins\/seo\/ -->\n<title>\u201cNever Was I Pure, Nor Did I Want To Be\u201d series, No. 5 | artnivo<\/title>\n<meta name=\"description\" content=\"\u00c7a\u011fda\u015f sanat ve tasar\u0131ma ula\u015fman\u0131n en kolay yolu artnivo.com \u00fczerinden \u201cNever Was I Pure, Nor Did I Want To Be\u201d series, No. 5 ba\u015fl\u0131kl\u0131 par\u00e7ay\u0131 hemen sat\u0131n alabilirsiniz.\" \/>\n<meta name=\"robots\" content=\"index, follow, max-snippet:-1, max-image-preview:large, max-video-preview:-1\" \/>\n<link rel=\"canonical\" href=\"http:\/\/www.artnivo.com\/en\/title\/hicbir-zaman-saf-olmadim-olmak-da-istemedim-serisinden-no-5\/\" \/>\n<meta property=\"og:locale\" content=\"en_US\" \/>\n<meta property=\"og:type\" content=\"article\" \/>\n<meta property=\"og:title\" content=\"\u201cNever Was I Pure, Nor Did I Want To Be\u201d series, No. 5 | artnivo\" \/>\n<meta property=\"og:description\" content=\"\u00c7a\u011fda\u015f sanat ve tasar\u0131ma ula\u015fman\u0131n en kolay yolu artnivo.com \u00fczerinden \u201cNever Was I Pure, Nor Did I Want To Be\u201d series, No. 5 ba\u015fl\u0131kl\u0131 par\u00e7ay\u0131 hemen sat\u0131n alabilirsiniz.\" \/>\n<meta property=\"og:url\" content=\"http:\/\/www.artnivo.com\/en\/title\/hicbir-zaman-saf-olmadim-olmak-da-istemedim-serisinden-no-5\/\" \/>\n<meta property=\"og:site_name\" content=\"artnivo\" \/>\n<meta property=\"article:publisher\" content=\"https:\/\/www.facebook.com\/artnivocom\" \/>\n<meta property=\"article:modified_time\" content=\"2021-10-15T08:54:56+00:00\" \/>\n<meta property=\"og:image\" content=\"http:\/\/www.artnivo.com\/wp-content\/uploads\/2021\/10\/SESIL-BEATRIS-KALAYCIYAN-47-x-28-cm.jpg\" \/>\n\t<meta property=\"og:image:width\" content=\"900\" \/>\n\t<meta property=\"og:image:height\" content=\"900\" \/>\n\t<meta property=\"og:image:type\" content=\"image\/jpeg\" \/>\n<meta name=\"twitter:card\" content=\"summary_large_image\" \/>\n<meta name=\"twitter:site\" content=\"@artnivocom\" \/>\n<meta name=\"twitter:label1\" content=\"Est. reading time\" \/>\n\t<meta name=\"twitter:data1\" content=\"1 minute\" \/>\n<script type=\"application\/ld+json\" class=\"yoast-schema-graph\">{\"@context\":\"https:\/\/schema.org\",\"@graph\":[{\"@type\":\"WebPage\",\"@id\":\"http:\/\/www.artnivo.com\/en\/title\/hicbir-zaman-saf-olmadim-olmak-da-istemedim-serisinden-no-5\/\",\"url\":\"http:\/\/www.artnivo.com\/en\/title\/hicbir-zaman-saf-olmadim-olmak-da-istemedim-serisinden-no-5\/\",\"name\":\"\u201cNever Was I Pure, Nor Did I Want To Be\u201d series, No. 5 | artnivo\",\"isPartOf\":{\"@id\":\"http:\/\/www.artnivo.com\/#website\"},\"primaryImageOfPage\":{\"@id\":\"http:\/\/www.artnivo.com\/en\/title\/hicbir-zaman-saf-olmadim-olmak-da-istemedim-serisinden-no-5\/#primaryimage\"},\"image\":{\"@id\":\"http:\/\/www.artnivo.com\/en\/title\/hicbir-zaman-saf-olmadim-olmak-da-istemedim-serisinden-no-5\/#primaryimage\"},\"thumbnailUrl\":\"https:\/\/www.artnivo.com\/wp-content\/uploads\/2021\/10\/SESIL-BEATRIS-KALAYCIYAN-47-x-28-cm.jpg\",\"datePublished\":\"2021-10-14T14:54:55+00:00\",\"dateModified\":\"2021-10-15T08:54:56+00:00\",\"description\":\"\u00c7a\u011fda\u015f sanat ve tasar\u0131ma ula\u015fman\u0131n en kolay yolu artnivo.com \u00fczerinden \u201cNever Was I Pure, Nor Did I Want To Be\u201d series, No. 5 ba\u015fl\u0131kl\u0131 par\u00e7ay\u0131 hemen sat\u0131n alabilirsiniz.\",\"breadcrumb\":{\"@id\":\"http:\/\/www.artnivo.com\/en\/title\/hicbir-zaman-saf-olmadim-olmak-da-istemedim-serisinden-no-5\/#breadcrumb\"},\"inLanguage\":\"en-US\",\"potentialAction\":[{\"@type\":\"ReadAction\",\"target\":[\"http:\/\/www.artnivo.com\/en\/title\/hicbir-zaman-saf-olmadim-olmak-da-istemedim-serisinden-no-5\/\"]}]},{\"@type\":\"ImageObject\",\"inLanguage\":\"en-US\",\"@id\":\"http:\/\/www.artnivo.com\/en\/title\/hicbir-zaman-saf-olmadim-olmak-da-istemedim-serisinden-no-5\/#primaryimage\",\"url\":\"https:\/\/www.artnivo.com\/wp-content\/uploads\/2021\/10\/SESIL-BEATRIS-KALAYCIYAN-47-x-28-cm.jpg\",\"contentUrl\":\"https:\/\/www.artnivo.com\/wp-content\/uploads\/2021\/10\/SESIL-BEATRIS-KALAYCIYAN-47-x-28-cm.jpg\",\"width\":900,\"height\":900},{\"@type\":\"BreadcrumbList\",\"@id\":\"http:\/\/www.artnivo.com\/en\/title\/hicbir-zaman-saf-olmadim-olmak-da-istemedim-serisinden-no-5\/#breadcrumb\",\"itemListElement\":[{\"@type\":\"ListItem\",\"position\":1,\"name\":\"Anasayfa\",\"item\":\"http:\/\/www.artnivo.com\/en\/\"},{\"@type\":\"ListItem\",\"position\":2,\"name\":\"Shop\",\"item\":\"http:\/\/www.artnivo.com\/en\/shop\/\"},{\"@type\":\"ListItem\",\"position\":3,\"name\":\"\u201cNever Was I Pure, Nor Did I Want To Be\u201d series, No. 5\"}]},{\"@type\":\"WebSite\",\"@id\":\"http:\/\/www.artnivo.com\/#website\",\"url\":\"http:\/\/www.artnivo.com\/\",\"name\":\"artnivo\",\"description\":\"\",\"publisher\":{\"@id\":\"http:\/\/www.artnivo.com\/#organization\"},\"potentialAction\":[{\"@type\":\"SearchAction\",\"target\":{\"@type\":\"EntryPoint\",\"urlTemplate\":\"http:\/\/www.artnivo.com\/?s={search_term_string}\"},\"query-input\":{\"@type\":\"PropertyValueSpecification\",\"valueRequired\":true,\"valueName\":\"search_term_string\"}}],\"inLanguage\":\"en-US\"},{\"@type\":\"Organization\",\"@id\":\"http:\/\/www.artnivo.com\/#organization\",\"name\":\"artnivo\",\"url\":\"http:\/\/www.artnivo.com\/\",\"logo\":{\"@type\":\"ImageObject\",\"inLanguage\":\"en-US\",\"@id\":\"http:\/\/www.artnivo.com\/#\/schema\/logo\/image\/\",\"url\":\"http:\/\/www.artnivo.com\/wp-content\/uploads\/2021\/05\/artnivokare.jpg\",\"contentUrl\":\"http:\/\/www.artnivo.com\/wp-content\/uploads\/2021\/05\/artnivokare.jpg\",\"width\":750,\"height\":750,\"caption\":\"artnivo\"},\"image\":{\"@id\":\"http:\/\/www.artnivo.com\/#\/schema\/logo\/image\/\"},\"sameAs\":[\"https:\/\/www.facebook.com\/artnivocom\",\"https:\/\/x.com\/artnivocom\",\"http:\/\/instagram.com\/artnivocom\/\",\"https:\/\/www.pinterest.com\/artnivocom\/\",\"https:\/\/www.youtube.com\/channel\/UC__bxk2hs4IZ4NiD1Bg4J9w\"]}]}<\/script>\n<!-- \/ Yoast SEO plugin. -->","yoast_head_json":{"title":"\u201cNever Was I Pure, Nor Did I Want To Be\u201d series, No. 5 | artnivo","description":"\u00c7a\u011fda\u015f sanat ve tasar\u0131ma ula\u015fman\u0131n en kolay yolu artnivo.com \u00fczerinden \u201cNever Was I Pure, Nor Did I Want To Be\u201d series, No. 5 ba\u015fl\u0131kl\u0131 par\u00e7ay\u0131 hemen sat\u0131n alabilirsiniz.","robots":{"index":"index","follow":"follow","max-snippet":"max-snippet:-1","max-image-preview":"max-image-preview:large","max-video-preview":"max-video-preview:-1"},"canonical":"http:\/\/www.artnivo.com\/en\/title\/hicbir-zaman-saf-olmadim-olmak-da-istemedim-serisinden-no-5\/","og_locale":"en_US","og_type":"article","og_title":"\u201cNever Was I Pure, Nor Did I Want To Be\u201d series, No. 5 | artnivo","og_description":"\u00c7a\u011fda\u015f sanat ve tasar\u0131ma ula\u015fman\u0131n en kolay yolu artnivo.com \u00fczerinden \u201cNever Was I Pure, Nor Did I Want To Be\u201d series, No. 5 ba\u015fl\u0131kl\u0131 par\u00e7ay\u0131 hemen sat\u0131n alabilirsiniz.","og_url":"http:\/\/www.artnivo.com\/en\/title\/hicbir-zaman-saf-olmadim-olmak-da-istemedim-serisinden-no-5\/","og_site_name":"artnivo","article_publisher":"https:\/\/www.facebook.com\/artnivocom","article_modified_time":"2021-10-15T08:54:56+00:00","og_image":[{"width":900,"height":900,"url":"http:\/\/www.artnivo.com\/wp-content\/uploads\/2021\/10\/SESIL-BEATRIS-KALAYCIYAN-47-x-28-cm.jpg","type":"image\/jpeg"}],"twitter_card":"summary_large_image","twitter_site":"@artnivocom","twitter_misc":{"Est. reading time":"1 minute"},"schema":{"@context":"https:\/\/schema.org","@graph":[{"@type":"WebPage","@id":"http:\/\/www.artnivo.com\/en\/title\/hicbir-zaman-saf-olmadim-olmak-da-istemedim-serisinden-no-5\/","url":"http:\/\/www.artnivo.com\/en\/title\/hicbir-zaman-saf-olmadim-olmak-da-istemedim-serisinden-no-5\/","name":"\u201cNever Was I Pure, Nor Did I Want To Be\u201d series, No. 5 | artnivo","isPartOf":{"@id":"http:\/\/www.artnivo.com\/#website"},"primaryImageOfPage":{"@id":"http:\/\/www.artnivo.com\/en\/title\/hicbir-zaman-saf-olmadim-olmak-da-istemedim-serisinden-no-5\/#primaryimage"},"image":{"@id":"http:\/\/www.artnivo.com\/en\/title\/hicbir-zaman-saf-olmadim-olmak-da-istemedim-serisinden-no-5\/#primaryimage"},"thumbnailUrl":"https:\/\/www.artnivo.com\/wp-content\/uploads\/2021\/10\/SESIL-BEATRIS-KALAYCIYAN-47-x-28-cm.jpg","datePublished":"2021-10-14T14:54:55+00:00","dateModified":"2021-10-15T08:54:56+00:00","description":"\u00c7a\u011fda\u015f sanat ve tasar\u0131ma ula\u015fman\u0131n en kolay yolu artnivo.com \u00fczerinden \u201cNever Was I Pure, Nor Did I Want To Be\u201d series, No. 5 ba\u015fl\u0131kl\u0131 par\u00e7ay\u0131 hemen sat\u0131n alabilirsiniz.","breadcrumb":{"@id":"http:\/\/www.artnivo.com\/en\/title\/hicbir-zaman-saf-olmadim-olmak-da-istemedim-serisinden-no-5\/#breadcrumb"},"inLanguage":"en-US","potentialAction":[{"@type":"ReadAction","target":["http:\/\/www.artnivo.com\/en\/title\/hicbir-zaman-saf-olmadim-olmak-da-istemedim-serisinden-no-5\/"]}]},{"@type":"ImageObject","inLanguage":"en-US","@id":"http:\/\/www.artnivo.com\/en\/title\/hicbir-zaman-saf-olmadim-olmak-da-istemedim-serisinden-no-5\/#primaryimage","url":"https:\/\/www.artnivo.com\/wp-content\/uploads\/2021\/10\/SESIL-BEATRIS-KALAYCIYAN-47-x-28-cm.jpg","contentUrl":"https:\/\/www.artnivo.com\/wp-content\/uploads\/2021\/10\/SESIL-BEATRIS-KALAYCIYAN-47-x-28-cm.jpg","width":900,"height":900},{"@type":"BreadcrumbList","@id":"http:\/\/www.artnivo.com\/en\/title\/hicbir-zaman-saf-olmadim-olmak-da-istemedim-serisinden-no-5\/#breadcrumb","itemListElement":[{"@type":"ListItem","position":1,"name":"Anasayfa","item":"http:\/\/www.artnivo.com\/en\/"},{"@type":"ListItem","position":2,"name":"Shop","item":"http:\/\/www.artnivo.com\/en\/shop\/"},{"@type":"ListItem","position":3,"name":"\u201cNever Was I Pure, Nor Did I Want To Be\u201d series, No. 5"}]},{"@type":"WebSite","@id":"http:\/\/www.artnivo.com\/#website","url":"http:\/\/www.artnivo.com\/","name":"artnivo","description":"","publisher":{"@id":"http:\/\/www.artnivo.com\/#organization"},"potentialAction":[{"@type":"SearchAction","target":{"@type":"EntryPoint","urlTemplate":"http:\/\/www.artnivo.com\/?s={search_term_string}"},"query-input":{"@type":"PropertyValueSpecification","valueRequired":true,"valueName":"search_term_string"}}],"inLanguage":"en-US"},{"@type":"Organization","@id":"http:\/\/www.artnivo.com\/#organization","name":"artnivo","url":"http:\/\/www.artnivo.com\/","logo":{"@type":"ImageObject","inLanguage":"en-US","@id":"http:\/\/www.artnivo.com\/#\/schema\/logo\/image\/","url":"http:\/\/www.artnivo.com\/wp-content\/uploads\/2021\/05\/artnivokare.jpg","contentUrl":"http:\/\/www.artnivo.com\/wp-content\/uploads\/2021\/05\/artnivokare.jpg","width":750,"height":750,"caption":"artnivo"},"image":{"@id":"http:\/\/www.artnivo.com\/#\/schema\/logo\/image\/"},"sameAs":["https:\/\/www.facebook.com\/artnivocom","https:\/\/x.com\/artnivocom","http:\/\/instagram.com\/artnivocom\/","https:\/\/www.pinterest.com\/artnivocom\/","https:\/\/www.youtube.com\/channel\/UC__bxk2hs4IZ4NiD1Bg4J9w"]}]}},"_links":{"self":[{"href":"https:\/\/www.artnivo.com\/en\/wp-json\/wp\/v2\/product\/16341","targetHints":{"allow":["GET"]}}],"collection":[{"href":"https:\/\/www.artnivo.com\/en\/wp-json\/wp\/v2\/product"}],"about":[{"href":"https:\/\/www.artnivo.com\/en\/wp-json\/wp\/v2\/types\/product"}],"wp:featuredmedia":[{"embeddable":true,"href":"https:\/\/www.artnivo.com\/en\/wp-json\/wp\/v2\/media\/16366"}],"wp:attachment":[{"href":"https:\/\/www.artnivo.com\/en\/wp-json\/wp\/v2\/media?parent=16341"}],"wp:term":[{"taxonomy":"brand","embeddable":true,"href":"https:\/\/www.artnivo.com\/en\/wp-json\/wp\/v2\/etheme_brands?post=16341"},{"taxonomy":"product_cat","embeddable":true,"href":"https:\/\/www.artnivo.com\/en\/wp-json\/wp\/v2\/product_cat?post=16341"},{"taxonomy":"product_tag","embeddable":true,"href":"https:\/\/www.artnivo.com\/en\/wp-json\/wp\/v2\/product_tag?post=16341"}],"curies":[{"name":"wp","href":"https:\/\/api.w.org\/{rel}","templated":true}]}}