{"id":16483,"date":"2021-10-19T08:37:51","date_gmt":"2021-10-19T05:37:51","guid":{"rendered":"http:\/\/www.artnivo.com\/baslik\/on-the-way-to-tube\/"},"modified":"2021-10-19T08:38:51","modified_gmt":"2021-10-19T05:38:51","slug":"on-the-way-to-tube","status":"publish","type":"product","link":"https:\/\/www.artnivo.com\/en\/title\/on-the-way-to-tube\/","title":{"rendered":"On The Way To Tube"},"content":{"rendered":"","protected":false},"excerpt":{"rendered":"<p>2020<br \/>\nMixed Media on Cloth<br \/>\n32 x 42 cm<\/p>\n<p>Framed 42 x 52 cm <\/p>\n","protected":false},"featured_media":16511,"template":"","meta":[],"etheme_brands":[],"product_cat":[701],"product_tag":[1037],"class_list":{"0":"post-16483","1":"product","2":"type-product","3":"status-publish","4":"has-post-thumbnail","6":"product_cat-paintings","7":"product_tag-pickapok-en","9":"first","10":"outofstock","11":"taxable","12":"shipping-taxable","13":"purchasable","14":"product-type-simple"},"acf":[],"yoast_head":"<!-- This site is optimized with the Yoast SEO plugin v23.4 - https:\/\/yoast.com\/wordpress\/plugins\/seo\/ -->\n<title>On The Way To Tube | artnivo<\/title>\n<meta name=\"description\" content=\"\u00c7a\u011fda\u015f sanat ve tasar\u0131ma ula\u015fman\u0131n en kolay yolu artnivo.com \u00fczerinden On The Way To Tube ba\u015fl\u0131kl\u0131 par\u00e7ay\u0131 hemen sat\u0131n alabilirsiniz.\" \/>\n<meta name=\"robots\" content=\"index, follow, max-snippet:-1, max-image-preview:large, max-video-preview:-1\" \/>\n<link rel=\"canonical\" href=\"https:\/\/www.artnivo.com\/en\/title\/on-the-way-to-tube\/\" \/>\n<meta property=\"og:locale\" content=\"en_US\" \/>\n<meta property=\"og:type\" content=\"article\" \/>\n<meta property=\"og:title\" content=\"On The Way To Tube | artnivo\" \/>\n<meta property=\"og:description\" content=\"\u00c7a\u011fda\u015f sanat ve tasar\u0131ma ula\u015fman\u0131n en kolay yolu artnivo.com \u00fczerinden On The Way To Tube ba\u015fl\u0131kl\u0131 par\u00e7ay\u0131 hemen sat\u0131n alabilirsiniz.\" \/>\n<meta property=\"og:url\" content=\"https:\/\/www.artnivo.com\/en\/title\/on-the-way-to-tube\/\" \/>\n<meta property=\"og:site_name\" content=\"artnivo\" \/>\n<meta property=\"article:publisher\" content=\"https:\/\/www.facebook.com\/artnivocom\" \/>\n<meta property=\"article:modified_time\" content=\"2021-10-19T05:38:51+00:00\" \/>\n<meta property=\"og:image\" content=\"https:\/\/www.artnivo.com\/wp-content\/uploads\/2021\/10\/on-the-way-to-tube.png\" \/>\n\t<meta property=\"og:image:width\" content=\"900\" \/>\n\t<meta property=\"og:image:height\" content=\"900\" \/>\n\t<meta property=\"og:image:type\" content=\"image\/png\" \/>\n<meta name=\"twitter:card\" content=\"summary_large_image\" \/>\n<meta name=\"twitter:site\" content=\"@artnivocom\" \/>\n<script type=\"application\/ld+json\" class=\"yoast-schema-graph\">{\"@context\":\"https:\/\/schema.org\",\"@graph\":[{\"@type\":\"WebPage\",\"@id\":\"https:\/\/www.artnivo.com\/en\/title\/on-the-way-to-tube\/\",\"url\":\"https:\/\/www.artnivo.com\/en\/title\/on-the-way-to-tube\/\",\"name\":\"On The Way To Tube | artnivo\",\"isPartOf\":{\"@id\":\"https:\/\/www.artnivo.com\/#website\"},\"primaryImageOfPage\":{\"@id\":\"https:\/\/www.artnivo.com\/en\/title\/on-the-way-to-tube\/#primaryimage\"},\"image\":{\"@id\":\"https:\/\/www.artnivo.com\/en\/title\/on-the-way-to-tube\/#primaryimage\"},\"thumbnailUrl\":\"https:\/\/www.artnivo.com\/wp-content\/uploads\/2021\/10\/on-the-way-to-tube.png\",\"datePublished\":\"2021-10-19T05:37:51+00:00\",\"dateModified\":\"2021-10-19T05:38:51+00:00\",\"description\":\"\u00c7a\u011fda\u015f sanat ve tasar\u0131ma ula\u015fman\u0131n en kolay yolu artnivo.com \u00fczerinden On The Way To Tube ba\u015fl\u0131kl\u0131 par\u00e7ay\u0131 hemen sat\u0131n alabilirsiniz.\",\"breadcrumb\":{\"@id\":\"https:\/\/www.artnivo.com\/en\/title\/on-the-way-to-tube\/#breadcrumb\"},\"inLanguage\":\"en-US\",\"potentialAction\":[{\"@type\":\"ReadAction\",\"target\":[\"https:\/\/www.artnivo.com\/en\/title\/on-the-way-to-tube\/\"]}]},{\"@type\":\"ImageObject\",\"inLanguage\":\"en-US\",\"@id\":\"https:\/\/www.artnivo.com\/en\/title\/on-the-way-to-tube\/#primaryimage\",\"url\":\"https:\/\/www.artnivo.com\/wp-content\/uploads\/2021\/10\/on-the-way-to-tube.png\",\"contentUrl\":\"https:\/\/www.artnivo.com\/wp-content\/uploads\/2021\/10\/on-the-way-to-tube.png\",\"width\":900,\"height\":900},{\"@type\":\"BreadcrumbList\",\"@id\":\"https:\/\/www.artnivo.com\/en\/title\/on-the-way-to-tube\/#breadcrumb\",\"itemListElement\":[{\"@type\":\"ListItem\",\"position\":1,\"name\":\"Anasayfa\",\"item\":\"http:\/\/www.artnivo.com\/en\/\"},{\"@type\":\"ListItem\",\"position\":2,\"name\":\"Shop\",\"item\":\"http:\/\/www.artnivo.com\/en\/shop\/\"},{\"@type\":\"ListItem\",\"position\":3,\"name\":\"On The Way To Tube\"}]},{\"@type\":\"WebSite\",\"@id\":\"https:\/\/www.artnivo.com\/#website\",\"url\":\"https:\/\/www.artnivo.com\/\",\"name\":\"artnivo\",\"description\":\"\",\"publisher\":{\"@id\":\"https:\/\/www.artnivo.com\/#organization\"},\"potentialAction\":[{\"@type\":\"SearchAction\",\"target\":{\"@type\":\"EntryPoint\",\"urlTemplate\":\"https:\/\/www.artnivo.com\/?s={search_term_string}\"},\"query-input\":{\"@type\":\"PropertyValueSpecification\",\"valueRequired\":true,\"valueName\":\"search_term_string\"}}],\"inLanguage\":\"en-US\"},{\"@type\":\"Organization\",\"@id\":\"https:\/\/www.artnivo.com\/#organization\",\"name\":\"artnivo\",\"url\":\"https:\/\/www.artnivo.com\/\",\"logo\":{\"@type\":\"ImageObject\",\"inLanguage\":\"en-US\",\"@id\":\"https:\/\/www.artnivo.com\/#\/schema\/logo\/image\/\",\"url\":\"http:\/\/www.artnivo.com\/wp-content\/uploads\/2021\/05\/artnivokare.jpg\",\"contentUrl\":\"http:\/\/www.artnivo.com\/wp-content\/uploads\/2021\/05\/artnivokare.jpg\",\"width\":750,\"height\":750,\"caption\":\"artnivo\"},\"image\":{\"@id\":\"https:\/\/www.artnivo.com\/#\/schema\/logo\/image\/\"},\"sameAs\":[\"https:\/\/www.facebook.com\/artnivocom\",\"https:\/\/x.com\/artnivocom\",\"http:\/\/instagram.com\/artnivocom\/\",\"https:\/\/www.pinterest.com\/artnivocom\/\",\"https:\/\/www.youtube.com\/channel\/UC__bxk2hs4IZ4NiD1Bg4J9w\"]}]}<\/script>\n<!-- \/ Yoast SEO plugin. -->","yoast_head_json":{"title":"On The Way To Tube | artnivo","description":"\u00c7a\u011fda\u015f sanat ve tasar\u0131ma ula\u015fman\u0131n en kolay yolu artnivo.com \u00fczerinden On The Way To Tube ba\u015fl\u0131kl\u0131 par\u00e7ay\u0131 hemen sat\u0131n alabilirsiniz.","robots":{"index":"index","follow":"follow","max-snippet":"max-snippet:-1","max-image-preview":"max-image-preview:large","max-video-preview":"max-video-preview:-1"},"canonical":"https:\/\/www.artnivo.com\/en\/title\/on-the-way-to-tube\/","og_locale":"en_US","og_type":"article","og_title":"On The Way To Tube | artnivo","og_description":"\u00c7a\u011fda\u015f sanat ve tasar\u0131ma ula\u015fman\u0131n en kolay yolu artnivo.com \u00fczerinden On The Way To Tube ba\u015fl\u0131kl\u0131 par\u00e7ay\u0131 hemen sat\u0131n alabilirsiniz.","og_url":"https:\/\/www.artnivo.com\/en\/title\/on-the-way-to-tube\/","og_site_name":"artnivo","article_publisher":"https:\/\/www.facebook.com\/artnivocom","article_modified_time":"2021-10-19T05:38:51+00:00","og_image":[{"width":900,"height":900,"url":"https:\/\/www.artnivo.com\/wp-content\/uploads\/2021\/10\/on-the-way-to-tube.png","type":"image\/png"}],"twitter_card":"summary_large_image","twitter_site":"@artnivocom","schema":{"@context":"https:\/\/schema.org","@graph":[{"@type":"WebPage","@id":"https:\/\/www.artnivo.com\/en\/title\/on-the-way-to-tube\/","url":"https:\/\/www.artnivo.com\/en\/title\/on-the-way-to-tube\/","name":"On The Way To Tube | artnivo","isPartOf":{"@id":"https:\/\/www.artnivo.com\/#website"},"primaryImageOfPage":{"@id":"https:\/\/www.artnivo.com\/en\/title\/on-the-way-to-tube\/#primaryimage"},"image":{"@id":"https:\/\/www.artnivo.com\/en\/title\/on-the-way-to-tube\/#primaryimage"},"thumbnailUrl":"https:\/\/www.artnivo.com\/wp-content\/uploads\/2021\/10\/on-the-way-to-tube.png","datePublished":"2021-10-19T05:37:51+00:00","dateModified":"2021-10-19T05:38:51+00:00","description":"\u00c7a\u011fda\u015f sanat ve tasar\u0131ma ula\u015fman\u0131n en kolay yolu artnivo.com \u00fczerinden On The Way To Tube ba\u015fl\u0131kl\u0131 par\u00e7ay\u0131 hemen sat\u0131n alabilirsiniz.","breadcrumb":{"@id":"https:\/\/www.artnivo.com\/en\/title\/on-the-way-to-tube\/#breadcrumb"},"inLanguage":"en-US","potentialAction":[{"@type":"ReadAction","target":["https:\/\/www.artnivo.com\/en\/title\/on-the-way-to-tube\/"]}]},{"@type":"ImageObject","inLanguage":"en-US","@id":"https:\/\/www.artnivo.com\/en\/title\/on-the-way-to-tube\/#primaryimage","url":"https:\/\/www.artnivo.com\/wp-content\/uploads\/2021\/10\/on-the-way-to-tube.png","contentUrl":"https:\/\/www.artnivo.com\/wp-content\/uploads\/2021\/10\/on-the-way-to-tube.png","width":900,"height":900},{"@type":"BreadcrumbList","@id":"https:\/\/www.artnivo.com\/en\/title\/on-the-way-to-tube\/#breadcrumb","itemListElement":[{"@type":"ListItem","position":1,"name":"Anasayfa","item":"http:\/\/www.artnivo.com\/en\/"},{"@type":"ListItem","position":2,"name":"Shop","item":"http:\/\/www.artnivo.com\/en\/shop\/"},{"@type":"ListItem","position":3,"name":"On The Way To Tube"}]},{"@type":"WebSite","@id":"https:\/\/www.artnivo.com\/#website","url":"https:\/\/www.artnivo.com\/","name":"artnivo","description":"","publisher":{"@id":"https:\/\/www.artnivo.com\/#organization"},"potentialAction":[{"@type":"SearchAction","target":{"@type":"EntryPoint","urlTemplate":"https:\/\/www.artnivo.com\/?s={search_term_string}"},"query-input":{"@type":"PropertyValueSpecification","valueRequired":true,"valueName":"search_term_string"}}],"inLanguage":"en-US"},{"@type":"Organization","@id":"https:\/\/www.artnivo.com\/#organization","name":"artnivo","url":"https:\/\/www.artnivo.com\/","logo":{"@type":"ImageObject","inLanguage":"en-US","@id":"https:\/\/www.artnivo.com\/#\/schema\/logo\/image\/","url":"http:\/\/www.artnivo.com\/wp-content\/uploads\/2021\/05\/artnivokare.jpg","contentUrl":"http:\/\/www.artnivo.com\/wp-content\/uploads\/2021\/05\/artnivokare.jpg","width":750,"height":750,"caption":"artnivo"},"image":{"@id":"https:\/\/www.artnivo.com\/#\/schema\/logo\/image\/"},"sameAs":["https:\/\/www.facebook.com\/artnivocom","https:\/\/x.com\/artnivocom","http:\/\/instagram.com\/artnivocom\/","https:\/\/www.pinterest.com\/artnivocom\/","https:\/\/www.youtube.com\/channel\/UC__bxk2hs4IZ4NiD1Bg4J9w"]}]}},"_links":{"self":[{"href":"https:\/\/www.artnivo.com\/en\/wp-json\/wp\/v2\/product\/16483","targetHints":{"allow":["GET"]}}],"collection":[{"href":"https:\/\/www.artnivo.com\/en\/wp-json\/wp\/v2\/product"}],"about":[{"href":"https:\/\/www.artnivo.com\/en\/wp-json\/wp\/v2\/types\/product"}],"wp:featuredmedia":[{"embeddable":true,"href":"https:\/\/www.artnivo.com\/en\/wp-json\/wp\/v2\/media\/16511"}],"wp:attachment":[{"href":"https:\/\/www.artnivo.com\/en\/wp-json\/wp\/v2\/media?parent=16483"}],"wp:term":[{"taxonomy":"brand","embeddable":true,"href":"https:\/\/www.artnivo.com\/en\/wp-json\/wp\/v2\/etheme_brands?post=16483"},{"taxonomy":"product_cat","embeddable":true,"href":"https:\/\/www.artnivo.com\/en\/wp-json\/wp\/v2\/product_cat?post=16483"},{"taxonomy":"product_tag","embeddable":true,"href":"https:\/\/www.artnivo.com\/en\/wp-json\/wp\/v2\/product_tag?post=16483"}],"curies":[{"name":"wp","href":"https:\/\/api.w.org\/{rel}","templated":true}]}}