{"id":16661,"date":"2021-11-01T16:04:24","date_gmt":"2021-11-01T13:04:24","guid":{"rendered":"http:\/\/www.artnivo.com\/baslik\/contamination-i\/"},"modified":"2021-11-01T16:05:18","modified_gmt":"2021-11-01T13:05:18","slug":"contamination-i","status":"publish","type":"product","link":"https:\/\/www.artnivo.com\/en\/title\/contamination-i\/","title":{"rendered":"Contamination I"},"content":{"rendered":"<p>Selin Balc\u0131 \u00e7al\u0131\u015fmalar\u0131nda ya\u015fayan organizmalar\u0131n birbirleri ile olan m\u00fccadelelerini ve \u00e7at\u0131\u015fmalar\u0131n\u0131 g\u00f6zlemleyebildi\u011fi sentetik bir \u201cD\u00fcnya\u201d olu\u015fturuyor. Suni olarak yarat\u0131lm\u0131\u015f bu y\u00fczey, mikroorganizmalar i\u00e7in sadece bir ya\u015fam alan\u0131 de\u011fil, ayn\u0131 zamanda g\u00f6r\u00fcnmeyen ya\u015fam formlar\u0131n\u0131n ortaya \u00e7\u0131kt\u0131\u011f\u0131 ya\u015fayan bir st\u00fcdyo g\u00f6revi de g\u00f6r\u00fcyor. Mikroorganizmalar resim y\u00fczeyinde fiziksel fig\u00fcrler ve izlenilebilir etkile\u015fimler yaratarak birbirinden farkl\u0131 ya\u015fam alanlar\u0131 olu\u015fturuyorlar. Bu etkile\u015fimler metaforik olarak insanlar\u0131n eylemlerine at\u0131fta bulunurken ayn\u0131 zamanda insan davran\u0131\u015flar\u0131n\u0131 ve insan eylemlerinin ekosistemimize olan etkilerini temsil ediyorlar. Hem do\u011fal hem de yapay olan bu platform, Selin\u2019in yarat\u0131c\u0131 ve k\u00fcrat\u00f6r olarak \u00e7al\u0131\u015ft\u0131\u011f\u0131 bir sahne sa\u011fl\u0131yor. \u00c7al\u0131\u015fmalar\u0131 tamamlad\u0131\u011f\u0131nda, mikroorganizmalar mikroskobik d\u00fcnyadan makroskobik d\u00fcnyaya ge\u00e7iyor ve g\u00f6zle g\u00f6r\u00fcn\u00fcr hale geliyor.<\/p>\n","protected":false},"excerpt":{"rendered":"<p>30 x 30 cm<br \/>\nMold spores on panel covered with resin<\/p>\n","protected":false},"featured_media":16660,"template":"","meta":[],"etheme_brands":[{"term_id":941,"name":"Selin Balc\u0131","slug":"selin-balci-en","term_group":0,"term_taxonomy_id":941,"taxonomy":"brand","description":"\r\nSelin Balc\u0131 is an interdisciplinary artist and researcher. In her productions, she combines traditional art practice with scientific materials, synthetic habitats and microscopic organisms. She creates living biological landscapes in which he witnesses the endless interactions of living organisms in a sterile, man-made environment.\r\n\r\nIn 2022 and 2023, many projects received support from Anne Arundel and Maryland State Arts Councils independent artist programs. Other awards include the Mary Sawyer's Baker Award from the Greater Baltimore Cultural Alliance, the College Art Association (CAA) Professional Development Fellowship, the Washington DC Hamiltonian Gallery fellowship, the Anne Truitt educational grant, and the SOFAlab Science\/Art Project award from George Mason University. She attended the Virginia Center for the Creative Arts, Vermont Studio Center, Istanbul Art Residency and MASS MoCA residency programs. After graduating from West Virginia University's Department of Fine Arts, Selin completed her master's degree in studio arts at the University of Maryland in 2012. She continues his studies in Washington DC.","parent":878,"count":11,"filter":"raw"}],"product_cat":[701],"product_tag":[845],"class_list":{"0":"post-16661","1":"product","2":"type-product","3":"status-publish","4":"has-post-thumbnail","6":"brand-selin-balci-en","7":"product_cat-paintings","8":"product_tag-selin-balci-en","10":"first","11":"outofstock","12":"taxable","13":"shipping-taxable","14":"purchasable","15":"product-type-simple"},"acf":[],"yoast_head":"<!-- This site is optimized with the Yoast SEO plugin v23.4 - https:\/\/yoast.com\/wordpress\/plugins\/seo\/ -->\n<title>Contamination I | artnivo<\/title>\n<meta name=\"description\" content=\"\u00c7a\u011fda\u015f sanat ve tasar\u0131ma ula\u015fman\u0131n en kolay yolu artnivo.com \u00fczerinden Contamination I ba\u015fl\u0131kl\u0131 par\u00e7ay\u0131 hemen sat\u0131n alabilirsiniz.\" \/>\n<meta name=\"robots\" content=\"index, follow, max-snippet:-1, max-image-preview:large, max-video-preview:-1\" \/>\n<link rel=\"canonical\" href=\"https:\/\/www.artnivo.com\/en\/title\/contamination-i\/\" \/>\n<meta property=\"og:locale\" content=\"en_US\" \/>\n<meta property=\"og:type\" content=\"article\" \/>\n<meta property=\"og:title\" content=\"Contamination I | artnivo\" \/>\n<meta property=\"og:description\" content=\"\u00c7a\u011fda\u015f sanat ve tasar\u0131ma ula\u015fman\u0131n en kolay yolu artnivo.com \u00fczerinden Contamination I ba\u015fl\u0131kl\u0131 par\u00e7ay\u0131 hemen sat\u0131n alabilirsiniz.\" \/>\n<meta property=\"og:url\" content=\"https:\/\/www.artnivo.com\/en\/title\/contamination-i\/\" \/>\n<meta property=\"og:site_name\" content=\"artnivo\" \/>\n<meta property=\"article:publisher\" content=\"https:\/\/www.facebook.com\/artnivocom\" \/>\n<meta property=\"article:modified_time\" content=\"2021-11-01T13:05:18+00:00\" \/>\n<meta property=\"og:image\" content=\"https:\/\/www.artnivo.com\/wp-content\/uploads\/2021\/11\/2-Contamination-I-scaled-scaled.jpg\" \/>\n\t<meta property=\"og:image:width\" content=\"2046\" \/>\n\t<meta property=\"og:image:height\" content=\"2048\" \/>\n\t<meta property=\"og:image:type\" content=\"image\/jpeg\" \/>\n<meta name=\"twitter:card\" content=\"summary_large_image\" \/>\n<meta name=\"twitter:site\" content=\"@artnivocom\" \/>\n<meta name=\"twitter:label1\" content=\"Est. reading time\" \/>\n\t<meta name=\"twitter:data1\" content=\"1 minute\" \/>\n<script type=\"application\/ld+json\" class=\"yoast-schema-graph\">{\"@context\":\"https:\/\/schema.org\",\"@graph\":[{\"@type\":\"WebPage\",\"@id\":\"https:\/\/www.artnivo.com\/en\/title\/contamination-i\/\",\"url\":\"https:\/\/www.artnivo.com\/en\/title\/contamination-i\/\",\"name\":\"Contamination I | artnivo\",\"isPartOf\":{\"@id\":\"https:\/\/www.artnivo.com\/#website\"},\"primaryImageOfPage\":{\"@id\":\"https:\/\/www.artnivo.com\/en\/title\/contamination-i\/#primaryimage\"},\"image\":{\"@id\":\"https:\/\/www.artnivo.com\/en\/title\/contamination-i\/#primaryimage\"},\"thumbnailUrl\":\"https:\/\/www.artnivo.com\/wp-content\/uploads\/2021\/11\/2-Contamination-I-scaled-scaled.jpg\",\"datePublished\":\"2021-11-01T13:04:24+00:00\",\"dateModified\":\"2021-11-01T13:05:18+00:00\",\"description\":\"\u00c7a\u011fda\u015f sanat ve tasar\u0131ma ula\u015fman\u0131n en kolay yolu artnivo.com \u00fczerinden Contamination I ba\u015fl\u0131kl\u0131 par\u00e7ay\u0131 hemen sat\u0131n alabilirsiniz.\",\"breadcrumb\":{\"@id\":\"https:\/\/www.artnivo.com\/en\/title\/contamination-i\/#breadcrumb\"},\"inLanguage\":\"en-US\",\"potentialAction\":[{\"@type\":\"ReadAction\",\"target\":[\"https:\/\/www.artnivo.com\/en\/title\/contamination-i\/\"]}]},{\"@type\":\"ImageObject\",\"inLanguage\":\"en-US\",\"@id\":\"https:\/\/www.artnivo.com\/en\/title\/contamination-i\/#primaryimage\",\"url\":\"https:\/\/www.artnivo.com\/wp-content\/uploads\/2021\/11\/2-Contamination-I-scaled-scaled.jpg\",\"contentUrl\":\"https:\/\/www.artnivo.com\/wp-content\/uploads\/2021\/11\/2-Contamination-I-scaled-scaled.jpg\",\"width\":2046,\"height\":2048},{\"@type\":\"BreadcrumbList\",\"@id\":\"https:\/\/www.artnivo.com\/en\/title\/contamination-i\/#breadcrumb\",\"itemListElement\":[{\"@type\":\"ListItem\",\"position\":1,\"name\":\"Anasayfa\",\"item\":\"https:\/\/www.artnivo.com\/en\/\"},{\"@type\":\"ListItem\",\"position\":2,\"name\":\"Shop\",\"item\":\"http:\/\/www.artnivo.com\/en\/shop\/\"},{\"@type\":\"ListItem\",\"position\":3,\"name\":\"Contamination I\"}]},{\"@type\":\"WebSite\",\"@id\":\"https:\/\/www.artnivo.com\/#website\",\"url\":\"https:\/\/www.artnivo.com\/\",\"name\":\"artnivo\",\"description\":\"\",\"publisher\":{\"@id\":\"https:\/\/www.artnivo.com\/#organization\"},\"potentialAction\":[{\"@type\":\"SearchAction\",\"target\":{\"@type\":\"EntryPoint\",\"urlTemplate\":\"https:\/\/www.artnivo.com\/?s={search_term_string}\"},\"query-input\":{\"@type\":\"PropertyValueSpecification\",\"valueRequired\":true,\"valueName\":\"search_term_string\"}}],\"inLanguage\":\"en-US\"},{\"@type\":\"Organization\",\"@id\":\"https:\/\/www.artnivo.com\/#organization\",\"name\":\"artnivo\",\"url\":\"https:\/\/www.artnivo.com\/\",\"logo\":{\"@type\":\"ImageObject\",\"inLanguage\":\"en-US\",\"@id\":\"https:\/\/www.artnivo.com\/#\/schema\/logo\/image\/\",\"url\":\"http:\/\/www.artnivo.com\/wp-content\/uploads\/2021\/05\/artnivokare.jpg\",\"contentUrl\":\"http:\/\/www.artnivo.com\/wp-content\/uploads\/2021\/05\/artnivokare.jpg\",\"width\":750,\"height\":750,\"caption\":\"artnivo\"},\"image\":{\"@id\":\"https:\/\/www.artnivo.com\/#\/schema\/logo\/image\/\"},\"sameAs\":[\"https:\/\/www.facebook.com\/artnivocom\",\"https:\/\/x.com\/artnivocom\",\"http:\/\/instagram.com\/artnivocom\/\",\"https:\/\/www.pinterest.com\/artnivocom\/\",\"https:\/\/www.youtube.com\/channel\/UC__bxk2hs4IZ4NiD1Bg4J9w\"]}]}<\/script>\n<!-- \/ Yoast SEO plugin. -->","yoast_head_json":{"title":"Contamination I | artnivo","description":"\u00c7a\u011fda\u015f sanat ve tasar\u0131ma ula\u015fman\u0131n en kolay yolu artnivo.com \u00fczerinden Contamination I ba\u015fl\u0131kl\u0131 par\u00e7ay\u0131 hemen sat\u0131n alabilirsiniz.","robots":{"index":"index","follow":"follow","max-snippet":"max-snippet:-1","max-image-preview":"max-image-preview:large","max-video-preview":"max-video-preview:-1"},"canonical":"https:\/\/www.artnivo.com\/en\/title\/contamination-i\/","og_locale":"en_US","og_type":"article","og_title":"Contamination I | artnivo","og_description":"\u00c7a\u011fda\u015f sanat ve tasar\u0131ma ula\u015fman\u0131n en kolay yolu artnivo.com \u00fczerinden Contamination I ba\u015fl\u0131kl\u0131 par\u00e7ay\u0131 hemen sat\u0131n alabilirsiniz.","og_url":"https:\/\/www.artnivo.com\/en\/title\/contamination-i\/","og_site_name":"artnivo","article_publisher":"https:\/\/www.facebook.com\/artnivocom","article_modified_time":"2021-11-01T13:05:18+00:00","og_image":[{"width":2046,"height":2048,"url":"https:\/\/www.artnivo.com\/wp-content\/uploads\/2021\/11\/2-Contamination-I-scaled-scaled.jpg","type":"image\/jpeg"}],"twitter_card":"summary_large_image","twitter_site":"@artnivocom","twitter_misc":{"Est. reading time":"1 minute"},"schema":{"@context":"https:\/\/schema.org","@graph":[{"@type":"WebPage","@id":"https:\/\/www.artnivo.com\/en\/title\/contamination-i\/","url":"https:\/\/www.artnivo.com\/en\/title\/contamination-i\/","name":"Contamination I | artnivo","isPartOf":{"@id":"https:\/\/www.artnivo.com\/#website"},"primaryImageOfPage":{"@id":"https:\/\/www.artnivo.com\/en\/title\/contamination-i\/#primaryimage"},"image":{"@id":"https:\/\/www.artnivo.com\/en\/title\/contamination-i\/#primaryimage"},"thumbnailUrl":"https:\/\/www.artnivo.com\/wp-content\/uploads\/2021\/11\/2-Contamination-I-scaled-scaled.jpg","datePublished":"2021-11-01T13:04:24+00:00","dateModified":"2021-11-01T13:05:18+00:00","description":"\u00c7a\u011fda\u015f sanat ve tasar\u0131ma ula\u015fman\u0131n en kolay yolu artnivo.com \u00fczerinden Contamination I ba\u015fl\u0131kl\u0131 par\u00e7ay\u0131 hemen sat\u0131n alabilirsiniz.","breadcrumb":{"@id":"https:\/\/www.artnivo.com\/en\/title\/contamination-i\/#breadcrumb"},"inLanguage":"en-US","potentialAction":[{"@type":"ReadAction","target":["https:\/\/www.artnivo.com\/en\/title\/contamination-i\/"]}]},{"@type":"ImageObject","inLanguage":"en-US","@id":"https:\/\/www.artnivo.com\/en\/title\/contamination-i\/#primaryimage","url":"https:\/\/www.artnivo.com\/wp-content\/uploads\/2021\/11\/2-Contamination-I-scaled-scaled.jpg","contentUrl":"https:\/\/www.artnivo.com\/wp-content\/uploads\/2021\/11\/2-Contamination-I-scaled-scaled.jpg","width":2046,"height":2048},{"@type":"BreadcrumbList","@id":"https:\/\/www.artnivo.com\/en\/title\/contamination-i\/#breadcrumb","itemListElement":[{"@type":"ListItem","position":1,"name":"Anasayfa","item":"https:\/\/www.artnivo.com\/en\/"},{"@type":"ListItem","position":2,"name":"Shop","item":"http:\/\/www.artnivo.com\/en\/shop\/"},{"@type":"ListItem","position":3,"name":"Contamination I"}]},{"@type":"WebSite","@id":"https:\/\/www.artnivo.com\/#website","url":"https:\/\/www.artnivo.com\/","name":"artnivo","description":"","publisher":{"@id":"https:\/\/www.artnivo.com\/#organization"},"potentialAction":[{"@type":"SearchAction","target":{"@type":"EntryPoint","urlTemplate":"https:\/\/www.artnivo.com\/?s={search_term_string}"},"query-input":{"@type":"PropertyValueSpecification","valueRequired":true,"valueName":"search_term_string"}}],"inLanguage":"en-US"},{"@type":"Organization","@id":"https:\/\/www.artnivo.com\/#organization","name":"artnivo","url":"https:\/\/www.artnivo.com\/","logo":{"@type":"ImageObject","inLanguage":"en-US","@id":"https:\/\/www.artnivo.com\/#\/schema\/logo\/image\/","url":"http:\/\/www.artnivo.com\/wp-content\/uploads\/2021\/05\/artnivokare.jpg","contentUrl":"http:\/\/www.artnivo.com\/wp-content\/uploads\/2021\/05\/artnivokare.jpg","width":750,"height":750,"caption":"artnivo"},"image":{"@id":"https:\/\/www.artnivo.com\/#\/schema\/logo\/image\/"},"sameAs":["https:\/\/www.facebook.com\/artnivocom","https:\/\/x.com\/artnivocom","http:\/\/instagram.com\/artnivocom\/","https:\/\/www.pinterest.com\/artnivocom\/","https:\/\/www.youtube.com\/channel\/UC__bxk2hs4IZ4NiD1Bg4J9w"]}]}},"_links":{"self":[{"href":"https:\/\/www.artnivo.com\/en\/wp-json\/wp\/v2\/product\/16661","targetHints":{"allow":["GET"]}}],"collection":[{"href":"https:\/\/www.artnivo.com\/en\/wp-json\/wp\/v2\/product"}],"about":[{"href":"https:\/\/www.artnivo.com\/en\/wp-json\/wp\/v2\/types\/product"}],"wp:featuredmedia":[{"embeddable":true,"href":"https:\/\/www.artnivo.com\/en\/wp-json\/wp\/v2\/media\/16660"}],"wp:attachment":[{"href":"https:\/\/www.artnivo.com\/en\/wp-json\/wp\/v2\/media?parent=16661"}],"wp:term":[{"taxonomy":"brand","embeddable":true,"href":"https:\/\/www.artnivo.com\/en\/wp-json\/wp\/v2\/etheme_brands?post=16661"},{"taxonomy":"product_cat","embeddable":true,"href":"https:\/\/www.artnivo.com\/en\/wp-json\/wp\/v2\/product_cat?post=16661"},{"taxonomy":"product_tag","embeddable":true,"href":"https:\/\/www.artnivo.com\/en\/wp-json\/wp\/v2\/product_tag?post=16661"}],"curies":[{"name":"wp","href":"https:\/\/api.w.org\/{rel}","templated":true}]}}