{"id":21809,"date":"2024-09-17T15:14:28","date_gmt":"2024-09-17T12:14:28","guid":{"rendered":"https:\/\/www.artnivo.com\/baslik\/centipede-eater\/"},"modified":"2024-09-17T15:15:46","modified_gmt":"2024-09-17T12:15:46","slug":"centipede-eater","status":"publish","type":"product","link":"https:\/\/www.artnivo.com\/en\/title\/centipede-eater\/","title":{"rendered":"Centipede Eater"},"content":{"rendered":"<p>This series by artist Cevdet Mehmet K\u00f6semen consists of surreal paintings he made with inspiration from the landscapes, creatures and historical places he saw around him during his residency program in Kocak\u00f6y, \u00c7anakkale, in July 2024.<br \/>\nExpressing his special interest in Mediterranean history, nature and evolution with his improvised and colorful painting style, K\u00f6semen reflects his philosophy of art on the lines of the Romanian sculptor Constantin Br\u00e2ncu\u0219i (1876-1957) \u201cI give you only pure joy. \u201cDo not look in vain for secret messages and mysterious symbols,\u201d he explains.<\/p>\n","protected":false},"excerpt":{"rendered":"<p>\u2018Surreal Landscapes from Assos and Its Surroundings\u2019 Series<\/p>\n<p>Acrylic on Paper<\/p>\n<p>41 x 64 cm<\/p>\n<p>2024<\/p>\n","protected":false},"featured_media":21806,"template":"","meta":[],"etheme_brands":[{"term_id":899,"name":"C.M. K\u00f6semen","slug":"c-m-kosemen-en","term_group":0,"term_taxonomy_id":899,"taxonomy":"brand","description":"C.M. K\u00f6semen 1984 Ankara do\u011fumlu bir sanat\u00e7\u0131 ve ara\u015ft\u0131rmac\u0131. E\u011fitimini Cornell ve Sabanc\u0131 \u00dcniversiteleri\u00b4nde tamamlayan K\u00f6semen, daha sonra Goldsmiths College\u00b4da medya ve ileti\u015fim \u00fczerine master program\u0131n\u0131 tamamlad\u0131. Sanat\u00e7\u0131 zooloji, paleontoloji, tarih ve mistisizm ile yak\u0131ndan ilgileniyor. Yap\u0131tlar\u0131nda hayal d\u00fcnyas\u0131ndaki \u00e7e\u015fitli varl\u0131klar\u0131 resmeden sanat\u00e7\u0131, bu s\u00fcreci hem kendi korkular\u0131 ile y\u00fczle\u015fme, hem de toplumun bilin\u00e7alt\u0131nda yap\u0131lm\u0131\u015f do\u011fa bilimci benzeri bir ke\u015fif gezisi olarak nitelendiriyor. B\u00fcy\u00fck boyutlu ka\u011f\u0131tlar\u0131n \u00fczerine eskiz ve deneme yapmadan, tek defada boyad\u0131\u011f\u0131 tablolar\u0131nda K\u00f6semen, anla\u015f\u0131lmaz hareketlerde bulunan garip canl\u0131lar, ruh ve cin benzeri karma varl\u0131klar ve cezbedici kad\u0131n formlar\u0131n\u0131 resmediyor. \u0130zleyicinin kendi hikayesini kurgulayabilece\u011fi bir \u015fekilde yan yana sergilenen resimler; evrim, korku ve cinselli\u011fe de\u011finen kurgusal bir d\u00fcnya olu\u015fturuyor.","parent":878,"count":24,"filter":"raw"}],"product_cat":[701],"product_tag":[788],"class_list":{"0":"post-21809","1":"product","2":"type-product","3":"status-publish","4":"has-post-thumbnail","6":"brand-c-m-kosemen-en","7":"product_cat-paintings","8":"product_tag-c-m-kosemen-en","10":"first","11":"instock","12":"featured","13":"taxable","14":"shipping-taxable","15":"purchasable","16":"product-type-simple"},"acf":[],"yoast_head":"<!-- This site is optimized with the Yoast SEO plugin v23.4 - https:\/\/yoast.com\/wordpress\/plugins\/seo\/ -->\n<title>Centipede Eater | artnivo<\/title>\n<meta name=\"description\" content=\"\u00c7a\u011fda\u015f sanat ve tasar\u0131ma ula\u015fman\u0131n en kolay yolu artnivo.com \u00fczerinden Centipede Eater ba\u015fl\u0131kl\u0131 par\u00e7ay\u0131 hemen sat\u0131n alabilirsiniz.\" \/>\n<meta name=\"robots\" content=\"index, follow, max-snippet:-1, max-image-preview:large, max-video-preview:-1\" \/>\n<link rel=\"canonical\" href=\"https:\/\/www.artnivo.com\/en\/title\/centipede-eater\/\" \/>\n<meta property=\"og:locale\" content=\"en_US\" \/>\n<meta property=\"og:type\" content=\"article\" \/>\n<meta property=\"og:title\" content=\"Centipede Eater | artnivo\" \/>\n<meta property=\"og:description\" content=\"\u00c7a\u011fda\u015f sanat ve tasar\u0131ma ula\u015fman\u0131n en kolay yolu artnivo.com \u00fczerinden Centipede Eater ba\u015fl\u0131kl\u0131 par\u00e7ay\u0131 hemen sat\u0131n alabilirsiniz.\" \/>\n<meta property=\"og:url\" content=\"https:\/\/www.artnivo.com\/en\/title\/centipede-eater\/\" \/>\n<meta property=\"og:site_name\" content=\"artnivo\" \/>\n<meta property=\"article:publisher\" content=\"https:\/\/www.facebook.com\/artnivocom\" \/>\n<meta property=\"article:modified_time\" content=\"2024-09-17T12:15:46+00:00\" \/>\n<meta property=\"og:image\" content=\"https:\/\/www.artnivo.com\/wp-content\/uploads\/2024\/09\/Centipede-Eater.jpg\" \/>\n\t<meta property=\"og:image:width\" content=\"2000\" \/>\n\t<meta property=\"og:image:height\" content=\"2000\" \/>\n\t<meta property=\"og:image:type\" content=\"image\/jpeg\" \/>\n<meta name=\"twitter:card\" content=\"summary_large_image\" \/>\n<meta name=\"twitter:site\" content=\"@artnivocom\" \/>\n<meta name=\"twitter:label1\" content=\"Est. reading time\" \/>\n\t<meta name=\"twitter:data1\" content=\"1 minute\" \/>\n<script type=\"application\/ld+json\" class=\"yoast-schema-graph\">{\"@context\":\"https:\/\/schema.org\",\"@graph\":[{\"@type\":\"WebPage\",\"@id\":\"https:\/\/www.artnivo.com\/en\/title\/centipede-eater\/\",\"url\":\"https:\/\/www.artnivo.com\/en\/title\/centipede-eater\/\",\"name\":\"Centipede Eater | artnivo\",\"isPartOf\":{\"@id\":\"https:\/\/www.artnivo.com\/#website\"},\"primaryImageOfPage\":{\"@id\":\"https:\/\/www.artnivo.com\/en\/title\/centipede-eater\/#primaryimage\"},\"image\":{\"@id\":\"https:\/\/www.artnivo.com\/en\/title\/centipede-eater\/#primaryimage\"},\"thumbnailUrl\":\"https:\/\/www.artnivo.com\/wp-content\/uploads\/2024\/09\/Centipede-Eater.jpg\",\"datePublished\":\"2024-09-17T12:14:28+00:00\",\"dateModified\":\"2024-09-17T12:15:46+00:00\",\"description\":\"\u00c7a\u011fda\u015f sanat ve tasar\u0131ma ula\u015fman\u0131n en kolay yolu artnivo.com \u00fczerinden Centipede Eater ba\u015fl\u0131kl\u0131 par\u00e7ay\u0131 hemen sat\u0131n alabilirsiniz.\",\"breadcrumb\":{\"@id\":\"https:\/\/www.artnivo.com\/en\/title\/centipede-eater\/#breadcrumb\"},\"inLanguage\":\"en-US\",\"potentialAction\":[{\"@type\":\"ReadAction\",\"target\":[\"https:\/\/www.artnivo.com\/en\/title\/centipede-eater\/\"]}]},{\"@type\":\"ImageObject\",\"inLanguage\":\"en-US\",\"@id\":\"https:\/\/www.artnivo.com\/en\/title\/centipede-eater\/#primaryimage\",\"url\":\"https:\/\/www.artnivo.com\/wp-content\/uploads\/2024\/09\/Centipede-Eater.jpg\",\"contentUrl\":\"https:\/\/www.artnivo.com\/wp-content\/uploads\/2024\/09\/Centipede-Eater.jpg\",\"width\":2000,\"height\":2000,\"caption\":\"C_M_Kosemen\"},{\"@type\":\"BreadcrumbList\",\"@id\":\"https:\/\/www.artnivo.com\/en\/title\/centipede-eater\/#breadcrumb\",\"itemListElement\":[{\"@type\":\"ListItem\",\"position\":1,\"name\":\"Anasayfa\",\"item\":\"https:\/\/www.artnivo.com\/en\/\"},{\"@type\":\"ListItem\",\"position\":2,\"name\":\"Shop\",\"item\":\"http:\/\/www.artnivo.com\/en\/shop\/\"},{\"@type\":\"ListItem\",\"position\":3,\"name\":\"Centipede Eater\"}]},{\"@type\":\"WebSite\",\"@id\":\"https:\/\/www.artnivo.com\/#website\",\"url\":\"https:\/\/www.artnivo.com\/\",\"name\":\"artnivo\",\"description\":\"\",\"publisher\":{\"@id\":\"https:\/\/www.artnivo.com\/#organization\"},\"potentialAction\":[{\"@type\":\"SearchAction\",\"target\":{\"@type\":\"EntryPoint\",\"urlTemplate\":\"https:\/\/www.artnivo.com\/?s={search_term_string}\"},\"query-input\":{\"@type\":\"PropertyValueSpecification\",\"valueRequired\":true,\"valueName\":\"search_term_string\"}}],\"inLanguage\":\"en-US\"},{\"@type\":\"Organization\",\"@id\":\"https:\/\/www.artnivo.com\/#organization\",\"name\":\"artnivo\",\"url\":\"https:\/\/www.artnivo.com\/\",\"logo\":{\"@type\":\"ImageObject\",\"inLanguage\":\"en-US\",\"@id\":\"https:\/\/www.artnivo.com\/#\/schema\/logo\/image\/\",\"url\":\"http:\/\/www.artnivo.com\/wp-content\/uploads\/2021\/05\/artnivokare.jpg\",\"contentUrl\":\"http:\/\/www.artnivo.com\/wp-content\/uploads\/2021\/05\/artnivokare.jpg\",\"width\":750,\"height\":750,\"caption\":\"artnivo\"},\"image\":{\"@id\":\"https:\/\/www.artnivo.com\/#\/schema\/logo\/image\/\"},\"sameAs\":[\"https:\/\/www.facebook.com\/artnivocom\",\"https:\/\/x.com\/artnivocom\",\"http:\/\/instagram.com\/artnivocom\/\",\"https:\/\/www.pinterest.com\/artnivocom\/\",\"https:\/\/www.youtube.com\/channel\/UC__bxk2hs4IZ4NiD1Bg4J9w\"]}]}<\/script>\n<!-- \/ Yoast SEO plugin. -->","yoast_head_json":{"title":"Centipede Eater | artnivo","description":"\u00c7a\u011fda\u015f sanat ve tasar\u0131ma ula\u015fman\u0131n en kolay yolu artnivo.com \u00fczerinden Centipede Eater ba\u015fl\u0131kl\u0131 par\u00e7ay\u0131 hemen sat\u0131n alabilirsiniz.","robots":{"index":"index","follow":"follow","max-snippet":"max-snippet:-1","max-image-preview":"max-image-preview:large","max-video-preview":"max-video-preview:-1"},"canonical":"https:\/\/www.artnivo.com\/en\/title\/centipede-eater\/","og_locale":"en_US","og_type":"article","og_title":"Centipede Eater | artnivo","og_description":"\u00c7a\u011fda\u015f sanat ve tasar\u0131ma ula\u015fman\u0131n en kolay yolu artnivo.com \u00fczerinden Centipede Eater ba\u015fl\u0131kl\u0131 par\u00e7ay\u0131 hemen sat\u0131n alabilirsiniz.","og_url":"https:\/\/www.artnivo.com\/en\/title\/centipede-eater\/","og_site_name":"artnivo","article_publisher":"https:\/\/www.facebook.com\/artnivocom","article_modified_time":"2024-09-17T12:15:46+00:00","og_image":[{"width":2000,"height":2000,"url":"https:\/\/www.artnivo.com\/wp-content\/uploads\/2024\/09\/Centipede-Eater.jpg","type":"image\/jpeg"}],"twitter_card":"summary_large_image","twitter_site":"@artnivocom","twitter_misc":{"Est. reading time":"1 minute"},"schema":{"@context":"https:\/\/schema.org","@graph":[{"@type":"WebPage","@id":"https:\/\/www.artnivo.com\/en\/title\/centipede-eater\/","url":"https:\/\/www.artnivo.com\/en\/title\/centipede-eater\/","name":"Centipede Eater | artnivo","isPartOf":{"@id":"https:\/\/www.artnivo.com\/#website"},"primaryImageOfPage":{"@id":"https:\/\/www.artnivo.com\/en\/title\/centipede-eater\/#primaryimage"},"image":{"@id":"https:\/\/www.artnivo.com\/en\/title\/centipede-eater\/#primaryimage"},"thumbnailUrl":"https:\/\/www.artnivo.com\/wp-content\/uploads\/2024\/09\/Centipede-Eater.jpg","datePublished":"2024-09-17T12:14:28+00:00","dateModified":"2024-09-17T12:15:46+00:00","description":"\u00c7a\u011fda\u015f sanat ve tasar\u0131ma ula\u015fman\u0131n en kolay yolu artnivo.com \u00fczerinden Centipede Eater ba\u015fl\u0131kl\u0131 par\u00e7ay\u0131 hemen sat\u0131n alabilirsiniz.","breadcrumb":{"@id":"https:\/\/www.artnivo.com\/en\/title\/centipede-eater\/#breadcrumb"},"inLanguage":"en-US","potentialAction":[{"@type":"ReadAction","target":["https:\/\/www.artnivo.com\/en\/title\/centipede-eater\/"]}]},{"@type":"ImageObject","inLanguage":"en-US","@id":"https:\/\/www.artnivo.com\/en\/title\/centipede-eater\/#primaryimage","url":"https:\/\/www.artnivo.com\/wp-content\/uploads\/2024\/09\/Centipede-Eater.jpg","contentUrl":"https:\/\/www.artnivo.com\/wp-content\/uploads\/2024\/09\/Centipede-Eater.jpg","width":2000,"height":2000,"caption":"C_M_Kosemen"},{"@type":"BreadcrumbList","@id":"https:\/\/www.artnivo.com\/en\/title\/centipede-eater\/#breadcrumb","itemListElement":[{"@type":"ListItem","position":1,"name":"Anasayfa","item":"https:\/\/www.artnivo.com\/en\/"},{"@type":"ListItem","position":2,"name":"Shop","item":"http:\/\/www.artnivo.com\/en\/shop\/"},{"@type":"ListItem","position":3,"name":"Centipede Eater"}]},{"@type":"WebSite","@id":"https:\/\/www.artnivo.com\/#website","url":"https:\/\/www.artnivo.com\/","name":"artnivo","description":"","publisher":{"@id":"https:\/\/www.artnivo.com\/#organization"},"potentialAction":[{"@type":"SearchAction","target":{"@type":"EntryPoint","urlTemplate":"https:\/\/www.artnivo.com\/?s={search_term_string}"},"query-input":{"@type":"PropertyValueSpecification","valueRequired":true,"valueName":"search_term_string"}}],"inLanguage":"en-US"},{"@type":"Organization","@id":"https:\/\/www.artnivo.com\/#organization","name":"artnivo","url":"https:\/\/www.artnivo.com\/","logo":{"@type":"ImageObject","inLanguage":"en-US","@id":"https:\/\/www.artnivo.com\/#\/schema\/logo\/image\/","url":"http:\/\/www.artnivo.com\/wp-content\/uploads\/2021\/05\/artnivokare.jpg","contentUrl":"http:\/\/www.artnivo.com\/wp-content\/uploads\/2021\/05\/artnivokare.jpg","width":750,"height":750,"caption":"artnivo"},"image":{"@id":"https:\/\/www.artnivo.com\/#\/schema\/logo\/image\/"},"sameAs":["https:\/\/www.facebook.com\/artnivocom","https:\/\/x.com\/artnivocom","http:\/\/instagram.com\/artnivocom\/","https:\/\/www.pinterest.com\/artnivocom\/","https:\/\/www.youtube.com\/channel\/UC__bxk2hs4IZ4NiD1Bg4J9w"]}]}},"_links":{"self":[{"href":"https:\/\/www.artnivo.com\/en\/wp-json\/wp\/v2\/product\/21809","targetHints":{"allow":["GET"]}}],"collection":[{"href":"https:\/\/www.artnivo.com\/en\/wp-json\/wp\/v2\/product"}],"about":[{"href":"https:\/\/www.artnivo.com\/en\/wp-json\/wp\/v2\/types\/product"}],"wp:featuredmedia":[{"embeddable":true,"href":"https:\/\/www.artnivo.com\/en\/wp-json\/wp\/v2\/media\/21806"}],"wp:attachment":[{"href":"https:\/\/www.artnivo.com\/en\/wp-json\/wp\/v2\/media?parent=21809"}],"wp:term":[{"taxonomy":"brand","embeddable":true,"href":"https:\/\/www.artnivo.com\/en\/wp-json\/wp\/v2\/etheme_brands?post=21809"},{"taxonomy":"product_cat","embeddable":true,"href":"https:\/\/www.artnivo.com\/en\/wp-json\/wp\/v2\/product_cat?post=21809"},{"taxonomy":"product_tag","embeddable":true,"href":"https:\/\/www.artnivo.com\/en\/wp-json\/wp\/v2\/product_tag?post=21809"}],"curies":[{"name":"wp","href":"https:\/\/api.w.org\/{rel}","templated":true}]}}